{"id":988969,"date":"2023-03-24T13:09:46","date_gmt":"2023-03-24T13:09:46","guid":{"rendered":"https:\/\/kavakliderewineshop.ch\/?page_id=988969"},"modified":"2023-05-03T06:11:17","modified_gmt":"2023-05-03T06:11:17","slug":"yonetim-sistemleri","status":"publish","type":"page","link":"https:\/\/kavakliderewineshop.ch\/?page_id=988969","title":{"rendered":"Y\u00f6netim Sistemleri"},"content":{"rendered":"\t\t<div data-elementor-type=\"wp-page\" data-elementor-id=\"988969\" class=\"elementor elementor-988969\" data-elementor-post-type=\"page\">\n\t\t\t\t\t\t<section class=\"elementor-section elementor-top-section elementor-element elementor-element-3ed5c7b8 elementor-section-height-min-height elementor-section-content-bottom elementor-section-boxed elementor-section-height-default elementor-section-items-middle\" data-id=\"3ed5c7b8\" data-element_type=\"section\" data-settings=\"{&quot;background_background&quot;:&quot;classic&quot;}\">\n\t\t\t\t\t\t\t<div class=\"elementor-background-overlay\"><\/div>\n\t\t\t\t\t\t\t<div class=\"elementor-container elementor-column-gap-default\">\n\t\t\t\t\t<div class=\"elementor-column elementor-col-100 elementor-top-column elementor-element elementor-element-d2bf954 animated-slow elementor-invisible\" data-id=\"d2bf954\" data-element_type=\"column\" data-settings=\"{&quot;animation&quot;:&quot;fadeInUp&quot;}\">\n\t\t\t<div class=\"elementor-widget-wrap\">\n\t\t\t\t\t\t\t<\/div>\n\t\t<\/div>\n\t\t\t\t\t<\/div>\n\t\t<\/section>\n\t\t\t\t<section class=\"elementor-section elementor-top-section elementor-element elementor-element-a75c41c elementor-section-height-min-height animated-slow elementor-section-boxed elementor-section-height-default elementor-section-items-middle elementor-invisible\" data-id=\"a75c41c\" data-element_type=\"section\" data-settings=\"{&quot;animation&quot;:&quot;fadeIn&quot;,&quot;animation_delay&quot;:400}\">\n\t\t\t\t\t\t<div class=\"elementor-container elementor-column-gap-default\">\n\t\t\t\t\t<div class=\"elementor-column elementor-col-100 elementor-top-column elementor-element elementor-element-ab19bc3\" data-id=\"ab19bc3\" data-element_type=\"column\">\n\t\t\t<div class=\"elementor-widget-wrap elementor-element-populated\">\n\t\t\t\t\t\t<div class=\"elementor-element elementor-element-28e0964 elementor-absolute elementor-widget elementor-widget-image\" data-id=\"28e0964\" data-element_type=\"widget\" data-settings=\"{&quot;_position&quot;:&quot;absolute&quot;}\" data-widget_type=\"image.default\">\n\t\t\t\t<div class=\"elementor-widget-container\">\n\t\t\t\t\t\t\t\t\t\t\t\t\t\t\t<img fetchpriority=\"high\" decoding=\"async\" width=\"178\" height=\"281\" src=\"https:\/\/kavakliderewineshop.ch\/wp-content\/uploads\/2020\/03\/Vector.png\" class=\"attachment-large size-large wp-image-583\" alt=\"\" \/>\t\t\t\t\t\t\t\t\t\t\t\t\t\t\t<\/div>\n\t\t\t\t<\/div>\n\t\t\t\t<div class=\"elementor-element elementor-element-bd98227 elementor-widget elementor-widget-heading\" data-id=\"bd98227\" data-element_type=\"widget\" data-widget_type=\"heading.default\">\n\t\t\t\t<div class=\"elementor-widget-container\">\n\t\t\t\t\t<h2 class=\"elementor-heading-title elementor-size-default\">Y\u00f6netim Sistemleri<\/h2>\t\t\t\t<\/div>\n\t\t\t\t<\/div>\n\t\t\t\t<div class=\"elementor-element elementor-element-1769f70 elementor-widget elementor-widget-text-editor\" data-id=\"1769f70\" data-element_type=\"widget\" data-widget_type=\"text-editor.default\">\n\t\t\t\t<div class=\"elementor-widget-container\">\n\t\t\t\t\t\t\t\t\t<p style=\"text-align: left;\">Kavakl\u0131dere \u015earaplar\u0131 \u015eirketler Grubu olarak y\u00fcr\u00fctt\u00fc\u011f\u00fcm\u00fcz t\u00fcm faaliyetlerimizi ISO 9001 Kalite Y\u00f6netim Sistemi ve FSSC 22000 G\u0131da G\u00fcvenli\u011fi Y\u00f6netim Sistemi ile desteklemekteyiz.<\/p><p style=\"text-align: left;\">Olu\u015fturdu\u011fumuz bu entegre y\u00f6netim sistemi ile g\u00fcvenli g\u0131da \u00fcretti\u011fimizi ve \u00fcr\u00fcnlerimizin m\u00fc\u015fterilerimizin ihtiya\u00e7 ve beklentilerini tutarl\u0131 ve etkin bir \u015fekilde kar\u015f\u0131lad\u0131\u011f\u0131n\u0131 garanti alt\u0131na al\u0131yoruz. Yasal d\u00fczenlemelere uygun olarak y\u00fcr\u00fctt\u00fc\u011f\u00fcm\u00fcz s\u00fcre\u00e7lerimizi s\u00fcrekli iyile\u015ftiriyoruz.<\/p><p style=\"text-align: left;\">\u0130yi Tar\u0131m Uygulamalar\u0131 ile \u00e7evre, insan ve hayvan sa\u011fl\u0131\u011f\u0131na zarar vermeyen, do\u011fal kaynaklar\u0131 koruyan, izlenebilir ve s\u00fcrd\u00fcr\u00fclebilir bir tar\u0131msal \u00fcretim yap\u0131yoruz.<\/p><p style=\"text-align: left;\">Kurulu\u015fumuz b\u00fcnyesinde bulunan Tar\u0131m ve Orman Bakanl\u0131\u011f\u0131\u2019ndan yetkili Kavakl\u0131dere \u015earaplar\u0131 A.\u015e. Kalite \u00d6zel G\u0131da Kontrol Laboratuvar\u0131, \u015farap analizlerinde uluslararas\u0131 ge\u00e7erli y\u00f6ntemlerin uygulanmas\u0131 ve analiz hizmetlerinin g\u00fcvenilirli\u011finin sa\u011flanmas\u0131na y\u00f6nelik ISO\/IEC 17025 standard\u0131na g\u00f6re akredite edilmi\u015ftir. Sekt\u00f6re sa\u011flad\u0131\u011f\u0131 analiz hizmetinin yan\u0131nda Avrupa Birli\u011fi (AB) \u00fclkelerine yap\u0131lacak ihracat i\u00e7in zorunlu bir belge olan VI-1 belgesini d\u00fczenleme yetkisine sahip say\u0131l\u0131 laboratuvardan biridir.<\/p>\t\t\t\t\t\t\t\t<\/div>\n\t\t\t\t<\/div>\n\t\t\t\t\t<\/div>\n\t\t<\/div>\n\t\t\t\t\t<\/div>\n\t\t<\/section>\n\t\t\t\t<section class=\"elementor-section elementor-top-section elementor-element elementor-element-93987d9 elementor-section-height-min-height animated-slow elementor-section-boxed elementor-section-height-default elementor-section-items-middle elementor-invisible\" data-id=\"93987d9\" data-element_type=\"section\" data-settings=\"{&quot;animation&quot;:&quot;fadeIn&quot;,&quot;animation_delay&quot;:400}\">\n\t\t\t\t\t\t<div class=\"elementor-container elementor-column-gap-default\">\n\t\t\t\t\t<div class=\"elementor-column elementor-col-100 elementor-top-column elementor-element elementor-element-892fbaa\" data-id=\"892fbaa\" data-element_type=\"column\">\n\t\t\t<div class=\"elementor-widget-wrap elementor-element-populated\">\n\t\t\t\t\t\t<div class=\"elementor-element elementor-element-c118a3b elementor-absolute elementor-widget elementor-widget-image\" data-id=\"c118a3b\" data-element_type=\"widget\" data-settings=\"{&quot;_position&quot;:&quot;absolute&quot;}\" data-widget_type=\"image.default\">\n\t\t\t\t<div class=\"elementor-widget-container\">\n\t\t\t\t\t\t\t\t\t\t\t\t\t\t\t<img fetchpriority=\"high\" decoding=\"async\" width=\"178\" height=\"281\" src=\"https:\/\/kavakliderewineshop.ch\/wp-content\/uploads\/2020\/03\/Vector.png\" class=\"attachment-large size-large wp-image-583\" alt=\"\" \/>\t\t\t\t\t\t\t\t\t\t\t\t\t\t\t<\/div>\n\t\t\t\t<\/div>\n\t\t\t\t<div class=\"elementor-element elementor-element-a36e9bd elementor-widget elementor-widget-heading\" data-id=\"a36e9bd\" data-element_type=\"widget\" data-widget_type=\"heading.default\">\n\t\t\t\t<div class=\"elementor-widget-container\">\n\t\t\t\t\t<h2 class=\"elementor-heading-title elementor-size-default\">G\u0131da G\u00fcvenli\u011fi Politikam\u0131z<\/h2>\t\t\t\t<\/div>\n\t\t\t\t<\/div>\n\t\t\t\t<div class=\"elementor-element elementor-element-ae52499 elementor-widget elementor-widget-text-editor\" data-id=\"ae52499\" data-element_type=\"widget\" data-widget_type=\"text-editor.default\">\n\t\t\t\t<div class=\"elementor-widget-container\">\n\t\t\t\t\t\t\t\t\t<p style=\"text-align: left;\">T\u00fcrkiye\u2019 nin ilk ve en b\u00fcy\u00fck \u00f6zel sekt\u00f6r \u015farap \u00fcreticisi olarak \u00fcr\u00fcn geli\u015ftirme s\u00fcrecimizin t\u00fcm a\u015famalar\u0131nda etkin bir g\u0131da g\u00fcvenli\u011fi y\u00f6netimi ve t\u00fcketicilerimize \u201c<strong>en \u00fcst kalitede ve g\u00fcvenilir g\u0131da\u201d <\/strong>sunmay\u0131 taahh\u00fct ederiz.<\/p><p style=\"text-align: left;\">Tedarik zincirimizin ba\u015flang\u0131\u00e7 noktas\u0131 olan ba\u011flardan, t\u00fcketicilerimizin kadehlerine ula\u015f\u0131ncaya kadar katetti\u011fimiz t\u00fcm basamaklarda g\u0131da g\u00fcvenli\u011fini izler ve denetleriz. Gerekli hijyenik ortam\u0131 sa\u011flayarak uygun bir \u00fcretim yapmak, son \u00fcr\u00fcn\u00fcn g\u00fcvenli bir \u015fekilde haz\u0131rlanmas\u0131n\u0131 sa\u011flamak ve insan t\u00fcketimine uygun g\u00fcvenli g\u0131dalar sunmak i\u00e7im gereken iyi \u00fcretim ve iyi hijyen programlar\u0131 uygular\u0131z. G\u0131da g\u00fcvenli\u011fi tehlikelerini \u00f6nlemek i\u00e7in etkin kontroller yapar\u0131z.<\/p><p style=\"text-align: left;\">Yasal mevzuat \u015fartlar\u0131na uygun, s\u00fcrekli geli\u015fen ve iyile\u015fen i\u015f anlay\u0131\u015f\u0131m\u0131z ile sekt\u00f6rdeki \u00f6nc\u00fcl\u00fc\u011f\u00fcm\u00fcz\u00fc, rakiplerimize \u00f6rnek olacak \u015fekilde devam ettirebilmek en b\u00fcy\u00fck motivasyonumuzdur.<\/p><p style=\"text-align: left;\">G\u0131da g\u00fcvenli\u011finin ayr\u0131lmaz bir par\u00e7as\u0131 olarak, tedarik zincirindeki t\u00fcm tedarik\u00e7ilerimiz, m\u00fc\u015fterilerimiz ve ilgili di\u011fer taraflar ile g\u0131da g\u00fcvenli\u011fi konular\u0131nda etkin ve s\u00fcrd\u00fcr\u00fclebilir bir ileti\u015fim kurar\u0131z.<\/p><p style=\"text-align: left;\"><strong>\u201cKalite ve g\u0131da g\u00fcvenli\u011finde s\u00fcreklilik ve etkinlik t\u00fcm \u00e7al\u0131\u015fanlar\u0131n kat\u0131l\u0131m\u0131 ile m\u00fcmk\u00fcnd\u00fcr\u201d <\/strong>ilkesinden yola \u00e7\u0131karak, d\u00fczenledi\u011fimiz s\u00fcrekli e\u011fitimler ile kurulu\u015fumuzun t\u00fcm kademelerinde yapt\u0131klar\u0131 i\u015fi sahiplenen, \u00fcst seviyede kalite ve g\u0131da g\u00fcvenli\u011fi bilincine sahip \u00e7al\u0131\u015fanlar ile g\u00fcc\u00fcm\u00fcz\u00fc peki\u015ftiririz.<\/p>\t\t\t\t\t\t\t\t<\/div>\n\t\t\t\t<\/div>\n\t\t\t\t\t<\/div>\n\t\t<\/div>\n\t\t\t\t\t<\/div>\n\t\t<\/section>\n\t\t\t\t<section class=\"elementor-section elementor-top-section elementor-element elementor-element-b37f6b2 elementor-section-height-min-height animated-slow elementor-section-boxed elementor-section-height-default elementor-section-items-middle elementor-invisible\" data-id=\"b37f6b2\" data-element_type=\"section\" data-settings=\"{&quot;animation&quot;:&quot;fadeIn&quot;,&quot;animation_delay&quot;:400}\">\n\t\t\t\t\t\t<div class=\"elementor-container elementor-column-gap-default\">\n\t\t\t\t\t<div class=\"elementor-column elementor-col-100 elementor-top-column elementor-element elementor-element-21c1a43\" data-id=\"21c1a43\" data-element_type=\"column\">\n\t\t\t<div class=\"elementor-widget-wrap elementor-element-populated\">\n\t\t\t\t\t\t<div class=\"elementor-element elementor-element-6e5783f elementor-absolute elementor-widget elementor-widget-image\" data-id=\"6e5783f\" data-element_type=\"widget\" data-settings=\"{&quot;_position&quot;:&quot;absolute&quot;}\" data-widget_type=\"image.default\">\n\t\t\t\t<div class=\"elementor-widget-container\">\n\t\t\t\t\t\t\t\t\t\t\t\t\t\t\t<img fetchpriority=\"high\" decoding=\"async\" width=\"178\" height=\"281\" src=\"https:\/\/kavakliderewineshop.ch\/wp-content\/uploads\/2020\/03\/Vector.png\" class=\"attachment-large size-large wp-image-583\" alt=\"\" \/>\t\t\t\t\t\t\t\t\t\t\t\t\t\t\t<\/div>\n\t\t\t\t<\/div>\n\t\t\t\t<div class=\"elementor-element elementor-element-e2a0655 elementor-widget elementor-widget-heading\" data-id=\"e2a0655\" data-element_type=\"widget\" data-widget_type=\"heading.default\">\n\t\t\t\t<div class=\"elementor-widget-container\">\n\t\t\t\t\t<h2 class=\"elementor-heading-title elementor-size-default\">Laboratuvar Politikam\u0131z<\/h2>\t\t\t\t<\/div>\n\t\t\t\t<\/div>\n\t\t\t\t<div class=\"elementor-element elementor-element-c9b4b48 elementor-widget elementor-widget-text-editor\" data-id=\"c9b4b48\" data-element_type=\"widget\" data-widget_type=\"text-editor.default\">\n\t\t\t\t<div class=\"elementor-widget-container\">\n\t\t\t\t\t\t\t\t\t<p style=\"text-align: left;\">Kavakl\u0131dere \u015earaplar\u0131 A.\u015e. Kalite \u00d6zel G\u0131da Kontrol Laboratuvar\u0131 olarak politikam\u0131z analiz hizmetlerini, iyi mesleki ve teknik uygulamalar g\u00f6stererek, analiz metodunun \u00f6ng\u00f6rd\u00fc\u011f\u00fc gereklilikleri yerine getirerek, e\u011fitimlerle uzmanl\u0131klar\u0131 geli\u015ftirilen personelimizle tam zaman\u0131nda, hatas\u0131z ve g\u00fcvenilir olarak sunmakt\u0131r.<\/p><p style=\"text-align: left;\">Analiz hizmetlerinde ulusal ve\/veya uluslararas\u0131 standart analiz metotlar\u0131 kullan\u0131lmakta olup, analiz metotlar\u0131nda de\u011fi\u015fiklikler yap\u0131lmas\u0131 durumunda ge\u00e7erli k\u0131lma \u00e7al\u0131\u015fmalar\u0131 yap\u0131lmaktad\u0131r.<\/p><p style=\"text-align: left;\">Bu ama\u00e7la, laboratuvarda TS EN ISO\/IEC 17025&#8217;e uygun bir kalite y\u00f6netim sistemi olu\u015fturulmu\u015f olup, standard\u0131n \u00f6ng\u00f6rd\u00fc\u011f\u00fc dok\u00fcmanlar yay\u0131nlanarak uygulamaya konulmu\u015ftur. T\u00fcm laboratuvar personelinin bu dok\u00fcmanlar\u0131 \u00f6\u011frenmeleri ve analiz \u00e7al\u0131\u015fmalar\u0131n\u0131 bu dok\u00fcmanlarda yaz\u0131l\u0131 politika, usul ve esaslara g\u00f6re y\u00fcr\u00fctmeleri zorunludur.<\/p><p style=\"text-align: left;\">Laboratuvar\u0131m\u0131z\u0131n hedefi, m\u00fc\u015fterilerle yap\u0131lan i\u015f birli\u011finin de yard\u0131m\u0131yla, m\u00fc\u015fteri \u015fikayetlerinin \u00f6nlenmesi, m\u00fc\u015fteri beklentilerinin kar\u015f\u0131lanmas\u0131 dolay\u0131s\u0131 ile m\u00fc\u015fteri memnuniyetinin art\u0131r\u0131lmas\u0131 konusunda gerekli t\u00fcm \u00e7al\u0131\u015fmalar\u0131 yapmakt\u0131r. Tarafs\u0131zl\u0131k, ba\u011f\u0131ms\u0131zl\u0131k, d\u00fcr\u00fcstl\u00fck, gizlilik, g\u00fcvenilirlik ve kalite laboratuvar\u0131m\u0131z\u0131n temel ilkeleridir.<\/p><p style=\"text-align: left;\">Kavakl\u0131dere \u015earaplar\u0131 A.\u015e. Kalite \u00d6zel G\u0131da Kontrol Laboratuvar\u0131 \u00fcst y\u00f6netimi olarak, kalite y\u00f6netim sistemini t\u00fcm personelin katk\u0131s\u0131yla TS EN ISO\/IEC 17025 standard\u0131, m\u00fc\u015fteri \u015fartlar\u0131, yasal \u015fartlar ve T\u00dcRKAK rehberlerine uygun olarak etkin bir \u015fekilde uygulayaca\u011f\u0131m\u0131z\u0131 ve s\u00fcrekli iyile\u015ftirece\u011fimizi taahh\u00fct ederiz.<\/p>\t\t\t\t\t\t\t\t<\/div>\n\t\t\t\t<\/div>\n\t\t\t\t\t<\/div>\n\t\t<\/div>\n\t\t\t\t\t<\/div>\n\t\t<\/section>\n\t\t\t\t<section class=\"elementor-section elementor-top-section elementor-element elementor-element-1ca56ea elementor-section-height-min-height animated-slow elementor-section-boxed elementor-section-height-default elementor-section-items-middle elementor-invisible\" data-id=\"1ca56ea\" data-element_type=\"section\" data-settings=\"{&quot;animation&quot;:&quot;fadeIn&quot;,&quot;animation_delay&quot;:400}\">\n\t\t\t\t\t\t<div class=\"elementor-container elementor-column-gap-default\">\n\t\t\t\t\t<div class=\"elementor-column elementor-col-100 elementor-top-column elementor-element elementor-element-66b8fcb\" data-id=\"66b8fcb\" data-element_type=\"column\">\n\t\t\t<div class=\"elementor-widget-wrap elementor-element-populated\">\n\t\t\t\t\t\t<div class=\"elementor-element elementor-element-29789ea elementor-absolute elementor-widget elementor-widget-image\" data-id=\"29789ea\" data-element_type=\"widget\" data-settings=\"{&quot;_position&quot;:&quot;absolute&quot;}\" data-widget_type=\"image.default\">\n\t\t\t\t<div class=\"elementor-widget-container\">\n\t\t\t\t\t\t\t\t\t\t\t\t\t\t\t<img fetchpriority=\"high\" decoding=\"async\" width=\"178\" height=\"281\" src=\"https:\/\/kavakliderewineshop.ch\/wp-content\/uploads\/2020\/03\/Vector.png\" class=\"attachment-large size-large wp-image-583\" alt=\"\" \/>\t\t\t\t\t\t\t\t\t\t\t\t\t\t\t<\/div>\n\t\t\t\t<\/div>\n\t\t\t\t<div class=\"elementor-element elementor-element-9d9c6da elementor-widget elementor-widget-heading\" data-id=\"9d9c6da\" data-element_type=\"widget\" data-widget_type=\"heading.default\">\n\t\t\t\t<div class=\"elementor-widget-container\">\n\t\t\t\t\t<h2 class=\"elementor-heading-title elementor-size-default\">Sertifikalar\u0131m\u0131z<\/h2>\t\t\t\t<\/div>\n\t\t\t\t<\/div>\n\t\t\t\t<div class=\"elementor-element elementor-element-d610e8c elementor-widget elementor-widget-text-editor\" data-id=\"d610e8c\" data-element_type=\"widget\" data-widget_type=\"text-editor.default\">\n\t\t\t\t<div class=\"elementor-widget-container\">\n\t\t\t\t\t\t\t\t\t<ul><li>ISO 9001 Kalite Y\u00f6netim Sistemi (2008)<\/li><li>\u0130yi Tar\u0131m Uygulamalar\u0131 (2011)<\/li><li>ISO\/IEC 17025 Deney ve Kalibrasyon Laboratuvarlar\u0131n\u0131n Yetkinli\u011fi i\u00e7in Genel Gereklilikler (2016)<\/li><li>FSSC 22000 G\u0131da G\u00fcvenli\u011fi Y\u00f6netim Sistemi \u2013 Ankara \u00fcretim tesisi (2018)<\/li><li>FSSC 22000 G\u0131da G\u00fcvenli\u011fi Y\u00f6netim Sistemi &#8211; C\u00f4tes d\u2019Avanos \u00fcretim tesisi (2022)<\/li><\/ul>\t\t\t\t\t\t\t\t<\/div>\n\t\t\t\t<\/div>\n\t\t\t\t\t<\/div>\n\t\t<\/div>\n\t\t\t\t\t<\/div>\n\t\t<\/section>\n\t\t\t\t<\/div>\n\t\t","protected":false},"excerpt":{"rendered":"<p>Y\u00f6netim Sistemleri Kavakl\u0131dere \u015earaplar\u0131 \u015eirketler Grubu olarak y\u00fcr\u00fctt\u00fc\u011f\u00fcm\u00fcz t\u00fcm faaliyetlerimizi ISO 9001 Kalite Y\u00f6netim Sistemi ve FSSC 22000 G\u0131da G\u00fcvenli\u011fi Y\u00f6netim Sistemi ile desteklemekteyiz. Olu\u015fturdu\u011fumuz bu entegre y\u00f6netim sistemi ile g\u00fcvenli g\u0131da \u00fcretti\u011fimizi ve \u00fcr\u00fcnlerimizin m\u00fc\u015fterilerimizin ihtiya\u00e7 ve beklentilerini tutarl\u0131 ve etkin bir \u015fekilde kar\u015f\u0131lad\u0131\u011f\u0131n\u0131 garanti alt\u0131na al\u0131yoruz. Yasal d\u00fczenlemelere uygun olarak y\u00fcr\u00fctt\u00fc\u011f\u00fcm\u00fcz s\u00fcre\u00e7lerimizi s\u00fcrekli&#8230;<\/p>\n","protected":false},"author":1,"featured_media":0,"parent":0,"menu_order":0,"comment_status":"closed","ping_status":"closed","template":"","meta":{"inline_featured_image":false,"footnotes":""},"class_list":["post-988969","page","type-page","status-publish","hentry"],"_links":{"self":[{"href":"https:\/\/kavakliderewineshop.ch\/index.php?rest_route=\/wp\/v2\/pages\/988969","targetHints":{"allow":["GET"]}}],"collection":[{"href":"https:\/\/kavakliderewineshop.ch\/index.php?rest_route=\/wp\/v2\/pages"}],"about":[{"href":"https:\/\/kavakliderewineshop.ch\/index.php?rest_route=\/wp\/v2\/types\/page"}],"author":[{"embeddable":true,"href":"https:\/\/kavakliderewineshop.ch\/index.php?rest_route=\/wp\/v2\/users\/1"}],"replies":[{"embeddable":true,"href":"https:\/\/kavakliderewineshop.ch\/index.php?rest_route=%2Fwp%2Fv2%2Fcomments&post=988969"}],"version-history":[{"count":16,"href":"https:\/\/kavakliderewineshop.ch\/index.php?rest_route=\/wp\/v2\/pages\/988969\/revisions"}],"predecessor-version":[{"id":990672,"href":"https:\/\/kavakliderewineshop.ch\/index.php?rest_route=\/wp\/v2\/pages\/988969\/revisions\/990672"}],"wp:attachment":[{"href":"https:\/\/kavakliderewineshop.ch\/index.php?rest_route=%2Fwp%2Fv2%2Fmedia&parent=988969"}],"curies":[{"name":"wp","href":"https:\/\/api.w.org\/{rel}","templated":true}]}}