{"id":988976,"date":"2023-03-24T13:14:38","date_gmt":"2023-03-24T13:14:38","guid":{"rendered":"https:\/\/kavakliderewineshop.ch\/?page_id=988976"},"modified":"2023-12-15T11:42:50","modified_gmt":"2023-12-15T11:42:50","slug":"cevre-ve-surdurulebilirlik","status":"publish","type":"page","link":"https:\/\/kavakliderewineshop.ch\/?page_id=988976","title":{"rendered":"\u00c7evre ve S\u00fcrd\u00fcr\u00fclebilirlik"},"content":{"rendered":"\t\t<div data-elementor-type=\"wp-page\" data-elementor-id=\"988976\" class=\"elementor elementor-988976\" data-elementor-post-type=\"page\">\n\t\t\t\t\t\t<section class=\"elementor-section elementor-top-section elementor-element elementor-element-3ed5c7b8 elementor-section-height-min-height elementor-section-content-bottom elementor-section-boxed elementor-section-height-default elementor-section-items-middle\" data-id=\"3ed5c7b8\" data-element_type=\"section\" data-settings=\"{&quot;background_background&quot;:&quot;classic&quot;}\">\n\t\t\t\t\t\t\t<div class=\"elementor-background-overlay\"><\/div>\n\t\t\t\t\t\t\t<div class=\"elementor-container elementor-column-gap-default\">\n\t\t\t\t\t<div class=\"elementor-column elementor-col-100 elementor-top-column elementor-element elementor-element-d2bf954 animated-slow elementor-invisible\" data-id=\"d2bf954\" data-element_type=\"column\" data-settings=\"{&quot;animation&quot;:&quot;fadeInUp&quot;}\">\n\t\t\t<div class=\"elementor-widget-wrap\">\n\t\t\t\t\t\t\t<\/div>\n\t\t<\/div>\n\t\t\t\t\t<\/div>\n\t\t<\/section>\n\t\t\t\t<section class=\"elementor-section elementor-top-section elementor-element elementor-element-a75c41c elementor-section-height-min-height animated-slow elementor-section-boxed elementor-section-height-default elementor-section-items-middle elementor-invisible\" data-id=\"a75c41c\" data-element_type=\"section\" data-settings=\"{&quot;animation&quot;:&quot;fadeIn&quot;,&quot;animation_delay&quot;:400}\">\n\t\t\t\t\t\t<div class=\"elementor-container elementor-column-gap-default\">\n\t\t\t\t\t<div class=\"elementor-column elementor-col-100 elementor-top-column elementor-element elementor-element-ab19bc3\" data-id=\"ab19bc3\" data-element_type=\"column\">\n\t\t\t<div class=\"elementor-widget-wrap elementor-element-populated\">\n\t\t\t\t\t\t<div class=\"elementor-element elementor-element-28e0964 elementor-absolute elementor-widget elementor-widget-image\" data-id=\"28e0964\" data-element_type=\"widget\" data-settings=\"{&quot;_position&quot;:&quot;absolute&quot;}\" data-widget_type=\"image.default\">\n\t\t\t\t<div class=\"elementor-widget-container\">\n\t\t\t\t\t\t\t\t\t\t\t\t\t\t\t<img fetchpriority=\"high\" decoding=\"async\" width=\"178\" height=\"281\" src=\"https:\/\/kavakliderewineshop.ch\/wp-content\/uploads\/2020\/03\/Vector.png\" class=\"attachment-large size-large wp-image-583\" alt=\"\" \/>\t\t\t\t\t\t\t\t\t\t\t\t\t\t\t<\/div>\n\t\t\t\t<\/div>\n\t\t\t\t<div class=\"elementor-element elementor-element-bd98227 elementor-widget elementor-widget-heading\" data-id=\"bd98227\" data-element_type=\"widget\" data-widget_type=\"heading.default\">\n\t\t\t\t<div class=\"elementor-widget-container\">\n\t\t\t\t\t<h2 class=\"elementor-heading-title elementor-size-default\">1 - \u0130yi Tar\u0131m Uygulamalar<\/h2>\t\t\t\t<\/div>\n\t\t\t\t<\/div>\n\t\t\t\t<div class=\"elementor-element elementor-element-1769f70 elementor-widget elementor-widget-text-editor\" data-id=\"1769f70\" data-element_type=\"widget\" data-widget_type=\"text-editor.default\">\n\t\t\t\t<div class=\"elementor-widget-container\">\n\t\t\t\t\t\t\t\t\t<p style=\"text-align: left;\">Kavakl\u0131dere \u015earaplar\u0131 olarak yapt\u0131\u011f\u0131m\u0131z i\u015fin en temelinde do\u011fa oldu\u011funun bilinci ile hareket ediyor ve t\u00fcm \u00e7al\u0131\u015fmalar\u0131m\u0131z\u0131 do\u011fa ile bar\u0131\u015f\u0131k, onu koruyacak ve s\u00fcreklili\u011fini sa\u011flayacak \u015fekilde kurguluyoruz.<\/p><p style=\"text-align: left;\">\u00d6nceli\u011fimiz t\u00fcm ba\u011f alanlar\u0131m\u0131zda \u201c\u0130yi tar\u0131m uygulamalar\u0131\u201d prensibini benimseyerek ilerlemek. Kavakl\u0131dere \u015earaplar\u0131 olarak, asl\u0131nda 1989 sonunda Kapadokya Ba\u011flar\u0131n\u0131n, bug\u00fcn ki ad\u0131 ile C\u00f4tes d\u2019Avanos Ba\u011flar\u0131n\u0131n kurulmaya ba\u015fland\u0131\u011f\u0131 tarihten beri t\u00fcm ba\u011f yat\u0131r\u0131mlar\u0131m\u0131zda \u201c\u0130yi Tar\u0131m Uyugulmalar\u0131\u201dn\u0131 devam ettiriyoruz. Ancak sertifikasyon i\u015flemi \u00fclkemizde 2009 y\u0131l\u0131ndan beri yap\u0131l\u0131yor. Bu sebeple biz de sertifikal\u0131 olarak 2009 y\u0131l\u0131ndan beri bu \u015fekilde ve sertifikal\u0131 olarak\u00a0\u00a0 tar\u0131m yapmaya devam ediyoruz.<\/p><p style=\"text-align: left;\">Kavakl\u0131dere \u015earaplar\u0131 olarak; organik tar\u0131m i\u00e7in uygun olan; Kapadokya, K\u0131r\u015fehir, Ankara gibi kendi ba\u011f alanlar\u0131m\u0131zda %95 oran\u0131nda organik tar\u0131m yap\u0131yoruz, bakanl\u0131k\u00e7a organik tar\u0131m i\u00e7in verilen preparatlar\u0131 kullan\u0131yoruz. Ancak firmay\u0131 bir b\u00fct\u00fcn olarak d\u00fc\u015f\u00fcnd\u00fc\u011f\u00fcm\u00fcz i\u00e7in bunu beyan eden bir sertifika alm\u0131yoruz. Organik olmad\u0131\u011f\u0131m\u0131z noktada ise iyi tar\u0131m uygulamalar\u0131 ile yine \u00e7evre ile bar\u0131\u015f\u0131k, son kullan\u0131c\u0131y\u0131 d\u00fc\u015f\u00fcnen ve s\u00fcrd\u00fcr\u00fclebilirlik felsefesini benimseyen \u015fartlarda tar\u0131m ger\u00e7ekle\u015ftiriyoruz.<\/p><p style=\"text-align: left;\">\u0130yi tar\u0131m uygulamalar\u0131; ba\u011fdan \u00fcretimin tamamlanmas\u0131na kadar her a\u015famay\u0131 kontrol ve kay\u0131t alt\u0131na almay\u0131 esas al\u0131r. Ba\u011fda ger\u00e7ekle\u015fen; budama, sulama, ila\u00e7lama, g\u00fcbreleme, toprak i\u015fleme, hasat gibi her i\u015flem tek tek kay\u0131t alt\u0131na al\u0131n\u0131r bu sayede \u00fcr\u00fcn izlenilebilirli\u011fi de sa\u011flan\u0131r.<\/p><p style=\"text-align: left;\">T\u00fcm bu faydalar\u0131n\u0131n yan\u0131 s\u0131ra, i\u015fletmedeki \u00e7al\u0131\u015fanlar i\u00e7in de daha g\u00fcvenli bir \u00e7al\u0131\u015fma alan\u0131 sunar, altyap\u0131 \u00e7al\u0131\u015fmalar\u0131n\u0131n yap\u0131lmas\u0131n\u0131 sa\u011flar.<\/p><p style=\"text-align: left;\">Nihai t\u00fcketiciye ula\u015facak \u00fcr\u00fcnlerin yeti\u015fti\u011fi toprakta en \u00fcst d\u00fczeyde \u00f6nlemlerin al\u0131nmas\u0131 ve \u00f6zen g\u00f6sterilmesi sa\u011flan\u0131r. Bu sayede ayn\u0131 ortamdaki do\u011fal ya\u015fam\u0131, \u00e7evreyi, su kaynaklar\u0131n\u0131 da korur ve korunmas\u0131 i\u00e7in de gerekli \u00f6nlemlerin al\u0131nmas\u0131na te\u015fvik eder. B\u00f6ylece hem sa\u011fl\u0131kl\u0131 \u00fcr\u00fcn yeti\u015ftiren hem de \u00e7evreyi koruyan bir sonu\u00e7 elde edilir.<\/p>\t\t\t\t\t\t\t\t<\/div>\n\t\t\t\t<\/div>\n\t\t\t\t\t<\/div>\n\t\t<\/div>\n\t\t\t\t\t<\/div>\n\t\t<\/section>\n\t\t\t\t<section class=\"elementor-section elementor-top-section elementor-element elementor-element-93987d9 elementor-section-height-min-height animated-slow elementor-section-boxed elementor-section-height-default elementor-section-items-middle elementor-invisible\" data-id=\"93987d9\" data-element_type=\"section\" data-settings=\"{&quot;animation&quot;:&quot;fadeIn&quot;,&quot;animation_delay&quot;:400}\">\n\t\t\t\t\t\t<div class=\"elementor-container elementor-column-gap-default\">\n\t\t\t\t\t<div class=\"elementor-column elementor-col-100 elementor-top-column elementor-element elementor-element-892fbaa\" data-id=\"892fbaa\" data-element_type=\"column\">\n\t\t\t<div class=\"elementor-widget-wrap elementor-element-populated\">\n\t\t\t\t\t\t<div class=\"elementor-element elementor-element-c118a3b elementor-absolute elementor-widget elementor-widget-image\" data-id=\"c118a3b\" data-element_type=\"widget\" data-settings=\"{&quot;_position&quot;:&quot;absolute&quot;}\" data-widget_type=\"image.default\">\n\t\t\t\t<div class=\"elementor-widget-container\">\n\t\t\t\t\t\t\t\t\t\t\t\t\t\t\t<img fetchpriority=\"high\" decoding=\"async\" width=\"178\" height=\"281\" src=\"https:\/\/kavakliderewineshop.ch\/wp-content\/uploads\/2020\/03\/Vector.png\" class=\"attachment-large size-large wp-image-583\" alt=\"\" \/>\t\t\t\t\t\t\t\t\t\t\t\t\t\t\t<\/div>\n\t\t\t\t<\/div>\n\t\t\t\t<div class=\"elementor-element elementor-element-a36e9bd elementor-widget elementor-widget-heading\" data-id=\"a36e9bd\" data-element_type=\"widget\" data-widget_type=\"heading.default\">\n\t\t\t\t<div class=\"elementor-widget-container\">\n\t\t\t\t\t<h2 class=\"elementor-heading-title elementor-size-default\">2 - GES (G\u00fcne\u015f Enerjisi Sistemi) Projesi <\/h2>\t\t\t\t<\/div>\n\t\t\t\t<\/div>\n\t\t\t\t<div class=\"elementor-element elementor-element-ae52499 elementor-widget elementor-widget-text-editor\" data-id=\"ae52499\" data-element_type=\"widget\" data-widget_type=\"text-editor.default\">\n\t\t\t\t<div class=\"elementor-widget-container\">\n\t\t\t\t\t\t\t\t\t<p style=\"text-align: left;\">Kavakl\u0131dere \u015earaplar\u0131 olarak 2022 y\u0131l\u0131 itibari ile t\u00fcm \u00fcretim tesislerimizde GES Projesi ba\u015flatt\u0131k.<\/p><p style=\"text-align: left;\">D\u00fcnya \u00e7ap\u0131nda yenilenebilir ve s\u00fcrd\u00fcr\u00fclebilir enerji kaynaklar\u0131na ge\u00e7i\u015f yap\u0131lmas\u0131, bozulan k\u00fcresel enerji dengesini iyile\u015ftirmede ve buna ba\u011fl\u0131 olarak da olu\u015fan k\u00fcresel iklim de\u011fi\u015fikli\u011finin olumsuz\u00a0etkisini azaltmada en \u00f6nemli ad\u0131md\u0131r.<\/p><p style=\"text-align: left;\">Kavakl\u0131dere \u015earaplar\u0131 olarak biz de y\u00fcr\u00fctt\u00fc\u011f\u00fcm\u00fcz projelerimizle t\u00fcm kavlar\u0131m\u0131zda ve Kemerburgaz ofisimizde yenilenebilir enerji kaynaklar\u0131n\u0131n ba\u015f\u0131nda gelen g\u00fcne\u015f enerjisini kullan\u0131yor ve do\u011fayla olan ba\u011f\u0131m\u0131z\u0131 daha da sa\u011flamla\u015ft\u0131r\u0131yoruz.\u00a0<\/p>\t\t\t\t\t\t\t\t<\/div>\n\t\t\t\t<\/div>\n\t\t\t\t\t<\/div>\n\t\t<\/div>\n\t\t\t\t\t<\/div>\n\t\t<\/section>\n\t\t\t\t<section class=\"elementor-section elementor-top-section elementor-element elementor-element-b37f6b2 elementor-section-height-min-height animated-slow elementor-section-boxed elementor-section-height-default elementor-section-items-middle elementor-invisible\" data-id=\"b37f6b2\" data-element_type=\"section\" data-settings=\"{&quot;animation&quot;:&quot;fadeIn&quot;,&quot;animation_delay&quot;:400}\">\n\t\t\t\t\t\t<div class=\"elementor-container elementor-column-gap-default\">\n\t\t\t\t\t<div class=\"elementor-column elementor-col-100 elementor-top-column elementor-element elementor-element-21c1a43\" data-id=\"21c1a43\" data-element_type=\"column\">\n\t\t\t<div class=\"elementor-widget-wrap elementor-element-populated\">\n\t\t\t\t\t\t<div class=\"elementor-element elementor-element-6e5783f elementor-absolute elementor-widget elementor-widget-image\" data-id=\"6e5783f\" data-element_type=\"widget\" data-settings=\"{&quot;_position&quot;:&quot;absolute&quot;}\" data-widget_type=\"image.default\">\n\t\t\t\t<div class=\"elementor-widget-container\">\n\t\t\t\t\t\t\t\t\t\t\t\t\t\t\t<img fetchpriority=\"high\" decoding=\"async\" width=\"178\" height=\"281\" src=\"https:\/\/kavakliderewineshop.ch\/wp-content\/uploads\/2020\/03\/Vector.png\" class=\"attachment-large size-large wp-image-583\" alt=\"\" \/>\t\t\t\t\t\t\t\t\t\t\t\t\t\t\t<\/div>\n\t\t\t\t<\/div>\n\t\t\t\t<div class=\"elementor-element elementor-element-e2a0655 elementor-widget elementor-widget-heading\" data-id=\"e2a0655\" data-element_type=\"widget\" data-widget_type=\"heading.default\">\n\t\t\t\t<div class=\"elementor-widget-container\">\n\t\t\t\t\t<h2 class=\"elementor-heading-title elementor-size-default\">3 - '' S\u0131f\u0131r'' At\u0131k \u00c7al\u0131\u015fmalar\u0131m\u0131z<\/h2>\t\t\t\t<\/div>\n\t\t\t\t<\/div>\n\t\t\t\t<div class=\"elementor-element elementor-element-bb2ee25 elementor-widget elementor-widget-text-editor\" data-id=\"bb2ee25\" data-element_type=\"widget\" data-widget_type=\"text-editor.default\">\n\t\t\t\t<div class=\"elementor-widget-container\">\n\t\t\t\t\t\t\t\t\t<p style=\"text-align: left;\">Kavakl\u0131dere \u015faraplar\u0131 olarak \u00c7EVKO vakf\u0131 \u00fcyelimiz bulunmakta. \u00c7EVKO; T\u00fcrkiye&#8217;de ambalaj at\u0131klar\u0131n\u0131n ekonomik ve d\u00fczenli geri kazan\u0131m\u0131 i\u00e7in sanayi, yerel y\u00f6netim ve t\u00fcketicilerin katk\u0131 ve kat\u0131l\u0131mlar\u0131 ile s\u00fcrd\u00fcr\u00fclebilir bir geri kazan\u0131m sisteminin kurulmas\u0131na katk\u0131da bulunmak amac\u0131yla\u00a0kurulmu\u015f, k\u00e2r amac\u0131 g\u00fctmeyen bir vak\u0131ft\u0131r.\u00a0<\/p>\t\t\t\t\t\t\t\t<\/div>\n\t\t\t\t<\/div>\n\t\t\t\t<div class=\"elementor-element elementor-element-a54a5ea elementor-widget elementor-widget-image\" data-id=\"a54a5ea\" data-element_type=\"widget\" data-widget_type=\"image.default\">\n\t\t\t\t<div class=\"elementor-widget-container\">\n\t\t\t\t\t\t\t\t\t\t\t\t\t\t\t<img decoding=\"async\" width=\"159\" height=\"124\" src=\"https:\/\/kavakliderewineshop.ch\/wp-content\/uploads\/2023\/03\/cop.png\" class=\"attachment-large size-large wp-image-989560\" alt=\"\" \/>\t\t\t\t\t\t\t\t\t\t\t\t\t\t\t<\/div>\n\t\t\t\t<\/div>\n\t\t\t\t<div class=\"elementor-element elementor-element-bf63afc elementor-widget elementor-widget-text-editor\" data-id=\"bf63afc\" data-element_type=\"widget\" data-widget_type=\"text-editor.default\">\n\t\t\t\t<div class=\"elementor-widget-container\">\n\t\t\t\t\t\t\t\t\t<p style=\"text-align: left;\">Fabrikalar\u0131m\u0131z ve idari ofislerimizden \u00e7\u0131kan at\u0131klar\u0131n geri kazan\u0131m s\u00fcrecine dahil edilmesi i\u00e7in, at\u0131klar\u0131 s\u0131n\u0131fland\u0131rarak kayna\u011f\u0131nda ayr\u0131 ayr\u0131 topluyoruz.<\/p><p style=\"text-align: left;\">Bu kapsamda t\u00fcm fabrika genelinde kumbaralar\u0131m\u0131z mevcut. Organik, geri d\u00f6n\u00fc\u015ft\u00fcr\u00fclen ve geri d\u00f6n\u00fc\u015ft\u00fcr\u00fclemeyen at\u0131klar olarak 3 farkl\u0131 kumbarada at\u0131klar biriktiriliyor ve ayr\u0131 ayr\u0131 ara depolama yap\u0131larak at\u0131k bertaraf tesislerine g\u00f6nderiliyor. Bu sayede t\u00fcm at\u0131klar\u0131n geri kazan\u0131mlar\u0131 m\u00fcmk\u00fcn oluyor. B\u00f6ylece verimlili\u011fin artmas\u0131, olu\u015fan at\u0131k miktar\u0131n\u0131n azalt\u0131lmas\u0131, israf\u0131n \u00f6n\u00fcme ge\u00e7ilmesi, \u00e7evresel risklerin azalt\u0131lmas\u0131 ve duyarl\u0131 \u00e7al\u0131\u015fanlar olu\u015fmas\u0131 ama\u00e7lan\u0131yor.<\/p>\t\t\t\t\t\t\t\t<\/div>\n\t\t\t\t<\/div>\n\t\t\t\t<div class=\"elementor-element elementor-element-3af1e33 elementor-widget elementor-widget-image\" data-id=\"3af1e33\" data-element_type=\"widget\" data-widget_type=\"image.default\">\n\t\t\t\t<div class=\"elementor-widget-container\">\n\t\t\t\t\t\t\t\t\t\t\t\t\t\t\t<img decoding=\"async\" width=\"238\" height=\"171\" src=\"https:\/\/kavakliderewineshop.ch\/wp-content\/uploads\/2023\/03\/Resim2-1.png\" class=\"attachment-large size-large wp-image-989561\" alt=\"\" \/>\t\t\t\t\t\t\t\t\t\t\t\t\t\t\t<\/div>\n\t\t\t\t<\/div>\n\t\t\t\t<div class=\"elementor-element elementor-element-6ade617 elementor-widget elementor-widget-text-editor\" data-id=\"6ade617\" data-element_type=\"widget\" data-widget_type=\"text-editor.default\">\n\t\t\t\t<div class=\"elementor-widget-container\">\n\t\t\t\t\t\t\t\t\t<p style=\"text-align: left;\">\u00dcretimini ger\u00e7ekle\u015ftirdi\u011fimiz t\u00fcm \u00fcr\u00fcnlerimizin kolilerinin \u00fczerinde <strong>&#8220;<\/strong><strong>Ye\u015fil Nokta<\/strong><strong>&#8220;<\/strong> i\u015fareti olarak bilinen logo bulunmaktad\u0131r. Bir ambalaj\u0131n \u00fczerinde yer alan &#8220;<strong>Ye\u015fil Nokta<\/strong>&#8221; i\u015fareti, o ambalajl\u0131 \u00fcr\u00fcn\u00fc piyasaya s\u00fcren i\u015fletmenin ambalaj at\u0131klar\u0131n\u0131n geri kazan\u0131m\u0131 ile ilgili yasal y\u00fck\u00fcml\u00fcl\u00fcklerini yerine getirdi\u011fi ve geri d\u00f6n\u00fc\u015f\u00fcm sistemine mali katk\u0131 sa\u011flad\u0131\u011f\u0131 anlam\u0131na gelmektedir. Kullan\u0131m hakk\u0131; T\u00fcrkiye\u2019deki \u00fcyesi \u00c7EVKO vakf\u0131na aittir. PRO-Europe&#8217;la yapt\u0131\u011f\u0131 s\u00f6zle\u015fme ile uluslararas\u0131 <strong>&#8220;Ye\u015fil Nokta&#8221;<\/strong> i\u015faretinin kullan\u0131m hakk\u0131 \u00c7EVKO \u00fcyeli\u011fimiz ile Kavakl\u0131dere \u015earaplar\u0131 olarak bizde de bulunmaktad\u0131r.<\/p>\t\t\t\t\t\t\t\t<\/div>\n\t\t\t\t<\/div>\n\t\t\t\t\t<\/div>\n\t\t<\/div>\n\t\t\t\t\t<\/div>\n\t\t<\/section>\n\t\t\t\t<section class=\"elementor-section elementor-top-section elementor-element elementor-element-1ca56ea elementor-section-height-min-height animated-slow elementor-section-boxed elementor-section-height-default elementor-section-items-middle elementor-invisible\" data-id=\"1ca56ea\" data-element_type=\"section\" data-settings=\"{&quot;animation&quot;:&quot;fadeIn&quot;,&quot;animation_delay&quot;:400}\">\n\t\t\t\t\t\t<div class=\"elementor-container elementor-column-gap-default\">\n\t\t\t\t\t<div class=\"elementor-column elementor-col-100 elementor-top-column elementor-element elementor-element-66b8fcb\" data-id=\"66b8fcb\" data-element_type=\"column\">\n\t\t\t<div class=\"elementor-widget-wrap elementor-element-populated\">\n\t\t\t\t\t\t<div class=\"elementor-element elementor-element-29789ea elementor-absolute elementor-widget elementor-widget-image\" data-id=\"29789ea\" data-element_type=\"widget\" data-settings=\"{&quot;_position&quot;:&quot;absolute&quot;}\" data-widget_type=\"image.default\">\n\t\t\t\t<div class=\"elementor-widget-container\">\n\t\t\t\t\t\t\t\t\t\t\t\t\t\t\t<img fetchpriority=\"high\" decoding=\"async\" width=\"178\" height=\"281\" src=\"https:\/\/kavakliderewineshop.ch\/wp-content\/uploads\/2020\/03\/Vector.png\" class=\"attachment-large size-large wp-image-583\" alt=\"\" \/>\t\t\t\t\t\t\t\t\t\t\t\t\t\t\t<\/div>\n\t\t\t\t<\/div>\n\t\t\t\t<div class=\"elementor-element elementor-element-9d9c6da elementor-widget elementor-widget-heading\" data-id=\"9d9c6da\" data-element_type=\"widget\" data-widget_type=\"heading.default\">\n\t\t\t\t<div class=\"elementor-widget-container\">\n\t\t\t\t\t<h2 class=\"elementor-heading-title elementor-size-default\">4 - Yarat\u0131c\u0131 Yeniden D\u00f6n\u00fc\u015f\u00fcm <br> Projelerimiz (UP-CYCLING)<\/h2>\t\t\t\t<\/div>\n\t\t\t\t<\/div>\n\t\t\t\t<div class=\"elementor-element elementor-element-d610e8c elementor-widget elementor-widget-text-editor\" data-id=\"d610e8c\" data-element_type=\"widget\" data-widget_type=\"text-editor.default\">\n\t\t\t\t<div class=\"elementor-widget-container\">\n\t\t\t\t\t\t\t\t\t<p style=\"text-align: left;\">\u015earap yap\u0131m\u0131nda kulland\u0131\u011f\u0131m\u0131z me\u015fe f\u0131\u00e7\u0131lar\u0131m\u0131z, 5 y\u0131ll\u0131k kullan\u0131m\u0131n ard\u0131ndan \u0131skartaya \u00e7\u0131k\u0131yor ve art\u0131k kullan\u0131lam\u0131yor. At\u0131l durumlar\u0131ndan \u00e7\u0131kan g\u00fczel bir proje ile f\u0131\u00e7\u0131lar\u0131m\u0131z\u0131 farkl\u0131 sanat\u00e7\u0131lar\u0131n ellerinde de\u011ferlendirip, sanat eserlerine d\u00f6n\u00fc\u015ft\u00fcrd\u00fc\u011f\u00fc projeler yapt\u0131k ve bu sayede \u201cKavakl\u0131dere \u015earaplar\u0131 \u00d6zel Koleksiyonu\u2019nu olu\u015fturduk.<\/p><p style=\"text-align: left;\">\u0130lkini 2010 y\u0131l\u0131nda \u201cDionysos\u201d ad\u0131 alt\u0131nda ger\u00e7ekle\u015ftirdi\u011fimiz \u00e7al\u0131\u015fmam\u0131z\u0131n 2.sini de 2018 y\u0131l\u0131nda \u201cTortu\u201d ad\u0131 ile ger\u00e7ekle\u015ftirdik. 50\u2019ye yak\u0131n sanat eserine d\u00f6n\u00fc\u015fm\u00fc\u015f f\u0131\u00e7\u0131lar\u0131m\u0131z bug\u00fcn Kapadokya\u2019da yer alan C\u00f4tes d\u2019Avanos Ba\u011falar\u0131m\u0131z\u0131n i\u00e7inde yer alan kav\u0131m\u0131z\u0131n \u00f6zel galerisinde sergilenmektedir.<\/p>\t\t\t\t\t\t\t\t<\/div>\n\t\t\t\t<\/div>\n\t\t\t\t<div class=\"elementor-element elementor-element-d55c547 elementor-widget elementor-widget-elementskit-button\" data-id=\"d55c547\" data-element_type=\"widget\" data-widget_type=\"elementskit-button.default\">\n\t\t\t\t<div class=\"elementor-widget-container\">\n\t\t\t\t\t<div class=\"ekit-wid-con\" >\t\t<div class=\"ekit-btn-wraper\">\n\t\t\t\t\t\t\t<a href=\"https:\/\/kavakliderewineshop.ch\/?page_id=990373\" class=\"elementskit-btn  whitespace--normal\" >\n\t\t\t\t\t\n\t\t\t\t\t<i aria-hidden=\"true\" class=\"far fa-hand-pointer\"><\/i>\n\t\t\t\t\t\u0130ncele\t\t\t\t<\/a>\n\t\t\t\t\t\t<\/div>\n        <\/div>\t\t\t\t<\/div>\n\t\t\t\t<\/div>\n\t\t\t\t\t<\/div>\n\t\t<\/div>\n\t\t\t\t\t<\/div>\n\t\t<\/section>\n\t\t\t\t<\/div>\n\t\t","protected":false},"excerpt":{"rendered":"<p>1 &#8211; \u0130yi Tar\u0131m Uygulamalar Kavakl\u0131dere \u015earaplar\u0131 olarak yapt\u0131\u011f\u0131m\u0131z i\u015fin en temelinde do\u011fa oldu\u011funun bilinci ile hareket ediyor ve t\u00fcm \u00e7al\u0131\u015fmalar\u0131m\u0131z\u0131 do\u011fa ile bar\u0131\u015f\u0131k, onu koruyacak ve s\u00fcreklili\u011fini sa\u011flayacak \u015fekilde kurguluyoruz. \u00d6nceli\u011fimiz t\u00fcm ba\u011f alanlar\u0131m\u0131zda \u201c\u0130yi tar\u0131m uygulamalar\u0131\u201d prensibini benimseyerek ilerlemek. Kavakl\u0131dere \u015earaplar\u0131 olarak, asl\u0131nda 1989 sonunda Kapadokya Ba\u011flar\u0131n\u0131n, bug\u00fcn ki ad\u0131 ile C\u00f4tes d\u2019Avanos&#8230;<\/p>\n","protected":false},"author":1,"featured_media":0,"parent":0,"menu_order":0,"comment_status":"closed","ping_status":"closed","template":"","meta":{"inline_featured_image":false,"footnotes":""},"class_list":["post-988976","page","type-page","status-publish","hentry"],"_links":{"self":[{"href":"https:\/\/kavakliderewineshop.ch\/index.php?rest_route=\/wp\/v2\/pages\/988976","targetHints":{"allow":["GET"]}}],"collection":[{"href":"https:\/\/kavakliderewineshop.ch\/index.php?rest_route=\/wp\/v2\/pages"}],"about":[{"href":"https:\/\/kavakliderewineshop.ch\/index.php?rest_route=\/wp\/v2\/types\/page"}],"author":[{"embeddable":true,"href":"https:\/\/kavakliderewineshop.ch\/index.php?rest_route=\/wp\/v2\/users\/1"}],"replies":[{"embeddable":true,"href":"https:\/\/kavakliderewineshop.ch\/index.php?rest_route=%2Fwp%2Fv2%2Fcomments&post=988976"}],"version-history":[{"count":28,"href":"https:\/\/kavakliderewineshop.ch\/index.php?rest_route=\/wp\/v2\/pages\/988976\/revisions"}],"predecessor-version":[{"id":991993,"href":"https:\/\/kavakliderewineshop.ch\/index.php?rest_route=\/wp\/v2\/pages\/988976\/revisions\/991993"}],"wp:attachment":[{"href":"https:\/\/kavakliderewineshop.ch\/index.php?rest_route=%2Fwp%2Fv2%2Fmedia&parent=988976"}],"curies":[{"name":"wp","href":"https:\/\/api.w.org\/{rel}","templated":true}]}}