{"id":988983,"date":"2023-03-24T13:51:41","date_gmt":"2023-03-24T13:51:41","guid":{"rendered":"https:\/\/kavakliderewineshop.ch\/?page_id=988983"},"modified":"2023-06-09T08:46:50","modified_gmt":"2023-06-09T08:46:50","slug":"dunyada-kavaklidere","status":"publish","type":"page","link":"https:\/\/kavakliderewineshop.ch\/?page_id=988983","title":{"rendered":"D\u00fcnya&#8217;da Kavakl\u0131dere"},"content":{"rendered":"\t\t<div data-elementor-type=\"wp-page\" data-elementor-id=\"988983\" class=\"elementor elementor-988983\" data-elementor-post-type=\"page\">\n\t\t\t\t\t\t<section class=\"elementor-section elementor-top-section elementor-element elementor-element-3ed5c7b8 elementor-section-height-min-height elementor-section-content-bottom elementor-section-stretched elementor-section-boxed elementor-section-height-default elementor-section-items-middle\" data-id=\"3ed5c7b8\" data-element_type=\"section\" data-settings=\"{&quot;background_background&quot;:&quot;classic&quot;,&quot;stretch_section&quot;:&quot;section-stretched&quot;}\">\n\t\t\t\t\t\t\t<div class=\"elementor-background-overlay\"><\/div>\n\t\t\t\t\t\t\t<div class=\"elementor-container elementor-column-gap-default\">\n\t\t\t\t\t<div class=\"elementor-column elementor-col-100 elementor-top-column elementor-element elementor-element-d2bf954 animated-slow elementor-invisible\" data-id=\"d2bf954\" data-element_type=\"column\" data-settings=\"{&quot;animation&quot;:&quot;fadeInUp&quot;}\">\n\t\t\t<div class=\"elementor-widget-wrap\">\n\t\t\t\t\t\t\t<\/div>\n\t\t<\/div>\n\t\t\t\t\t<\/div>\n\t\t<\/section>\n\t\t\t\t<section class=\"elementor-section elementor-top-section elementor-element elementor-element-a75c41c elementor-section-height-min-height animated-slow elementor-section-boxed elementor-section-height-default elementor-section-items-middle elementor-invisible\" data-id=\"a75c41c\" data-element_type=\"section\" data-settings=\"{&quot;animation&quot;:&quot;fadeIn&quot;,&quot;animation_delay&quot;:400}\">\n\t\t\t\t\t\t<div class=\"elementor-container elementor-column-gap-default\">\n\t\t\t\t\t<div class=\"elementor-column elementor-col-100 elementor-top-column elementor-element elementor-element-ab19bc3\" data-id=\"ab19bc3\" data-element_type=\"column\">\n\t\t\t<div class=\"elementor-widget-wrap elementor-element-populated\">\n\t\t\t\t\t\t<div class=\"elementor-element elementor-element-1769f70 elementor-widget elementor-widget-text-editor\" data-id=\"1769f70\" data-element_type=\"widget\" data-widget_type=\"text-editor.default\">\n\t\t\t\t<div class=\"elementor-widget-container\">\n\t\t\t\t\t\t\t\t\t<p>Kavakl\u0131dere \u015earaplar\u0131 g\u00fcn\u00fcm\u00fczde T\u00fcrkiye\u2019nin en b\u00fcy\u00fck \u015farap ihracat\u00e7\u0131s\u0131 olarak, \u00fcretiminin %20\u2019sini 31 farkl\u0131 \u00fclkeye ihra\u00e7 etmektedir. \u00a0<\/p><p>Kavakl\u0131dere \u015earaplar\u0131\u2019n\u0131n yurt d\u0131\u015f\u0131nda pazar pay\u0131n\u0131 geli\u015ftirmek \u00fczere Bel\u00e7ika, Almanya ve Amerika Birle\u015fik Devletleri olmak \u00fczere 3 merkezi bulunmaktad\u0131r.<\/p><p><strong>Kavakl\u0131dere Europe NV, Ansvers, Bel\u00e7ika<br \/><\/strong>Avrupa\u2019n\u0131n g\u00f6be\u011finde 1994 y\u0131l\u0131nda kurulan Kavakl\u0131dere Europe NV \u015firketi \u00fczerinden Avrupa ihracat operasyonlar\u0131 y\u00fcr\u00fct\u00fclmektedir.<\/p><p><strong>Kavakl\u0131dere Europe GmbH<\/strong><strong>, Aachen, Almanya<\/strong><\/p><p>T\u00fcrk \u015farab\u0131n\u0131n en b\u00fcy\u00fck pazarlar\u0131ndan biri olan Almanya\u2019da, yurt d\u0131\u015f\u0131nda ikinci merkez, 1995 y\u0131l\u0131nda Kavakl\u0131dere Europe GmBH ad\u0131 alt\u0131nda kurulmu\u015ftur ve t\u00fcm Almanya b\u00f6lgeye Kavakl\u0131dere \u015faraplar\u0131n\u0131n da\u011f\u0131t\u0131m\u0131n\u0131 sa\u011flamaktad\u0131r.<\/p><p>\u015eirketin bir di\u011fer noktas\u0131 ise Kuzey b\u00f6lge da\u011f\u0131t\u0131m\u0131n\u0131 desteklemek amac\u0131yla Neuss\u2019 te bulunmaktad\u0131r ( North Rheine Westfalen ).<\/p><p><strong>The House of Burgundy, New York, ABD<\/strong><\/p><p>Amerika k\u0131tas\u0131nda ise, ihracat operasyonu New York\u2019ta yer alan House of Burgundy \u015firketi \u00fczerinden y\u00fcr\u00fct\u00fclmektedir. \u00a0<\/p><p>1936 y\u0131l\u0131nda kurulan ithalat ve da\u011f\u0131t\u0131m yapan House of Burgundy\u2019yi 2009 y\u0131l\u0131nda Kavakl\u0131dere \u015earaplar\u0131 sahiplenmi\u015ftir ve ihracat\u0131n\u0131 bu \u015firket \u00fczerinden devam etmektedir. <br \/>T\u00fcm Amerika b\u00f6lgeye kendi \u015faraplar\u0131n\u0131n da\u011f\u0131t\u0131m\u0131 d\u0131\u015f\u0131nda, rak\u0131, di\u011fer T\u00fcrk \u00fcreticileri ve d\u00fcnya \u015faraplar\u0131n\u0131n da sat\u0131\u015f\u0131n\u0131 ger\u00e7ekle\u015ftirmektedir.<\/p>\t\t\t\t\t\t\t\t<\/div>\n\t\t\t\t<\/div>\n\t\t\t\t\t<\/div>\n\t\t<\/div>\n\t\t\t\t\t<\/div>\n\t\t<\/section>\n\t\t\t\t<section class=\"elementor-section elementor-top-section elementor-element elementor-element-f07cbc6 elementor-section-full_width elementor-section-height-default elementor-section-height-default\" data-id=\"f07cbc6\" data-element_type=\"section\">\n\t\t\t\t\t\t<div class=\"elementor-container elementor-column-gap-default\">\n\t\t\t\t\t<div class=\"elementor-column elementor-col-100 elementor-top-column elementor-element elementor-element-a96d843\" data-id=\"a96d843\" data-element_type=\"column\">\n\t\t\t<div class=\"elementor-widget-wrap elementor-element-populated\">\n\t\t\t\t\t\t<div class=\"elementor-element elementor-element-1756d4e elementor-widget elementor-widget-html\" data-id=\"1756d4e\" data-element_type=\"widget\" data-widget_type=\"html.default\">\n\t\t\t\t<div class=\"elementor-widget-container\">\n\t\t\t\t\t<iframe src=\"https:\/\/www.google.com\/maps\/d\/embed?mid=1zQmhumjHCpxb3_jCELbYHYJOF7c&ehbc=2E312F\" width=\"640\" height=\"480\"><\/iframe>\t\t\t\t<\/div>\n\t\t\t\t<\/div>\n\t\t\t\t\t<\/div>\n\t\t<\/div>\n\t\t\t\t\t<\/div>\n\t\t<\/section>\n\t\t\t\t<\/div>\n\t\t","protected":false},"excerpt":{"rendered":"<p>Kavakl\u0131dere \u015earaplar\u0131 g\u00fcn\u00fcm\u00fczde T\u00fcrkiye\u2019nin en b\u00fcy\u00fck \u015farap ihracat\u00e7\u0131s\u0131 olarak, \u00fcretiminin %20\u2019sini 31 farkl\u0131 \u00fclkeye ihra\u00e7 etmektedir. \u00a0 Kavakl\u0131dere \u015earaplar\u0131\u2019n\u0131n yurt d\u0131\u015f\u0131nda pazar pay\u0131n\u0131 geli\u015ftirmek \u00fczere Bel\u00e7ika, Almanya ve Amerika Birle\u015fik Devletleri olmak \u00fczere 3 merkezi bulunmaktad\u0131r. Kavakl\u0131dere Europe NV, Ansvers, Bel\u00e7ikaAvrupa\u2019n\u0131n g\u00f6be\u011finde 1994 y\u0131l\u0131nda kurulan Kavakl\u0131dere Europe NV \u015firketi \u00fczerinden Avrupa ihracat operasyonlar\u0131 y\u00fcr\u00fct\u00fclmektedir. Kavakl\u0131dere&#8230;<\/p>\n","protected":false},"author":1,"featured_media":0,"parent":0,"menu_order":0,"comment_status":"closed","ping_status":"closed","template":"","meta":{"inline_featured_image":false,"footnotes":""},"class_list":["post-988983","page","type-page","status-publish","hentry"],"_links":{"self":[{"href":"https:\/\/kavakliderewineshop.ch\/index.php?rest_route=\/wp\/v2\/pages\/988983","targetHints":{"allow":["GET"]}}],"collection":[{"href":"https:\/\/kavakliderewineshop.ch\/index.php?rest_route=\/wp\/v2\/pages"}],"about":[{"href":"https:\/\/kavakliderewineshop.ch\/index.php?rest_route=\/wp\/v2\/types\/page"}],"author":[{"embeddable":true,"href":"https:\/\/kavakliderewineshop.ch\/index.php?rest_route=\/wp\/v2\/users\/1"}],"replies":[{"embeddable":true,"href":"https:\/\/kavakliderewineshop.ch\/index.php?rest_route=%2Fwp%2Fv2%2Fcomments&post=988983"}],"version-history":[{"count":31,"href":"https:\/\/kavakliderewineshop.ch\/index.php?rest_route=\/wp\/v2\/pages\/988983\/revisions"}],"predecessor-version":[{"id":991848,"href":"https:\/\/kavakliderewineshop.ch\/index.php?rest_route=\/wp\/v2\/pages\/988983\/revisions\/991848"}],"wp:attachment":[{"href":"https:\/\/kavakliderewineshop.ch\/index.php?rest_route=%2Fwp%2Fv2%2Fmedia&parent=988983"}],"curies":[{"name":"wp","href":"https:\/\/api.w.org\/{rel}","templated":true}]}}