{"id":989515,"date":"2023-03-30T19:35:36","date_gmt":"2023-03-30T19:35:36","guid":{"rendered":"https:\/\/kavakliderewineshop.ch\/?page_id=989515"},"modified":"2023-12-15T08:12:04","modified_gmt":"2023-12-15T08:12:04","slug":"fidancilik","status":"publish","type":"page","link":"https:\/\/kavakliderewineshop.ch\/?page_id=989515","title":{"rendered":"Fidanc\u0131l\u0131k"},"content":{"rendered":"\t\t<div data-elementor-type=\"wp-page\" data-elementor-id=\"989515\" class=\"elementor elementor-989515\" data-elementor-post-type=\"page\">\n\t\t\t\t\t\t<section class=\"elementor-section elementor-top-section elementor-element elementor-element-4420308 elementor-section-height-min-height elementor-section-content-bottom elementor-section-boxed elementor-section-height-default elementor-section-items-middle\" data-id=\"4420308\" data-element_type=\"section\" data-settings=\"{&quot;background_background&quot;:&quot;classic&quot;}\">\n\t\t\t\t\t\t\t<div class=\"elementor-background-overlay\"><\/div>\n\t\t\t\t\t\t\t<div class=\"elementor-container elementor-column-gap-default\">\n\t\t\t\t\t<div class=\"elementor-column elementor-col-100 elementor-top-column elementor-element elementor-element-331e88e\" data-id=\"331e88e\" data-element_type=\"column\">\n\t\t\t<div class=\"elementor-widget-wrap elementor-element-populated\">\n\t\t\t\t\t\t<div class=\"elementor-element elementor-element-a62339a elementor-widget elementor-widget-image\" data-id=\"a62339a\" data-element_type=\"widget\" data-widget_type=\"image.default\">\n\t\t\t\t<div class=\"elementor-widget-container\">\n\t\t\t\t\t\t\t\t\t\t\t\t\t\t\t<img decoding=\"async\" width=\"310\" height=\"150\" src=\"https:\/\/kavakliderewineshop.ch\/wp-content\/uploads\/2023\/04\/kavvin.png\" class=\"attachment-full size-full wp-image-989789\" alt=\"\" srcset=\"https:\/\/kavakliderewineshop.ch\/wp-content\/uploads\/2023\/04\/kavvin.png 310w, https:\/\/kavakliderewineshop.ch\/wp-content\/uploads\/2023\/04\/kavvin-300x145.png 300w\" sizes=\"(max-width: 310px) 100vw, 310px\" \/>\t\t\t\t\t\t\t\t\t\t\t\t\t\t\t<\/div>\n\t\t\t\t<\/div>\n\t\t\t\t\t<\/div>\n\t\t<\/div>\n\t\t\t\t\t<\/div>\n\t\t<\/section>\n\t\t\t\t<section class=\"elementor-section elementor-top-section elementor-element elementor-element-872326e elementor-section-boxed elementor-section-height-default elementor-section-height-default\" data-id=\"872326e\" data-element_type=\"section\">\n\t\t\t\t\t\t<div class=\"elementor-container elementor-column-gap-default\">\n\t\t\t\t\t<div class=\"elementor-column elementor-col-100 elementor-top-column elementor-element elementor-element-1db9219\" data-id=\"1db9219\" data-element_type=\"column\">\n\t\t\t<div class=\"elementor-widget-wrap elementor-element-populated\">\n\t\t\t\t\t\t<div class=\"elementor-element elementor-element-02294cd elementor-skin-carousel elementor-arrows-yes elementor-widget elementor-widget-media-carousel\" data-id=\"02294cd\" data-element_type=\"widget\" data-settings=\"{&quot;autoplay_speed&quot;:3000,&quot;lazyload&quot;:&quot;yes&quot;,&quot;skin&quot;:&quot;carousel&quot;,&quot;effect&quot;:&quot;slide&quot;,&quot;show_arrows&quot;:&quot;yes&quot;,&quot;speed&quot;:500,&quot;autoplay&quot;:&quot;yes&quot;,&quot;loop&quot;:&quot;yes&quot;,&quot;pause_on_hover&quot;:&quot;yes&quot;,&quot;pause_on_interaction&quot;:&quot;yes&quot;,&quot;space_between&quot;:{&quot;unit&quot;:&quot;px&quot;,&quot;size&quot;:10,&quot;sizes&quot;:[]},&quot;space_between_tablet&quot;:{&quot;unit&quot;:&quot;px&quot;,&quot;size&quot;:10,&quot;sizes&quot;:[]},&quot;space_between_mobile&quot;:{&quot;unit&quot;:&quot;px&quot;,&quot;size&quot;:10,&quot;sizes&quot;:[]}}\" data-widget_type=\"media-carousel.default\">\n\t\t\t\t<div class=\"elementor-widget-container\">\n\t\t\t\t\t\t\t\t\t<div class=\"elementor-swiper\">\n\t\t\t\t\t<div class=\"elementor-main-swiper swiper\" role=\"region\" aria-roledescription=\"carousel\" aria-label=\"Slides\">\n\t\t\t\t<div class=\"swiper-wrapper\">\n\t\t\t\t\t\t\t\t\t\t\t<div class=\"swiper-slide\" role=\"group\" aria-roledescription=\"slide\">\n\t\t\t\t\t\t\t\t\t<div class=\"elementor-carousel-image swiper-lazy\" role=\"img\" aria-label=\"1\" data-background=\"https:\/\/kavakliderewineshop.ch\/wp-content\/uploads\/2023\/04\/1.jpg\">\n\n\t\t\t\t\t\t\t<div class=\"swiper-lazy-preloader\"><\/div>\n\t\t\t\n\t\t\t\t\t<\/div>\n\t\t\t\t\t\t\t\t<\/div>\n\t\t\t\t\t\t\t\t\t\t\t<div class=\"swiper-slide\" role=\"group\" aria-roledescription=\"slide\">\n\t\t\t\t\t\t\t\t\t<div class=\"elementor-carousel-image swiper-lazy\" role=\"img\" aria-label=\"2\" data-background=\"https:\/\/kavakliderewineshop.ch\/wp-content\/uploads\/2023\/04\/2.jpg\">\n\n\t\t\t\t\t\t\t<div class=\"swiper-lazy-preloader\"><\/div>\n\t\t\t\n\t\t\t\t\t<\/div>\n\t\t\t\t\t\t\t\t<\/div>\n\t\t\t\t\t\t\t\t\t\t\t<div class=\"swiper-slide\" role=\"group\" aria-roledescription=\"slide\">\n\t\t\t\t\t\t\t\t\t<div class=\"elementor-carousel-image swiper-lazy\" role=\"img\" aria-label=\"3\" data-background=\"https:\/\/kavakliderewineshop.ch\/wp-content\/uploads\/2023\/04\/3.jpg\">\n\n\t\t\t\t\t\t\t<div class=\"swiper-lazy-preloader\"><\/div>\n\t\t\t\n\t\t\t\t\t<\/div>\n\t\t\t\t\t\t\t\t<\/div>\n\t\t\t\t\t\t\t\t\t\t\t<div class=\"swiper-slide\" role=\"group\" aria-roledescription=\"slide\">\n\t\t\t\t\t\t\t\t\t<div class=\"elementor-carousel-image swiper-lazy\" role=\"img\" aria-label=\"IMG-20230331-WA0022\" data-background=\"https:\/\/kavakliderewineshop.ch\/wp-content\/uploads\/2023\/04\/IMG-20230331-WA0022.jpg\">\n\n\t\t\t\t\t\t\t<div class=\"swiper-lazy-preloader\"><\/div>\n\t\t\t\n\t\t\t\t\t<\/div>\n\t\t\t\t\t\t\t\t<\/div>\n\t\t\t\t\t\t\t\t\t\t\t<div class=\"swiper-slide\" role=\"group\" aria-roledescription=\"slide\">\n\t\t\t\t\t\t\t\t\t<div class=\"elementor-carousel-image swiper-lazy\" role=\"img\" aria-label=\"IMG-20230331-WA0021\" data-background=\"https:\/\/kavakliderewineshop.ch\/wp-content\/uploads\/2023\/04\/IMG-20230331-WA0021.jpg\">\n\n\t\t\t\t\t\t\t<div class=\"swiper-lazy-preloader\"><\/div>\n\t\t\t\n\t\t\t\t\t<\/div>\n\t\t\t\t\t\t\t\t<\/div>\n\t\t\t\t\t\t\t\t\t\t\t<div class=\"swiper-slide\" role=\"group\" aria-roledescription=\"slide\">\n\t\t\t\t\t\t\t\t\t<div class=\"elementor-carousel-image swiper-lazy\" role=\"img\" aria-label=\"IMG-20230331-WA0019\" data-background=\"https:\/\/kavakliderewineshop.ch\/wp-content\/uploads\/2023\/04\/IMG-20230331-WA0019.jpg\">\n\n\t\t\t\t\t\t\t<div class=\"swiper-lazy-preloader\"><\/div>\n\t\t\t\n\t\t\t\t\t<\/div>\n\t\t\t\t\t\t\t\t<\/div>\n\t\t\t\t\t\t\t\t\t<\/div>\n\t\t\t\t\t\t\t\t\t\t\t\t\t\t\t<div class=\"elementor-swiper-button elementor-swiper-button-prev\" role=\"button\" tabindex=\"0\" aria-label=\"Previous\">\n\t\t\t\t\t\t\t<i aria-hidden=\"true\" class=\"eicon-chevron-left\"><\/i>\t\t\t\t\t\t<\/div>\n\t\t\t\t\t\t<div class=\"elementor-swiper-button elementor-swiper-button-next\" role=\"button\" tabindex=\"0\" aria-label=\"Next\">\n\t\t\t\t\t\t\t<i aria-hidden=\"true\" class=\"eicon-chevron-right\"><\/i>\t\t\t\t\t\t<\/div>\n\t\t\t\t\t\t\t\t\t\t\t\t\t\t\t\t\t<\/div>\n\t\t\t\t<\/div>\n\t\t\t\t\t\t\t\t<\/div>\n\t\t\t\t<\/div>\n\t\t\t\t\t<\/div>\n\t\t<\/div>\n\t\t\t\t\t<\/div>\n\t\t<\/section>\n\t\t\t\t<section class=\"elementor-section elementor-top-section elementor-element elementor-element-ed24cff elementor-reverse-mobile elementor-section-boxed elementor-section-height-default elementor-section-height-default\" data-id=\"ed24cff\" data-element_type=\"section\" data-settings=\"{&quot;background_background&quot;:&quot;classic&quot;}\">\n\t\t\t\t\t\t<div class=\"elementor-container elementor-column-gap-default\">\n\t\t\t\t\t<div class=\"elementor-column elementor-col-100 elementor-top-column elementor-element elementor-element-ed8b4ef animated-slow elementor-invisible\" data-id=\"ed8b4ef\" data-element_type=\"column\" data-settings=\"{&quot;animation&quot;:&quot;fadeIn&quot;}\">\n\t\t\t<div class=\"elementor-widget-wrap elementor-element-populated\">\n\t\t\t\t\t\t<div class=\"elementor-element elementor-element-5a7ad1c elementor-widget elementor-widget-heading\" data-id=\"5a7ad1c\" data-element_type=\"widget\" data-widget_type=\"heading.default\">\n\t\t\t\t<div class=\"elementor-widget-container\">\n\t\t\t\t\t<h2 class=\"elementor-heading-title elementor-size-default\">T\u00fcrkiye\u2019nin \u0130lk \u015earapl\u0131k <br>\u00dcz\u00fcmde Uzman Sertifikal\u0131<br> Fidan \u00dcretimi<\/h2>\t\t\t\t<\/div>\n\t\t\t\t<\/div>\n\t\t\t\t<div class=\"elementor-element elementor-element-36628c1 elementor-widget__width-initial elementor-widget elementor-widget-text-editor\" data-id=\"36628c1\" data-element_type=\"widget\" data-widget_type=\"text-editor.default\">\n\t\t\t\t<div class=\"elementor-widget-container\">\n\t\t\t\t\t\t\t\t\t<p>Kavakl\u0131dere \u015earaplar\u0131 bir\u00e7ok farkl\u0131 mecburi sebebin bir araya gelmesi ile kendisi i\u00e7in ismine \u00f6zel ve daha kaliteli fidan yeti\u015ftirmek \u00fczere 2004 y\u0131l\u0131nda \u201cKav-Vin\u201d \u015firketinin temellerini att\u0131 ve 2005 y\u0131l\u0131nda da kendisine ait ilk fidanlar\u0131 \u00fcretmeye ba\u015flad\u0131.<\/p><p>Bu giri\u015fimin arkas\u0131nda yatan ba\u015fl\u0131ca sebep; 90\u2019l\u0131 y\u0131llar\u0131n sonuna do\u011fru yap\u0131lmaya ba\u015flanana \u201cba\u011f yat\u0131r\u0131mlar\u0131\u201dn\u0131n h\u0131z kazanmas\u0131 ile ihtiyac\u0131n artmas\u0131 olmu\u015ftur.<\/p><p>Projenin ba\u015flamas\u0131 ile, \u00f6ncelikle 2005 y\u0131l\u0131 ba\u015f\u0131nda yabani \u00e7elikler, a\u015f\u0131lanacak g\u00f6zler i\u00e7in \u00e7e\u015fit kalemler getirilerek fidan \u00fcretimine ba\u015fland\u0131. Hemen ard\u0131ndan, ileriki y\u0131llar i\u00e7in ENTAV patentli(R140-R110-P1103) yabani ana\u00e7l\u0131klar getirildi ve ana\u00e7l\u0131klar\u0131n kurulmas\u0131 sa\u011fland\u0131. ENTAV\u2019\u0131n verdi\u011fi patent; ilgili fidan\u0131n temiz, ad\u0131na uygun, sa\u011fl\u0131kl\u0131, geneti\u011fine kadar inilmi\u015f ve safkan oldu\u011funu kan\u0131tl\u0131yor. Kavakl\u0131dere \u015earaplar\u0131 da bu sertifikaya sahip fidanlar ile \u00e7al\u0131\u015fmas\u0131n\u0131 ba\u015flatt\u0131 ve g\u00fcn\u00fcm\u00fczde de b\u00fcy\u00fcterek devam ettirmektedir<\/p><p>\u015eu an Kavakl\u0131dere \u015earaplar\u0131\u2019n\u0131n fidanl\u0131\u011f\u0131nda yeti\u015ftirilen; yabani ana\u00e7lar R140,P1103,R110,B41 ve Fercal \u00e7e\u015fitleridir.<\/p><p>Bug\u00fcn ula\u015f\u0131lan noktada Kavakl\u0131dere \u015earaplar\u0131&#8217;n\u0131n amac\u0131; T\u00fcrkiye\u2019de ba\u011fc\u0131l\u0131\u011f\u0131n geli\u015fmesi i\u00e7in son derece \u00f6nemli olan kaliteli, sa\u011fl\u0131kl\u0131 ve sertifikal\u0131 asma fidanlar\u0131n\u0131n \u00fcretimini sa\u011flamakt\u0131r. Anadolu \u015farab\u0131 ve Anadolu \u00fcz\u00fcm\u00fcn\u00fc ileriye ta\u015f\u0131mak ve D\u00fcnya&#8217;ya tan\u0131tmak felsefesi ile ilerledi\u011fi yolda fidan yeti\u015ftiricili\u011fi de \u00f6nemli bir rol oynamaktad\u0131r.<\/p><p>Y\u0131ll\u0131k 2 milyon fidan \u00fcretim kapasitesi\u00a0ile, T\u00fcrkiye\u2019de sertifikal\u0131 asma fidan\u0131 ve ana\u00e7 \u00fcretimi yapan tek firmad\u0131r.<\/p><p>Kav-Vin A.\u015e. arac\u0131l\u0131\u011f\u0131yla modern sistemlerle t\u00fcpl\u00fc ve a\u00e7\u0131k k\u00f6kl\u00fc olmak \u00fczere a\u015f\u0131l\u0131 asma fidan\u0131 \u00fcretimi yap\u0131yor ve kendi ba\u011flar\u0131nda da sadece kendi \u00fcretti\u011fi\u00a0fidanlar\u0131 kullan\u0131yor.<\/p>\t\t\t\t\t\t\t\t<\/div>\n\t\t\t\t<\/div>\n\t\t\t\t\t<\/div>\n\t\t<\/div>\n\t\t\t\t\t<\/div>\n\t\t<\/section>\n\t\t\t\t<section class=\"elementor-section elementor-top-section elementor-element elementor-element-c63e532 elementor-reverse-mobile elementor-section-boxed elementor-section-height-default elementor-section-height-default\" data-id=\"c63e532\" data-element_type=\"section\" data-settings=\"{&quot;background_background&quot;:&quot;classic&quot;}\">\n\t\t\t\t\t\t<div class=\"elementor-container elementor-column-gap-default\">\n\t\t\t\t\t<div class=\"elementor-column elementor-col-100 elementor-top-column elementor-element elementor-element-883037a animated-slow elementor-invisible\" data-id=\"883037a\" data-element_type=\"column\" data-settings=\"{&quot;animation&quot;:&quot;fadeIn&quot;}\">\n\t\t\t<div class=\"elementor-widget-wrap elementor-element-populated\">\n\t\t\t\t\t\t<div class=\"elementor-element elementor-element-fab8832 elementor-widget elementor-widget-heading\" data-id=\"fab8832\" data-element_type=\"widget\" data-widget_type=\"heading.default\">\n\t\t\t\t<div class=\"elementor-widget-container\">\n\t\t\t\t\t<h2 class=\"elementor-heading-title elementor-size-default\">Fidan Yeti\u015ftirmenin Y\u0131ll\u0131k<br> S\u00fcreci Nas\u0131l Ger\u00e7ekle\u015fir? <\/h2>\t\t\t\t<\/div>\n\t\t\t\t<\/div>\n\t\t\t\t<div class=\"elementor-element elementor-element-0f14753 elementor-widget elementor-widget-text-editor\" data-id=\"0f14753\" data-element_type=\"widget\" data-widget_type=\"text-editor.default\">\n\t\t\t\t<div class=\"elementor-widget-container\">\n\t\t\t\t\t\t\t\t\t<div class=\"elementor-element elementor-element-528465e5 elementor-widget elementor-widget-text-editor\" data-id=\"528465e5\" data-element_type=\"widget\" data-widget_type=\"text-editor.default\">\n<div class=\"elementor-widget-container\">\n<div class=\"elementor-text-editor elementor-clearfix\">\n<p>Yabani ana\u00e7 ve dam\u0131zl\u0131k \u00e7e\u015fitlerinin y\u0131l i\u00e7erisinde bak\u0131m ve de\u011ferlendirme \u00e7al\u0131\u015fmalar\u0131 yap\u0131larak y\u0131l sonu ve ocak ay\u0131 ile birlikte&nbsp; yabanilerden \u00e7elik alma i\u015fi yap\u0131l\u0131r. Beraberinde; budamayla birlikte dam\u0131zl\u0131k \u00e7e\u015fit parsellerinde a\u015f\u0131 g\u00f6z\u00fc kalemlerini al\u0131n\u0131r ve bakteriyal ve viral anazlileri yap\u0131larak, so\u011fuk oda stoklamas\u0131 ba\u015flar.<\/p>\n<p>Daha sonra; \u00e7elik ve g\u00f6z haz\u0131rlama, a\u015f\u0131lama, parafinleme, poloxlara istifleme-dizme ve gerekli su ve dezenfektanlar\u0131n eklenmesi ile devam eder.<\/p>\n<p>S\u0131cak oda kayna\u015fma dedi\u011fimiz i\u015flem ba\u015flar; \u00e7e\u015fit ve s\u0131cak oda \u015fartlar\u0131na ba\u011fl\u0131 olarak 21-35 g\u00fcn aras\u0131nda de\u011fi\u015fkenlik g\u00f6sterebilir.<\/p>\n<p>Kayna\u015fma tamamland\u0131ktan sonra s\u0131cak fidanlar odadan \u00e7\u0131kart\u0131l\u0131r ve 3\/7 g\u00fcn normal alandan bekletilir. Bekleyen bu poloxlar\u0131n se\u00e7me i\u015flemlerinin yap\u0131lmas\u0131 (kallus-k\u00f6k-s\u00fcrg\u00fcn vs bakarak) ve tekrar parafinleme yap\u0131larak, se\u00e7ilen bu fidanlar\u0131n a\u00e7k k\u00f6kl\u00fcler i\u00e7in araziye veya t\u00fcpl\u00fc \u00fcretim i\u00e7in serada dikimleri yap\u0131l\u0131r T\u00fcpl\u00fc \u00fcretimlerde nisan son hafta ve may\u0131s 1. hafta gibi dikimleri yap\u0131l\u0131r ve haziran sonu, temmuz ba\u015f\u0131 olarak geli\u015fmi\u015f fidanlar se\u00e7ilerek dikime haz\u0131r hale getirilir.<\/p>\n<p>A\u00e7\u0131k k\u00f6kl\u00fclerin ise nisan-may\u0131s ortas\u0131na kadar arazi dikimleri yap\u0131larak y\u0131ll\u0131k sulama, g\u00fcbreleme-ila\u00e7lama vb k\u00fclt\u00fcrel i\u015flemler takip edilir. Ocak-\u015fubat aylar\u0131nda bu arazideki fidanlar s\u00f6k\u00fclerek se\u00e7meler yap\u0131l\u0131r. 1. boy olanlar se\u00e7ilir, s\u00fcrg\u00fcnler temizlenerek 2. g\u00f6zden kesilir ve parafinlenir, 25 adet demetler halinde ba\u011flan\u0131p, plastik po\u015fetler i\u00e7erisne belirli bir miktar su konarak so\u011fuk odada istiflenir ve sevkiyata\/dikime haz\u0131r hale getirilir.<\/p>\n<\/div>\n<\/div>\n<\/div>\t\t\t\t\t\t\t\t<\/div>\n\t\t\t\t<\/div>\n\t\t\t\t\t<\/div>\n\t\t<\/div>\n\t\t\t\t\t<\/div>\n\t\t<\/section>\n\t\t\t\t<\/div>\n\t\t","protected":false},"excerpt":{"rendered":"<p>Previous Next T\u00fcrkiye\u2019nin \u0130lk \u015earapl\u0131k \u00dcz\u00fcmde Uzman Sertifikal\u0131 Fidan \u00dcretimi Kavakl\u0131dere \u015earaplar\u0131 bir\u00e7ok farkl\u0131 mecburi sebebin bir araya gelmesi ile kendisi i\u00e7in ismine \u00f6zel ve daha kaliteli fidan yeti\u015ftirmek \u00fczere 2004 y\u0131l\u0131nda \u201cKav-Vin\u201d \u015firketinin temellerini att\u0131 ve 2005 y\u0131l\u0131nda da kendisine ait ilk fidanlar\u0131 \u00fcretmeye ba\u015flad\u0131. Bu giri\u015fimin arkas\u0131nda yatan ba\u015fl\u0131ca sebep; 90\u2019l\u0131 y\u0131llar\u0131n sonuna&#8230;<\/p>\n","protected":false},"author":1,"featured_media":0,"parent":336,"menu_order":0,"comment_status":"closed","ping_status":"closed","template":"","meta":{"inline_featured_image":false,"footnotes":""},"class_list":["post-989515","page","type-page","status-publish","hentry"],"_links":{"self":[{"href":"https:\/\/kavakliderewineshop.ch\/index.php?rest_route=\/wp\/v2\/pages\/989515","targetHints":{"allow":["GET"]}}],"collection":[{"href":"https:\/\/kavakliderewineshop.ch\/index.php?rest_route=\/wp\/v2\/pages"}],"about":[{"href":"https:\/\/kavakliderewineshop.ch\/index.php?rest_route=\/wp\/v2\/types\/page"}],"author":[{"embeddable":true,"href":"https:\/\/kavakliderewineshop.ch\/index.php?rest_route=\/wp\/v2\/users\/1"}],"replies":[{"embeddable":true,"href":"https:\/\/kavakliderewineshop.ch\/index.php?rest_route=%2Fwp%2Fv2%2Fcomments&post=989515"}],"version-history":[{"count":82,"href":"https:\/\/kavakliderewineshop.ch\/index.php?rest_route=\/wp\/v2\/pages\/989515\/revisions"}],"predecessor-version":[{"id":991945,"href":"https:\/\/kavakliderewineshop.ch\/index.php?rest_route=\/wp\/v2\/pages\/989515\/revisions\/991945"}],"up":[{"embeddable":true,"href":"https:\/\/kavakliderewineshop.ch\/index.php?rest_route=\/wp\/v2\/pages\/336"}],"wp:attachment":[{"href":"https:\/\/kavakliderewineshop.ch\/index.php?rest_route=%2Fwp%2Fv2%2Fmedia&parent=989515"}],"curies":[{"name":"wp","href":"https:\/\/api.w.org\/{rel}","templated":true}]}}