{"id":990373,"date":"2023-04-13T08:46:06","date_gmt":"2023-04-13T08:46:06","guid":{"rendered":"https:\/\/kavakliderewineshop.ch\/?page_id=990373"},"modified":"2023-06-19T15:55:17","modified_gmt":"2023-06-19T15:55:17","slug":"ficida-sanat","status":"publish","type":"page","link":"https:\/\/kavakliderewineshop.ch\/?page_id=990373","title":{"rendered":"F\u0131\u00e7\u0131&#8217;da Sanat"},"content":{"rendered":"\t\t<div data-elementor-type=\"wp-page\" data-elementor-id=\"990373\" class=\"elementor elementor-990373\" data-elementor-post-type=\"page\">\n\t\t\t\t\t\t<section class=\"elementor-section elementor-top-section elementor-element elementor-element-3ed5c7b8 elementor-section-height-min-height elementor-section-content-bottom elementor-section-boxed elementor-section-height-default elementor-section-items-middle\" data-id=\"3ed5c7b8\" data-element_type=\"section\" data-settings=\"{&quot;background_background&quot;:&quot;classic&quot;}\">\n\t\t\t\t\t\t\t<div class=\"elementor-background-overlay\"><\/div>\n\t\t\t\t\t\t\t<div class=\"elementor-container elementor-column-gap-default\">\n\t\t\t\t\t<div class=\"elementor-column elementor-col-100 elementor-top-column elementor-element elementor-element-d2bf954 animated-slow elementor-invisible\" data-id=\"d2bf954\" data-element_type=\"column\" data-settings=\"{&quot;animation&quot;:&quot;fadeInUp&quot;}\">\n\t\t\t<div class=\"elementor-widget-wrap\">\n\t\t\t\t\t\t\t<\/div>\n\t\t<\/div>\n\t\t\t\t\t<\/div>\n\t\t<\/section>\n\t\t\t\t<section class=\"elementor-section elementor-top-section elementor-element elementor-element-e0cecc5 elementor-section-boxed elementor-section-height-default elementor-section-height-default\" data-id=\"e0cecc5\" data-element_type=\"section\">\n\t\t\t\t\t\t<div class=\"elementor-container elementor-column-gap-default\">\n\t\t\t\t\t<div class=\"elementor-column elementor-col-100 elementor-top-column elementor-element elementor-element-7765a31\" data-id=\"7765a31\" data-element_type=\"column\">\n\t\t\t<div class=\"elementor-widget-wrap elementor-element-populated\">\n\t\t\t\t\t\t<div class=\"elementor-element elementor-element-b287255 elementor-widget elementor-widget-heading\" data-id=\"b287255\" data-element_type=\"widget\" data-widget_type=\"heading.default\">\n\t\t\t\t<div class=\"elementor-widget-container\">\n\t\t\t\t\t<h2 class=\"elementor-heading-title elementor-size-default\">F\u0131\u00e7\u0131'da Sanat<\/h2>\t\t\t\t<\/div>\n\t\t\t\t<\/div>\n\t\t\t\t\t<\/div>\n\t\t<\/div>\n\t\t\t\t\t<\/div>\n\t\t<\/section>\n\t\t\t\t<section class=\"elementor-section elementor-top-section elementor-element elementor-element-a75c41c animated-slow elementor-section-boxed elementor-section-height-default elementor-section-height-default elementor-invisible\" data-id=\"a75c41c\" data-element_type=\"section\" data-settings=\"{&quot;animation&quot;:&quot;fadeIn&quot;,&quot;animation_delay&quot;:400}\">\n\t\t\t\t\t\t<div class=\"elementor-container elementor-column-gap-default\">\n\t\t\t\t\t<div class=\"elementor-column elementor-col-100 elementor-top-column elementor-element elementor-element-ab19bc3\" data-id=\"ab19bc3\" data-element_type=\"column\">\n\t\t\t<div class=\"elementor-widget-wrap elementor-element-populated\">\n\t\t\t\t\t\t<div class=\"elementor-element elementor-element-1769f70 elementor-widget elementor-widget-text-editor\" data-id=\"1769f70\" data-element_type=\"widget\" data-widget_type=\"text-editor.default\">\n\t\t\t\t<div class=\"elementor-widget-container\">\n\t\t\t\t\t\t\t\t\t<p style=\"text-align: left;\">Kuruldu\u011fu g\u00fcnden beri farkl\u0131 kulvarlarda sanat\u0131n ve sanat\u00e7\u0131n\u0131n destek\u00e7isi olan Kavakl\u0131dere \u015earaplar\u0131, hem sanata hem de \u00e7evreye duyarl\u0131l\u0131\u011f\u0131 ile \u00f6nemli bir \u201cyeniden kullan\u0131m sanat projesine\u201d de imza atm\u0131\u015ft\u0131r. \u015earap yap\u0131m\u0131nda kullan\u0131lan f\u0131\u00e7\u0131lar\u0131n, art\u0131k \u00fcretim sahas\u0131nda \u00f6m\u00fcrleri dolduktan sonra \u00f6nemli sanat\u00e7\u0131larla bulu\u015fturarak e\u015fi olmayan \u00e7al\u0131\u015fmalar yapm\u0131\u015ft\u0131r.<\/p><p style=\"text-align: left;\">\u0130lkini 2010 y\u0131l\u0131nda ger\u00e7ekle\u015ftirdi\u011fi \u201cF\u0131\u00e7\u0131da Sanat\u201d konseptindeki koleksiyonuna \u201c<strong>Dionysos<\/strong><strong>&#8216;tan Hayyam&#8217;a 360\u00b0<\/strong>\u00a0<strong>Sanat: F\u0131\u00e7\u0131da<\/strong>\u201d ad\u0131n\u0131 vermi\u015f, bir sonrakini ise 2018 y\u0131l\u0131nda hayata ge\u00e7irerek bu projeye de \u201c<strong>Tortu<\/strong>\u201d ad\u0131n\u0131 vermi\u015ftir. Bir\u00e7ok farkl\u0131 tarzda ve ak\u0131mda olan sanat\u00e7\u0131n\u0131n bulu\u015ftu\u011fu bu projeler \u201cyeniden kullan\u0131m\u201d, \u201cgeri d\u00f6n\u00fc\u015f\u00fcm\u201d felsefesi ile de \u201cs\u00fcrd\u00fcr\u00fclebilir\u201d bir d\u00fcnya yaratmak konusunda ilham veren \u00e7al\u0131\u015fmalar haline gelmi\u015ftir.<\/p><p style=\"text-align: left;\">Sanat\u00e7\u0131lar taraf\u0131ndan \u00f6zenle haz\u0131rlanan bu sanat eserleri, g\u00fcn\u00fcm\u00fczde \u201cC\u00f4tes d\u2019Avanos Chateau\u201dsunun i\u00e7erisinde yer alan galeride sergilenmektedir.<\/p><p style=\"text-align: left;\">\u0130lerleyen d\u00f6nemlerde yeni projeleri de hayata ge\u00e7irmeyi planlayan Kavakl\u0131dere \u015earaplar\u0131, daima sanat\u0131n ve sanat\u00e7\u0131n\u0131n en b\u00fcy\u00fck destek\u00e7isi olmu\u015ftur.<\/p>\t\t\t\t\t\t\t\t<\/div>\n\t\t\t\t<\/div>\n\t\t\t\t\t<\/div>\n\t\t<\/div>\n\t\t\t\t\t<\/div>\n\t\t<\/section>\n\t\t\t\t<section class=\"elementor-section elementor-top-section elementor-element elementor-element-8d6aab0 elementor-section-boxed elementor-section-height-default elementor-section-height-default\" data-id=\"8d6aab0\" data-element_type=\"section\">\n\t\t\t\t\t\t<div class=\"elementor-container elementor-column-gap-default\">\n\t\t\t\t\t<div class=\"elementor-column elementor-col-100 elementor-top-column elementor-element elementor-element-7489c78\" data-id=\"7489c78\" data-element_type=\"column\">\n\t\t\t<div class=\"elementor-widget-wrap elementor-element-populated\">\n\t\t\t\t\t\t<div class=\"elementor-element elementor-element-36ce11a elementor-widget elementor-widget-heading\" data-id=\"36ce11a\" data-element_type=\"widget\" data-widget_type=\"heading.default\">\n\t\t\t\t<div class=\"elementor-widget-container\">\n\t\t\t\t\t<h2 class=\"elementor-heading-title elementor-size-default\">Dionysos'tan Hayyam'a <br>360\u00b0 Sanat F\u0131\u00e7\u0131'da<\/h2>\t\t\t\t<\/div>\n\t\t\t\t<\/div>\n\t\t\t\t<div class=\"elementor-element elementor-element-679e029 elementor-widget elementor-widget-text-editor\" data-id=\"679e029\" data-element_type=\"widget\" data-widget_type=\"text-editor.default\">\n\t\t\t\t<div class=\"elementor-widget-container\">\n\t\t\t\t\t\t\t\t\t<p>\u0130nsanl\u0131\u011f\u0131n binlerce y\u0131ll\u0131k tarihi ser\u00fcveninde yaratm\u0131\u015f oldu\u011fu medeniyetin en \u00f6nemli damar\u0131d\u0131r \u015farap. Uygarl\u0131k tarihi boyunca t\u00fcm geli\u015fmi\u015f medeniyetlerde \u015farab\u0131n oynad\u0131\u011f\u0131 rol yads\u0131namaz. Hititlerden S\u00fcmerler\u2019e, S\u00fcmerler\u2019den M\u0131s\u0131rl\u0131\u2019lara, yerle\u015fik hayata ge\u00e7ti\u011fimiz ilk g\u00fcnlerden itibaren Anadolu kaynakl\u0131 hayat suyu \u015farap, ola\u011fan\u00fcst\u00fc sayg\u0131 g\u00f6rm\u00fc\u015f, zaman zaman kutsal addedilmi\u015f, ad\u0131na Tanr\u0131\u2019lar yarat\u0131lm\u0131\u015f, bu Tanr\u0131\u2019lar u\u011fruna tap\u0131naklar in\u015fa edilmi\u015ftir.<\/p><p>T\u0131pk\u0131 sanat gibi \u015farap da, insanl\u0131\u011f\u0131 ve medeniyeti besleyen ana damarlardan biri olmu\u015ftur. 1929 y\u0131l\u0131nda kuruldu\u011fumuzda, kurucumuz Cenap And\u2019\u0131n \u201c\u015earap k\u00fclt\u00fcr\u00fc, \u00fclke k\u00fclt\u00fcr\u00fcne de katk\u0131d\u0131r.\u201d s\u00f6zleri, Kavakl\u0131dere \u015earaplar\u0131\u2019n\u0131n vizyonunu ve misyonunu belirlemi\u015ftir. Cenap And\u2019\u0131n, T\u00fcrkiye\u2019de sanat\u0131n geli\u015fmesi ve nitelik kazanmas\u0131 amac\u0131 ile 1973 y\u0131l\u0131nda kurdu\u011fu Sevda Cenap And M\u00fczik Vakf\u0131, kurulu\u015fundan bug\u00fcne \u00fclkemizde klasik m\u00fczi\u011fin yayg\u0131nla\u015fmas\u0131nda etkin rol oynam\u0131\u015ft\u0131r.<\/p><p>Ayr\u0131ca Vak\u0131f, 1984 y\u0131l\u0131ndan beri Ankaral\u0131 sanatsever kurulu\u015flar ve ki\u015filerle Uluslararas\u0131 Ankara<\/p><p>M\u00fczik Festivalini d\u00fczenlemektedir. 37 y\u0131ld\u0131r s\u00fcren ve Ankara\u2019n\u0131n tek uluslararas\u0131 m\u00fczik festivali olan bu organizasyonun \u00f6nc\u00fcs\u00fc ve destek\u00e7isi olarak, yaln\u0131zca m\u00fczi\u011fin de\u011fil sanat\u0131n di\u011fer alanlar\u0131n\u0131n da b\u00fcy\u00fck destek\u00e7isiyiz.<\/p><p>Gerek \u00fcz\u00fcm\u00fc ba\u011fda yeti\u015ftirirken, gerek kavda \u00f6zenle i\u015flerken, gerekse de harmanlay\u0131p yeni lezzetler yarat\u0131rken verilen eme\u011fi \u201c\u015farap sanat\u0131\u201d olarak adland\u0131rmak \u00e7ok do\u011fru olacakt\u0131r. Tutkuyla \u015farap \u00fcreten bir \u015farap \u00fcreticisi i\u00e7in me\u015fe f\u0131\u00e7\u0131 \u00fczerine koyu bordo rengini b\u0131rakan bir \u015farap lekesinin verdi\u011fi heyecan ile tuvale vurulan ilk f\u0131r\u00e7a darbesinin ressama verdi\u011fi heyecan ayn\u0131d\u0131r. Ger\u00e7ek bir \u015farap \u015farapseverin f\u0131\u00e7\u0131dan kadehe dolan \u015farab\u0131 seyriyle, ger\u00e7ek bir sanatseverin bitmi\u015f bir sanat eserine bak\u0131\u015f\u0131nda duydu\u011fu heyecan da ayn\u0131d\u0131r.<\/p><p>\u0130\u015fte bu sebeplerden dolay\u0131, Kavakl\u0131dere \u015earaplar\u0131 olarak me\u015fe f\u0131\u00e7\u0131lar\u0131m\u0131z\u0131n sanat\u00e7\u0131lar\u0131n elinde yeniden hayat bulmu\u015f olmalar\u0131 bizim i\u00e7in \u00e7ok fazla ifade anlam ifade ediyor. Bitmi\u015f eserlere bakt\u0131\u011f\u0131m\u0131zda, insan eme\u011finin sanata d\u00f6n\u00fc\u015fmesine katk\u0131da bulunmu\u015f olmaktan mutluluk duyuyoruz.<\/p><p>F\u0131\u00e7\u0131lar\u0131m\u0131za hayat veren de\u011fer veren de\u011ferli sanat\u00e7\u0131lar\u0131m\u0131za sonsuz te\u015fekk\u00fcrlerimizi sunar\u0131z.<\/p><p>\u00a0<\/p>\t\t\t\t\t\t\t\t<\/div>\n\t\t\t\t<\/div>\n\t\t\t\t<div class=\"elementor-element elementor-element-123f710 elementor-widget elementor-widget-text-editor\" data-id=\"123f710\" data-element_type=\"widget\" data-widget_type=\"text-editor.default\">\n\t\t\t\t<div class=\"elementor-widget-container\">\n\t\t\t\t\t\t\t\t\t<p style=\"text-align: center;\"><a href=\"https:\/\/kavakliderewineshop.ch\/dionysostan_hayyama_360_sanat_f\u0131\u00e7\u0131da.pdf\"><strong>Katalo\u011fumuzu \u0130nceleyin<\/strong><\/a><\/p>\t\t\t\t\t\t\t\t<\/div>\n\t\t\t\t<\/div>\n\t\t\t\t\t<\/div>\n\t\t<\/div>\n\t\t\t\t\t<\/div>\n\t\t<\/section>\n\t\t\t\t<section class=\"elementor-section elementor-top-section elementor-element elementor-element-415ce9b7 elementor-section-boxed elementor-section-height-default elementor-section-height-default\" data-id=\"415ce9b7\" data-element_type=\"section\">\n\t\t\t\t\t\t<div class=\"elementor-container elementor-column-gap-default\">\n\t\t\t\t\t<div class=\"elementor-column elementor-col-100 elementor-top-column elementor-element elementor-element-66819f60\" data-id=\"66819f60\" data-element_type=\"column\">\n\t\t\t<div class=\"elementor-widget-wrap elementor-element-populated\">\n\t\t\t\t\t\t<div class=\"elementor-element elementor-element-e8c1771 elementor-widget elementor-widget-heading\" data-id=\"e8c1771\" data-element_type=\"widget\" data-widget_type=\"heading.default\">\n\t\t\t\t<div class=\"elementor-widget-container\">\n\t\t\t\t\t<h2 class=\"elementor-heading-title elementor-size-default\">Tortu<\/h2>\t\t\t\t<\/div>\n\t\t\t\t<\/div>\n\t\t\t\t<div class=\"elementor-element elementor-element-c04a7e6 elementor-widget elementor-widget-text-editor\" data-id=\"c04a7e6\" data-element_type=\"widget\" data-widget_type=\"text-editor.default\">\n\t\t\t\t<div class=\"elementor-widget-container\">\n\t\t\t\t\t\t\t\t\t<p>\u201cTortu Projesi\u201d, Armoni Sanat Galerisi \u2013 Platform A ve Kavakl\u0131dere \u015eirketler Grubu i\u015f birli\u011finde ger\u00e7ekle\u015ftirilmi\u015ftir.<\/p><p>\u00c7izgilerini tuvaller \u00fczerinde ya da farkl\u0131 malzemeler ile yaratt\u0131klar\u0131 heykellerinde g\u00f6rmeye al\u0131\u015f\u0131k oldu\u011fumuz, farkl\u0131 disiplinlerden gelen 25 sanat\u00e7\u0131n\u0131n, bu sefer bamba\u015fka bir mecrada kar\u015f\u0131m\u0131za c\u0131kmas\u0131yla kullan\u0131lm\u0131\u015f \u015farap f\u0131\u00e7\u0131lar\u0131 birer sanat eserine d\u00f6n\u00fc\u015ft\u00fc.<\/p><p>55 cm \u00e7ap\u0131nda yuvarlak tuvallere ise f\u0131\u00e7\u0131 kapa\u011f\u0131 varsay\u0131m\u0131yla \u00e7al\u0131\u015fan sanatc\u0131lar\u0131m\u0131z, b\u00f6ylece bu \u00f6zel projeyi y\u0131llarca evlerine misafir etmek isteyen sanat severler i\u00e7in harika eserler ortaya c\u0131karm\u0131\u015ft\u0131r. Kavakl\u0131dere \u00f6zel koleksiyonunda yer alan eserler Kavakl\u0131dere\u2019nin sanata, sanat\u00e7\u0131ya, sanatsevere verdi\u011fi destek ve de\u011fer kapsam\u0131nda 24 Kas\u0131m-13 Aral\u0131k 2018 tarihleri aras\u0131nda sergilenmi\u015ftir.<\/p>\t\t\t\t\t\t\t\t<\/div>\n\t\t\t\t<\/div>\n\t\t\t\t<div class=\"elementor-element elementor-element-4d078e1 elementor-widget elementor-widget-text-editor\" data-id=\"4d078e1\" data-element_type=\"widget\" data-widget_type=\"text-editor.default\">\n\t\t\t\t<div class=\"elementor-widget-container\">\n\t\t\t\t\t\t\t\t\t<p style=\"text-align: center;\"><a href=\"https:\/\/kavakliderewineshop.ch\/wp-content\/uploads\/2023\/05\/tortu_katalogu.pdf\"><strong>Katalo\u011fumuzu \u0130nceleyin<\/strong><\/a><\/p>\t\t\t\t\t\t\t\t<\/div>\n\t\t\t\t<\/div>\n\t\t\t\t<div class=\"elementor-element elementor-element-3bcb31d1 elementor-widget__width-inherit elementor-skin-carousel elementor-arrows-yes elementor-pagination-type-bullets elementor-pagination-position-outside elementor-widget elementor-widget-media-carousel\" data-id=\"3bcb31d1\" data-element_type=\"widget\" data-settings=\"{&quot;slides_per_view&quot;:&quot;3&quot;,&quot;slides_per_view_tablet&quot;:&quot;1&quot;,&quot;autoplay_speed&quot;:1500,&quot;slides_to_scroll&quot;:&quot;1&quot;,&quot;space_between&quot;:{&quot;unit&quot;:&quot;px&quot;,&quot;size&quot;:50,&quot;sizes&quot;:[]},&quot;speed&quot;:1000,&quot;lazyload&quot;:&quot;yes&quot;,&quot;skin&quot;:&quot;carousel&quot;,&quot;effect&quot;:&quot;slide&quot;,&quot;show_arrows&quot;:&quot;yes&quot;,&quot;pagination&quot;:&quot;bullets&quot;,&quot;autoplay&quot;:&quot;yes&quot;,&quot;loop&quot;:&quot;yes&quot;,&quot;pause_on_hover&quot;:&quot;yes&quot;,&quot;pause_on_interaction&quot;:&quot;yes&quot;,&quot;space_between_tablet&quot;:{&quot;unit&quot;:&quot;px&quot;,&quot;size&quot;:10,&quot;sizes&quot;:[]},&quot;space_between_mobile&quot;:{&quot;unit&quot;:&quot;px&quot;,&quot;size&quot;:10,&quot;sizes&quot;:[]}}\" data-widget_type=\"media-carousel.default\">\n\t\t\t\t<div class=\"elementor-widget-container\">\n\t\t\t\t\t\t\t\t\t<div class=\"elementor-swiper\">\n\t\t\t\t\t<div class=\"elementor-main-swiper swiper\" role=\"region\" aria-roledescription=\"carousel\" aria-label=\"Slides\">\n\t\t\t\t<div class=\"swiper-wrapper\">\n\t\t\t\t\t\t\t\t\t\t\t<div class=\"swiper-slide\" role=\"group\" aria-roledescription=\"slide\">\n\t\t\t\t\t\t\t\t\t<div class=\"elementor-carousel-image swiper-lazy\" role=\"img\" aria-label=\"02\" data-background=\"https:\/\/kavakliderewineshop.ch\/wp-content\/uploads\/2023\/04\/02.jpg\">\n\n\t\t\t\t\t\t\t<div class=\"swiper-lazy-preloader\"><\/div>\n\t\t\t\n\t\t\t\t\t<\/div>\n\t\t\t\t\t\t\t\t<\/div>\n\t\t\t\t\t\t\t\t\t\t\t<div class=\"swiper-slide\" role=\"group\" aria-roledescription=\"slide\">\n\t\t\t\t\t\t\t\t\t<div class=\"elementor-carousel-image swiper-lazy\" role=\"img\" aria-label=\"03\" data-background=\"https:\/\/kavakliderewineshop.ch\/wp-content\/uploads\/2023\/04\/03.jpg\">\n\n\t\t\t\t\t\t\t<div class=\"swiper-lazy-preloader\"><\/div>\n\t\t\t\n\t\t\t\t\t<\/div>\n\t\t\t\t\t\t\t\t<\/div>\n\t\t\t\t\t\t\t\t\t\t\t<div class=\"swiper-slide\" role=\"group\" aria-roledescription=\"slide\">\n\t\t\t\t\t\t\t\t\t<div class=\"elementor-carousel-image swiper-lazy\" role=\"img\" aria-label=\"fici\" data-background=\"https:\/\/kavakliderewineshop.ch\/wp-content\/uploads\/2023\/04\/fici.jpg\">\n\n\t\t\t\t\t\t\t<div class=\"swiper-lazy-preloader\"><\/div>\n\t\t\t\n\t\t\t\t\t<\/div>\n\t\t\t\t\t\t\t\t<\/div>\n\t\t\t\t\t\t\t\t\t\t\t<div class=\"swiper-slide\" role=\"group\" aria-roledescription=\"slide\">\n\t\t\t\t\t\t\t\t\t<div class=\"elementor-carousel-image swiper-lazy\" role=\"img\" aria-label=\"kap-123\" data-background=\"https:\/\/kavakliderewineshop.ch\/wp-content\/uploads\/2023\/06\/kap-123.jpg\">\n\n\t\t\t\t\t\t\t<div class=\"swiper-lazy-preloader\"><\/div>\n\t\t\t\n\t\t\t\t\t<\/div>\n\t\t\t\t\t\t\t\t<\/div>\n\t\t\t\t\t\t\t\t\t\t\t<div class=\"swiper-slide\" role=\"group\" aria-roledescription=\"slide\">\n\t\t\t\t\t\t\t\t\t<div class=\"elementor-carousel-image swiper-lazy\" role=\"img\" aria-label=\"kap-122\" data-background=\"https:\/\/kavakliderewineshop.ch\/wp-content\/uploads\/2023\/06\/kap-122.jpg\">\n\n\t\t\t\t\t\t\t<div class=\"swiper-lazy-preloader\"><\/div>\n\t\t\t\n\t\t\t\t\t<\/div>\n\t\t\t\t\t\t\t\t<\/div>\n\t\t\t\t\t\t\t\t\t\t\t<div class=\"swiper-slide\" role=\"group\" aria-roledescription=\"slide\">\n\t\t\t\t\t\t\t\t\t<div class=\"elementor-carousel-image swiper-lazy\" role=\"img\" aria-label=\"kap-127\" data-background=\"https:\/\/kavakliderewineshop.ch\/wp-content\/uploads\/2023\/06\/kap-127.jpg\">\n\n\t\t\t\t\t\t\t<div class=\"swiper-lazy-preloader\"><\/div>\n\t\t\t\n\t\t\t\t\t<\/div>\n\t\t\t\t\t\t\t\t<\/div>\n\t\t\t\t\t\t\t\t\t<\/div>\n\t\t\t\t\t\t\t\t\t\t\t\t\t\t\t<div class=\"elementor-swiper-button elementor-swiper-button-prev\" role=\"button\" tabindex=\"0\" aria-label=\"Previous\">\n\t\t\t\t\t\t\t<i aria-hidden=\"true\" class=\"eicon-chevron-left\"><\/i>\t\t\t\t\t\t<\/div>\n\t\t\t\t\t\t<div class=\"elementor-swiper-button elementor-swiper-button-next\" role=\"button\" tabindex=\"0\" aria-label=\"Next\">\n\t\t\t\t\t\t\t<i aria-hidden=\"true\" class=\"eicon-chevron-right\"><\/i>\t\t\t\t\t\t<\/div>\n\t\t\t\t\t\t\t\t\t\t\t\t\t\t\t\t<div class=\"swiper-pagination\"><\/div>\n\t\t\t\t\t\t\t\t\t\t\t\t<\/div>\n\t\t\t\t<\/div>\n\t\t\t\t\t\t\t\t<\/div>\n\t\t\t\t<\/div>\n\t\t\t\t\t<\/div>\n\t\t<\/div>\n\t\t\t\t\t<\/div>\n\t\t<\/section>\n\t\t\t\t<\/div>\n\t\t","protected":false},"excerpt":{"rendered":"<p>F\u0131\u00e7\u0131&#8217;da Sanat Kuruldu\u011fu g\u00fcnden beri farkl\u0131 kulvarlarda sanat\u0131n ve sanat\u00e7\u0131n\u0131n destek\u00e7isi olan Kavakl\u0131dere \u015earaplar\u0131, hem sanata hem de \u00e7evreye duyarl\u0131l\u0131\u011f\u0131 ile \u00f6nemli bir \u201cyeniden kullan\u0131m sanat projesine\u201d de imza atm\u0131\u015ft\u0131r. \u015earap yap\u0131m\u0131nda kullan\u0131lan f\u0131\u00e7\u0131lar\u0131n, art\u0131k \u00fcretim sahas\u0131nda \u00f6m\u00fcrleri dolduktan sonra \u00f6nemli sanat\u00e7\u0131larla bulu\u015fturarak e\u015fi olmayan \u00e7al\u0131\u015fmalar yapm\u0131\u015ft\u0131r. \u0130lkini 2010 y\u0131l\u0131nda ger\u00e7ekle\u015ftirdi\u011fi \u201cF\u0131\u00e7\u0131da Sanat\u201d konseptindeki koleksiyonuna&#8230;<\/p>\n","protected":false},"author":1,"featured_media":0,"parent":0,"menu_order":0,"comment_status":"closed","ping_status":"closed","template":"","meta":{"inline_featured_image":false,"footnotes":""},"class_list":["post-990373","page","type-page","status-publish","hentry"],"_links":{"self":[{"href":"https:\/\/kavakliderewineshop.ch\/index.php?rest_route=\/wp\/v2\/pages\/990373","targetHints":{"allow":["GET"]}}],"collection":[{"href":"https:\/\/kavakliderewineshop.ch\/index.php?rest_route=\/wp\/v2\/pages"}],"about":[{"href":"https:\/\/kavakliderewineshop.ch\/index.php?rest_route=\/wp\/v2\/types\/page"}],"author":[{"embeddable":true,"href":"https:\/\/kavakliderewineshop.ch\/index.php?rest_route=\/wp\/v2\/users\/1"}],"replies":[{"embeddable":true,"href":"https:\/\/kavakliderewineshop.ch\/index.php?rest_route=%2Fwp%2Fv2%2Fcomments&post=990373"}],"version-history":[{"count":49,"href":"https:\/\/kavakliderewineshop.ch\/index.php?rest_route=\/wp\/v2\/pages\/990373\/revisions"}],"predecessor-version":[{"id":991905,"href":"https:\/\/kavakliderewineshop.ch\/index.php?rest_route=\/wp\/v2\/pages\/990373\/revisions\/991905"}],"wp:attachment":[{"href":"https:\/\/kavakliderewineshop.ch\/index.php?rest_route=%2Fwp%2Fv2%2Fmedia&parent=990373"}],"curies":[{"name":"wp","href":"https:\/\/api.w.org\/{rel}","templated":true}]}}