{"id":990878,"date":"2023-05-11T17:48:49","date_gmt":"2023-05-11T17:48:49","guid":{"rendered":"https:\/\/kavakliderewineshop.ch\/?page_id=990878"},"modified":"2023-05-23T10:53:35","modified_gmt":"2023-05-23T10:53:35","slug":"bag-bozumu","status":"publish","type":"page","link":"https:\/\/kavakliderewineshop.ch\/?page_id=990878","title":{"rendered":"Ba\u011f Bozumu"},"content":{"rendered":"\t\t<div data-elementor-type=\"wp-page\" data-elementor-id=\"990878\" class=\"elementor elementor-990878\" data-elementor-post-type=\"page\">\n\t\t\t\t\t\t<section class=\"elementor-section elementor-top-section elementor-element elementor-element-3ed5c7b8 elementor-section-height-min-height elementor-section-content-bottom elementor-section-boxed elementor-section-height-default elementor-section-items-middle\" data-id=\"3ed5c7b8\" data-element_type=\"section\" data-settings=\"{&quot;background_background&quot;:&quot;classic&quot;}\">\n\t\t\t\t\t\t\t<div class=\"elementor-background-overlay\"><\/div>\n\t\t\t\t\t\t\t<div class=\"elementor-container elementor-column-gap-default\">\n\t\t\t\t\t<div class=\"elementor-column elementor-col-100 elementor-top-column elementor-element elementor-element-151c997\" data-id=\"151c997\" data-element_type=\"column\">\n\t\t\t<div class=\"elementor-widget-wrap\">\n\t\t\t\t\t\t\t<\/div>\n\t\t<\/div>\n\t\t\t\t\t<\/div>\n\t\t<\/section>\n\t\t\t\t<section class=\"elementor-section elementor-top-section elementor-element elementor-element-23a97c4 elementor-section-boxed elementor-section-height-default elementor-section-height-default\" data-id=\"23a97c4\" data-element_type=\"section\">\n\t\t\t\t\t\t<div class=\"elementor-container elementor-column-gap-default\">\n\t\t\t\t\t<div class=\"elementor-column elementor-col-100 elementor-top-column elementor-element elementor-element-92e14f4\" data-id=\"92e14f4\" data-element_type=\"column\">\n\t\t\t<div class=\"elementor-widget-wrap elementor-element-populated\">\n\t\t\t\t\t\t<div class=\"elementor-element elementor-element-5dd3800 elementor-widget elementor-widget-heading\" data-id=\"5dd3800\" data-element_type=\"widget\" data-widget_type=\"heading.default\">\n\t\t\t\t<div class=\"elementor-widget-container\">\n\t\t\t\t\t<h2 class=\"elementor-heading-title elementor-size-default\">\u0130nsan Kaynaklar\u0131, Geli\u015fim ve \u0130leti\u015fim<\/h2>\t\t\t\t<\/div>\n\t\t\t\t<\/div>\n\t\t\t\t\t<\/div>\n\t\t<\/div>\n\t\t\t\t\t<\/div>\n\t\t<\/section>\n\t\t\t\t<section class=\"elementor-section elementor-top-section elementor-element elementor-element-67868c8 elementor-section-height-min-height elementor-section-items-top elementor-section-stretched elementor-section-boxed elementor-section-height-default\" data-id=\"67868c8\" data-element_type=\"section\" data-settings=\"{&quot;background_background&quot;:&quot;classic&quot;,&quot;stretch_section&quot;:&quot;section-stretched&quot;}\">\n\t\t\t\t\t\t\t<div class=\"elementor-background-overlay\"><\/div>\n\t\t\t\t\t\t\t<div class=\"elementor-container elementor-column-gap-no\">\n\t\t\t\t\t<div class=\"elementor-column elementor-col-50 elementor-top-column elementor-element elementor-element-5f4542a\" data-id=\"5f4542a\" data-element_type=\"column\">\n\t\t\t<div class=\"elementor-widget-wrap elementor-element-populated\">\n\t\t\t\t\t\t<section class=\"elementor-section elementor-inner-section elementor-element elementor-element-ccb8090 elementor-section-full_width elementor-section-height-min-height elementor-section-content-top elementor-section-height-default\" data-id=\"ccb8090\" data-element_type=\"section\" data-settings=\"{&quot;background_background&quot;:&quot;classic&quot;,&quot;sticky&quot;:&quot;top&quot;,&quot;sticky_on&quot;:[&quot;desktop&quot;,&quot;tablet&quot;,&quot;mobile&quot;],&quot;sticky_offset&quot;:0,&quot;sticky_effects_offset&quot;:0,&quot;sticky_anchor_link_offset&quot;:0}\">\n\t\t\t\t\t\t<div class=\"elementor-container elementor-column-gap-narrow\">\n\t\t\t\t\t<div class=\"elementor-column elementor-col-100 elementor-inner-column elementor-element elementor-element-4f1a5eb\" data-id=\"4f1a5eb\" data-element_type=\"column\">\n\t\t\t<div class=\"elementor-widget-wrap elementor-element-populated\">\n\t\t\t\t\t\t<div class=\"elementor-element elementor-element-223939a elementor-widget__width-initial elementor-align-left elementor-icon-list--layout-inline elementor-list-item-link-full_width elementor-widget elementor-widget-icon-list\" data-id=\"223939a\" data-element_type=\"widget\" data-settings=\"{&quot;sticky&quot;:&quot;bottom&quot;,&quot;sticky_on&quot;:[&quot;desktop&quot;,&quot;tablet&quot;,&quot;mobile&quot;],&quot;sticky_offset&quot;:0,&quot;sticky_effects_offset&quot;:0,&quot;sticky_anchor_link_offset&quot;:0}\" data-widget_type=\"icon-list.default\">\n\t\t\t\t<div class=\"elementor-widget-container\">\n\t\t\t\t\t\t\t<ul class=\"elementor-icon-list-items elementor-inline-items\">\n\t\t\t\t\t\t\t<li class=\"elementor-icon-list-item elementor-inline-item\">\n\t\t\t\t\t\t\t\t\t\t\t<a href=\"https:\/\/kavakliderewineshop.ch\/?page_id=989129\">\n\n\t\t\t\t\t\t\t\t\t\t\t\t<span class=\"elementor-icon-list-icon\">\n\t\t\t\t\t\t\t<i aria-hidden=\"true\" class=\"fas fa-check-circle\"><\/i>\t\t\t\t\t\t<\/span>\n\t\t\t\t\t\t\t\t\t\t<span class=\"elementor-icon-list-text\">\u0130\u015eE ALIM<\/span>\n\t\t\t\t\t\t\t\t\t\t\t<\/a>\n\t\t\t\t\t\t\t\t\t<\/li>\n\t\t\t\t\t\t\t\t<li class=\"elementor-icon-list-item elementor-inline-item\">\n\t\t\t\t\t\t\t\t\t\t\t<a href=\"https:\/\/kavakliderewineshop.ch\/?page_id=990864\">\n\n\t\t\t\t\t\t\t\t\t\t\t\t<span class=\"elementor-icon-list-icon\">\n\t\t\t\t\t\t\t<i aria-hidden=\"true\" class=\"fas fa-chalkboard-teacher\"><\/i>\t\t\t\t\t\t<\/span>\n\t\t\t\t\t\t\t\t\t\t<span class=\"elementor-icon-list-text\">YETENEK PROGRAMI<\/span>\n\t\t\t\t\t\t\t\t\t\t\t<\/a>\n\t\t\t\t\t\t\t\t\t<\/li>\n\t\t\t\t\t\t\t\t<li class=\"elementor-icon-list-item elementor-inline-item\">\n\t\t\t\t\t\t\t\t\t\t\t<a href=\"https:\/\/kavakliderewineshop.ch\/?page_id=990878\">\n\n\t\t\t\t\t\t\t\t\t\t\t\t<span class=\"elementor-icon-list-icon\">\n\t\t\t\t\t\t\t<i aria-hidden=\"true\" class=\"fab fa-pagelines\"><\/i>\t\t\t\t\t\t<\/span>\n\t\t\t\t\t\t\t\t\t\t<span class=\"elementor-icon-list-text\">BA\u011e BOZUMU<\/span>\n\t\t\t\t\t\t\t\t\t\t\t<\/a>\n\t\t\t\t\t\t\t\t\t<\/li>\n\t\t\t\t\t\t\t\t<li class=\"elementor-icon-list-item elementor-inline-item\">\n\t\t\t\t\t\t\t\t\t\t\t<a href=\"https:\/\/kavakliderewineshop.ch\/?page_id=990884\">\n\n\t\t\t\t\t\t\t\t\t\t\t\t<span class=\"elementor-icon-list-icon\">\n\t\t\t\t\t\t\t<i aria-hidden=\"true\" class=\"fas fa-book-reader\"><\/i>\t\t\t\t\t\t<\/span>\n\t\t\t\t\t\t\t\t\t\t<span class=\"elementor-icon-list-text\">KAVAKLIDERE AKADEM\u0130<\/span>\n\t\t\t\t\t\t\t\t\t\t\t<\/a>\n\t\t\t\t\t\t\t\t\t<\/li>\n\t\t\t\t\t\t\t\t<li class=\"elementor-icon-list-item elementor-inline-item\">\n\t\t\t\t\t\t\t\t\t\t\t<a href=\"https:\/\/kavakliderewineshop.ch\/?page_id=990892\">\n\n\t\t\t\t\t\t\t\t\t\t\t\t<span class=\"elementor-icon-list-icon\">\n\t\t\t\t\t\t\t<i aria-hidden=\"true\" class=\"fas fa-wine-glass\"><\/i>\t\t\t\t\t\t<\/span>\n\t\t\t\t\t\t\t\t\t\t<span class=\"elementor-icon-list-text\">SATI\u015e OKULU<\/span>\n\t\t\t\t\t\t\t\t\t\t\t<\/a>\n\t\t\t\t\t\t\t\t\t<\/li>\n\t\t\t\t\t\t\t\t<li class=\"elementor-icon-list-item elementor-inline-item\">\n\t\t\t\t\t\t\t\t\t\t\t<a href=\"https:\/\/kavakliderewineshop.ch\/?page_id=990901\">\n\n\t\t\t\t\t\t\t\t\t\t\t\t<span class=\"elementor-icon-list-icon\">\n\t\t\t\t\t\t\t<i aria-hidden=\"true\" class=\"fas fa-map-marked-alt\"><\/i>\t\t\t\t\t\t<\/span>\n\t\t\t\t\t\t\t\t\t\t<span class=\"elementor-icon-list-text\">LOKASYONLARIMIZ VE SAYILARLA KAVAKLIDERE<\/span>\n\t\t\t\t\t\t\t\t\t\t\t<\/a>\n\t\t\t\t\t\t\t\t\t<\/li>\n\t\t\t\t\t\t<\/ul>\n\t\t\t\t\t\t<\/div>\n\t\t\t\t<\/div>\n\t\t\t\t\t<\/div>\n\t\t<\/div>\n\t\t\t\t\t<\/div>\n\t\t<\/section>\n\t\t\t\t\t<\/div>\n\t\t<\/div>\n\t\t\t\t<div class=\"elementor-column elementor-col-50 elementor-top-column elementor-element elementor-element-2d35d20\" data-id=\"2d35d20\" data-element_type=\"column\" data-settings=\"{&quot;background_background&quot;:&quot;classic&quot;}\">\n\t\t\t<div class=\"elementor-widget-wrap elementor-element-populated\">\n\t\t\t\t\t\t<div class=\"elementor-element elementor-element-3a59164 elementor-widget elementor-widget-image\" data-id=\"3a59164\" data-element_type=\"widget\" data-widget_type=\"image.default\">\n\t\t\t\t<div class=\"elementor-widget-container\">\n\t\t\t\t\t\t\t\t\t\t\t\t\t\t\t<img fetchpriority=\"high\" decoding=\"async\" width=\"1024\" height=\"576\" src=\"https:\/\/kavakliderewineshop.ch\/wp-content\/uploads\/2023\/05\/bag_bozumu_yolculugu-1024x576.png\" class=\"attachment-large size-large wp-image-991234\" alt=\"\" srcset=\"https:\/\/kavakliderewineshop.ch\/wp-content\/uploads\/2023\/05\/bag_bozumu_yolculugu-1024x576.png 1024w, https:\/\/kavakliderewineshop.ch\/wp-content\/uploads\/2023\/05\/bag_bozumu_yolculugu-300x169.png 300w, https:\/\/kavakliderewineshop.ch\/wp-content\/uploads\/2023\/05\/bag_bozumu_yolculugu-768x432.png 768w, https:\/\/kavakliderewineshop.ch\/wp-content\/uploads\/2023\/05\/bag_bozumu_yolculugu-1536x864.png 1536w, https:\/\/kavakliderewineshop.ch\/wp-content\/uploads\/2023\/05\/bag_bozumu_yolculugu.png 1920w\" sizes=\"(max-width: 1024px) 100vw, 1024px\" \/>\t\t\t\t\t\t\t\t\t\t\t\t\t\t\t<\/div>\n\t\t\t\t<\/div>\n\t\t\t\t<div class=\"elementor-element elementor-element-37f7f7e elementor-widget elementor-widget-text-editor\" data-id=\"37f7f7e\" data-element_type=\"widget\" data-widget_type=\"text-editor.default\">\n\t\t\t\t<div class=\"elementor-widget-container\">\n\t\t\t\t\t\t\t\t\t<p style=\"text-align: left;\">K\u00f6kleri derinlere inen, bulundu\u011fu her topra\u011f\u0131 varl\u0131\u011f\u0131yla bereketlendiren, T\u00fcrkiye\u2019nin d\u00f6rt bir yan\u0131ndan gelen \u00fcz\u00fcmleri tan\u0131mak, yok olmaktan kurtar\u0131lan Anadolu \u00fcz\u00fcmlerine dokunarak, yabanc\u0131 \u00fcz\u00fcmlerin topraklar\u0131m\u0131zdaki uyumunu \u00f6\u011frenmek isteyen bizimle beraber en g\u00fczel ba\u011flar\u0131 kurmak ve ya\u015fatmak i\u00e7in gen\u00e7 yeteneklerle tan\u0131\u015f\u0131yoruz.<\/p><p style=\"text-align: left;\">Her y\u0131l ba\u011f bozumu yolculu\u011funda aram\u0131za kat\u0131lan Aday M\u00fchendis ve Stajyerlerimizle Kavakl\u0131dere\u2019nin o y\u0131lki \u00fcretim \u00f6yk\u00fcs\u00fcn\u00fc birlikte olu\u015fturuyoruz. \u00a0<\/p>\t\t\t\t\t\t\t\t<\/div>\n\t\t\t\t<\/div>\n\t\t\t\t<div class=\"elementor-element elementor-element-4d61d4f elementor-widget elementor-widget-image\" data-id=\"4d61d4f\" data-element_type=\"widget\" data-widget_type=\"image.default\">\n\t\t\t\t<div class=\"elementor-widget-container\">\n\t\t\t\t\t\t\t\t\t\t\t\t\t\t\t<img decoding=\"async\" width=\"1024\" height=\"575\" src=\"https:\/\/kavakliderewineshop.ch\/wp-content\/uploads\/2023\/05\/Group-3964-1024x575.png\" class=\"attachment-large size-large wp-image-991189\" alt=\"\" srcset=\"https:\/\/kavakliderewineshop.ch\/wp-content\/uploads\/2023\/05\/Group-3964-1024x575.png 1024w, https:\/\/kavakliderewineshop.ch\/wp-content\/uploads\/2023\/05\/Group-3964-300x168.png 300w, https:\/\/kavakliderewineshop.ch\/wp-content\/uploads\/2023\/05\/Group-3964-768x431.png 768w, https:\/\/kavakliderewineshop.ch\/wp-content\/uploads\/2023\/05\/Group-3964-1536x862.png 1536w, https:\/\/kavakliderewineshop.ch\/wp-content\/uploads\/2023\/05\/Group-3964-2048x1150.png 2048w\" sizes=\"(max-width: 1024px) 100vw, 1024px\" \/>\t\t\t\t\t\t\t\t\t\t\t\t\t\t\t<\/div>\n\t\t\t\t<\/div>\n\t\t\t\t<div class=\"elementor-element elementor-element-4aa2740 elementor-widget elementor-widget-image\" data-id=\"4aa2740\" data-element_type=\"widget\" data-widget_type=\"image.default\">\n\t\t\t\t<div class=\"elementor-widget-container\">\n\t\t\t\t\t\t\t\t\t\t\t\t\t\t\t<img decoding=\"async\" width=\"1024\" height=\"192\" src=\"https:\/\/kavakliderewineshop.ch\/wp-content\/uploads\/2023\/05\/Group-3960-1024x192.png\" class=\"attachment-large size-large wp-image-991132\" alt=\"\" srcset=\"https:\/\/kavakliderewineshop.ch\/wp-content\/uploads\/2023\/05\/Group-3960-1024x192.png 1024w, https:\/\/kavakliderewineshop.ch\/wp-content\/uploads\/2023\/05\/Group-3960-300x56.png 300w, https:\/\/kavakliderewineshop.ch\/wp-content\/uploads\/2023\/05\/Group-3960-768x144.png 768w, https:\/\/kavakliderewineshop.ch\/wp-content\/uploads\/2023\/05\/Group-3960-1536x288.png 1536w, https:\/\/kavakliderewineshop.ch\/wp-content\/uploads\/2023\/05\/Group-3960-2048x385.png 2048w\" sizes=\"(max-width: 1024px) 100vw, 1024px\" \/>\t\t\t\t\t\t\t\t\t\t\t\t\t\t\t<\/div>\n\t\t\t\t<\/div>\n\t\t\t\t<div class=\"elementor-element elementor-element-743784c elementor-widget elementor-widget-image\" data-id=\"743784c\" data-element_type=\"widget\" data-widget_type=\"image.default\">\n\t\t\t\t<div class=\"elementor-widget-container\">\n\t\t\t\t\t\t\t\t\t\t\t\t\t\t\t<img loading=\"lazy\" decoding=\"async\" width=\"1024\" height=\"225\" src=\"https:\/\/kavakliderewineshop.ch\/wp-content\/uploads\/2023\/05\/Group-3965-1024x225.png\" class=\"attachment-large size-large wp-image-991190\" alt=\"\" srcset=\"https:\/\/kavakliderewineshop.ch\/wp-content\/uploads\/2023\/05\/Group-3965-1024x225.png 1024w, https:\/\/kavakliderewineshop.ch\/wp-content\/uploads\/2023\/05\/Group-3965-300x66.png 300w, https:\/\/kavakliderewineshop.ch\/wp-content\/uploads\/2023\/05\/Group-3965-768x168.png 768w, https:\/\/kavakliderewineshop.ch\/wp-content\/uploads\/2023\/05\/Group-3965-1536x337.png 1536w, https:\/\/kavakliderewineshop.ch\/wp-content\/uploads\/2023\/05\/Group-3965-2048x449.png 2048w\" sizes=\"(max-width: 1024px) 100vw, 1024px\" \/>\t\t\t\t\t\t\t\t\t\t\t\t\t\t\t<\/div>\n\t\t\t\t<\/div>\n\t\t\t\t<div class=\"elementor-element elementor-element-fd01a13 elementor-widget elementor-widget-image\" data-id=\"fd01a13\" data-element_type=\"widget\" data-widget_type=\"image.default\">\n\t\t\t\t<div class=\"elementor-widget-container\">\n\t\t\t\t\t\t\t\t\t\t\t\t\t\t\t<img loading=\"lazy\" decoding=\"async\" width=\"1024\" height=\"192\" src=\"https:\/\/kavakliderewineshop.ch\/wp-content\/uploads\/2023\/05\/Group-3960-1-1024x192.png\" class=\"attachment-large size-large wp-image-991184\" alt=\"\" srcset=\"https:\/\/kavakliderewineshop.ch\/wp-content\/uploads\/2023\/05\/Group-3960-1-1024x192.png 1024w, https:\/\/kavakliderewineshop.ch\/wp-content\/uploads\/2023\/05\/Group-3960-1-300x56.png 300w, https:\/\/kavakliderewineshop.ch\/wp-content\/uploads\/2023\/05\/Group-3960-1-768x144.png 768w, https:\/\/kavakliderewineshop.ch\/wp-content\/uploads\/2023\/05\/Group-3960-1-1536x288.png 1536w, https:\/\/kavakliderewineshop.ch\/wp-content\/uploads\/2023\/05\/Group-3960-1-2048x385.png 2048w\" sizes=\"(max-width: 1024px) 100vw, 1024px\" \/>\t\t\t\t\t\t\t\t\t\t\t\t\t\t\t<\/div>\n\t\t\t\t<\/div>\n\t\t\t\t\t<\/div>\n\t\t<\/div>\n\t\t\t\t\t<\/div>\n\t\t<\/section>\n\t\t\t\t<\/div>\n\t\t","protected":false},"excerpt":{"rendered":"<p>\u0130nsan Kaynaklar\u0131, Geli\u015fim ve \u0130leti\u015fim \u0130\u015eE ALIM YETENEK PROGRAMI BA\u011e BOZUMU KAVAKLIDERE AKADEM\u0130 SATI\u015e OKULU LOKASYONLARIMIZ VE SAYILARLA KAVAKLIDERE K\u00f6kleri derinlere inen, bulundu\u011fu her topra\u011f\u0131 varl\u0131\u011f\u0131yla bereketlendiren, T\u00fcrkiye\u2019nin d\u00f6rt bir yan\u0131ndan gelen \u00fcz\u00fcmleri tan\u0131mak, yok olmaktan kurtar\u0131lan Anadolu \u00fcz\u00fcmlerine dokunarak, yabanc\u0131 \u00fcz\u00fcmlerin topraklar\u0131m\u0131zdaki uyumunu \u00f6\u011frenmek isteyen bizimle beraber en g\u00fczel ba\u011flar\u0131 kurmak ve ya\u015fatmak i\u00e7in&#8230;<\/p>\n","protected":false},"author":1,"featured_media":0,"parent":0,"menu_order":0,"comment_status":"closed","ping_status":"closed","template":"","meta":{"inline_featured_image":false,"footnotes":""},"class_list":["post-990878","page","type-page","status-publish","hentry"],"_links":{"self":[{"href":"https:\/\/kavakliderewineshop.ch\/index.php?rest_route=\/wp\/v2\/pages\/990878","targetHints":{"allow":["GET"]}}],"collection":[{"href":"https:\/\/kavakliderewineshop.ch\/index.php?rest_route=\/wp\/v2\/pages"}],"about":[{"href":"https:\/\/kavakliderewineshop.ch\/index.php?rest_route=\/wp\/v2\/types\/page"}],"author":[{"embeddable":true,"href":"https:\/\/kavakliderewineshop.ch\/index.php?rest_route=\/wp\/v2\/users\/1"}],"replies":[{"embeddable":true,"href":"https:\/\/kavakliderewineshop.ch\/index.php?rest_route=%2Fwp%2Fv2%2Fcomments&post=990878"}],"version-history":[{"count":10,"href":"https:\/\/kavakliderewineshop.ch\/index.php?rest_route=\/wp\/v2\/pages\/990878\/revisions"}],"predecessor-version":[{"id":991247,"href":"https:\/\/kavakliderewineshop.ch\/index.php?rest_route=\/wp\/v2\/pages\/990878\/revisions\/991247"}],"wp:attachment":[{"href":"https:\/\/kavakliderewineshop.ch\/index.php?rest_route=%2Fwp%2Fv2%2Fmedia&parent=990878"}],"curies":[{"name":"wp","href":"https:\/\/api.w.org\/{rel}","templated":true}]}}