{"id":990892,"date":"2023-05-11T17:55:01","date_gmt":"2023-05-11T17:55:01","guid":{"rendered":"https:\/\/kavakliderewineshop.ch\/?page_id=990892"},"modified":"2023-05-23T10:55:58","modified_gmt":"2023-05-23T10:55:58","slug":"satis-okulu","status":"publish","type":"page","link":"https:\/\/kavakliderewineshop.ch\/?page_id=990892","title":{"rendered":"Sat\u0131\u015f Okulu"},"content":{"rendered":"\t\t<div data-elementor-type=\"wp-page\" data-elementor-id=\"990892\" class=\"elementor elementor-990892\" data-elementor-post-type=\"page\">\n\t\t\t\t\t\t<section class=\"elementor-section elementor-top-section elementor-element elementor-element-3ed5c7b8 elementor-section-height-min-height elementor-section-content-bottom elementor-section-boxed elementor-section-height-default elementor-section-items-middle\" data-id=\"3ed5c7b8\" data-element_type=\"section\" data-settings=\"{&quot;background_background&quot;:&quot;classic&quot;}\">\n\t\t\t\t\t\t\t<div class=\"elementor-background-overlay\"><\/div>\n\t\t\t\t\t\t\t<div class=\"elementor-container elementor-column-gap-default\">\n\t\t\t\t\t<div class=\"elementor-column elementor-col-100 elementor-top-column elementor-element elementor-element-151c997\" data-id=\"151c997\" data-element_type=\"column\">\n\t\t\t<div class=\"elementor-widget-wrap\">\n\t\t\t\t\t\t\t<\/div>\n\t\t<\/div>\n\t\t\t\t\t<\/div>\n\t\t<\/section>\n\t\t\t\t<section class=\"elementor-section elementor-top-section elementor-element elementor-element-23a97c4 elementor-section-boxed elementor-section-height-default elementor-section-height-default\" data-id=\"23a97c4\" data-element_type=\"section\">\n\t\t\t\t\t\t<div class=\"elementor-container elementor-column-gap-default\">\n\t\t\t\t\t<div class=\"elementor-column elementor-col-100 elementor-top-column elementor-element elementor-element-92e14f4\" data-id=\"92e14f4\" data-element_type=\"column\">\n\t\t\t<div class=\"elementor-widget-wrap elementor-element-populated\">\n\t\t\t\t\t\t<div class=\"elementor-element elementor-element-5dd3800 elementor-widget elementor-widget-heading\" data-id=\"5dd3800\" data-element_type=\"widget\" data-widget_type=\"heading.default\">\n\t\t\t\t<div class=\"elementor-widget-container\">\n\t\t\t\t\t<h2 class=\"elementor-heading-title elementor-size-default\">\u0130nsan Kaynaklar\u0131, Geli\u015fim ve \u0130leti\u015fim<\/h2>\t\t\t\t<\/div>\n\t\t\t\t<\/div>\n\t\t\t\t\t<\/div>\n\t\t<\/div>\n\t\t\t\t\t<\/div>\n\t\t<\/section>\n\t\t\t\t<section class=\"elementor-section elementor-top-section elementor-element elementor-element-67868c8 elementor-section-height-min-height elementor-section-items-top elementor-section-stretched elementor-section-boxed elementor-section-height-default\" data-id=\"67868c8\" data-element_type=\"section\" data-settings=\"{&quot;background_background&quot;:&quot;classic&quot;,&quot;stretch_section&quot;:&quot;section-stretched&quot;}\">\n\t\t\t\t\t\t\t<div class=\"elementor-background-overlay\"><\/div>\n\t\t\t\t\t\t\t<div class=\"elementor-container elementor-column-gap-no\">\n\t\t\t\t\t<div class=\"elementor-column elementor-col-50 elementor-top-column elementor-element elementor-element-5f4542a\" data-id=\"5f4542a\" data-element_type=\"column\">\n\t\t\t<div class=\"elementor-widget-wrap elementor-element-populated\">\n\t\t\t\t\t\t<section class=\"elementor-section elementor-inner-section elementor-element elementor-element-ccb8090 elementor-section-full_width elementor-section-height-min-height elementor-section-content-top elementor-section-height-default\" data-id=\"ccb8090\" data-element_type=\"section\" data-settings=\"{&quot;background_background&quot;:&quot;classic&quot;,&quot;sticky&quot;:&quot;top&quot;,&quot;sticky_on&quot;:[&quot;desktop&quot;,&quot;tablet&quot;,&quot;mobile&quot;],&quot;sticky_offset&quot;:0,&quot;sticky_effects_offset&quot;:0,&quot;sticky_anchor_link_offset&quot;:0}\">\n\t\t\t\t\t\t<div class=\"elementor-container elementor-column-gap-narrow\">\n\t\t\t\t\t<div class=\"elementor-column elementor-col-100 elementor-inner-column elementor-element elementor-element-4f1a5eb\" data-id=\"4f1a5eb\" data-element_type=\"column\">\n\t\t\t<div class=\"elementor-widget-wrap elementor-element-populated\">\n\t\t\t\t\t\t<div class=\"elementor-element elementor-element-223939a elementor-widget__width-initial elementor-align-left elementor-icon-list--layout-inline elementor-list-item-link-full_width elementor-widget elementor-widget-icon-list\" data-id=\"223939a\" data-element_type=\"widget\" data-settings=\"{&quot;sticky&quot;:&quot;bottom&quot;,&quot;sticky_on&quot;:[&quot;desktop&quot;,&quot;tablet&quot;,&quot;mobile&quot;],&quot;sticky_offset&quot;:0,&quot;sticky_effects_offset&quot;:0,&quot;sticky_anchor_link_offset&quot;:0}\" data-widget_type=\"icon-list.default\">\n\t\t\t\t<div class=\"elementor-widget-container\">\n\t\t\t\t\t\t\t<ul class=\"elementor-icon-list-items elementor-inline-items\">\n\t\t\t\t\t\t\t<li class=\"elementor-icon-list-item elementor-inline-item\">\n\t\t\t\t\t\t\t\t\t\t\t<a href=\"https:\/\/kavakliderewineshop.ch\/?page_id=989129\">\n\n\t\t\t\t\t\t\t\t\t\t\t\t<span class=\"elementor-icon-list-icon\">\n\t\t\t\t\t\t\t<i aria-hidden=\"true\" class=\"fas fa-check-circle\"><\/i>\t\t\t\t\t\t<\/span>\n\t\t\t\t\t\t\t\t\t\t<span class=\"elementor-icon-list-text\">\u0130\u015eE ALIM<\/span>\n\t\t\t\t\t\t\t\t\t\t\t<\/a>\n\t\t\t\t\t\t\t\t\t<\/li>\n\t\t\t\t\t\t\t\t<li class=\"elementor-icon-list-item elementor-inline-item\">\n\t\t\t\t\t\t\t\t\t\t\t<a href=\"https:\/\/kavakliderewineshop.ch\/?page_id=990864\">\n\n\t\t\t\t\t\t\t\t\t\t\t\t<span class=\"elementor-icon-list-icon\">\n\t\t\t\t\t\t\t<i aria-hidden=\"true\" class=\"fas fa-chalkboard-teacher\"><\/i>\t\t\t\t\t\t<\/span>\n\t\t\t\t\t\t\t\t\t\t<span class=\"elementor-icon-list-text\">YETENEK PROGRAMI<\/span>\n\t\t\t\t\t\t\t\t\t\t\t<\/a>\n\t\t\t\t\t\t\t\t\t<\/li>\n\t\t\t\t\t\t\t\t<li class=\"elementor-icon-list-item elementor-inline-item\">\n\t\t\t\t\t\t\t\t\t\t\t<a href=\"https:\/\/kavakliderewineshop.ch\/?page_id=990878\">\n\n\t\t\t\t\t\t\t\t\t\t\t\t<span class=\"elementor-icon-list-icon\">\n\t\t\t\t\t\t\t<i aria-hidden=\"true\" class=\"fab fa-pagelines\"><\/i>\t\t\t\t\t\t<\/span>\n\t\t\t\t\t\t\t\t\t\t<span class=\"elementor-icon-list-text\">BA\u011e BOZUMU<\/span>\n\t\t\t\t\t\t\t\t\t\t\t<\/a>\n\t\t\t\t\t\t\t\t\t<\/li>\n\t\t\t\t\t\t\t\t<li class=\"elementor-icon-list-item elementor-inline-item\">\n\t\t\t\t\t\t\t\t\t\t\t<a href=\"https:\/\/kavakliderewineshop.ch\/?page_id=990884\">\n\n\t\t\t\t\t\t\t\t\t\t\t\t<span class=\"elementor-icon-list-icon\">\n\t\t\t\t\t\t\t<i aria-hidden=\"true\" class=\"fas fa-book-reader\"><\/i>\t\t\t\t\t\t<\/span>\n\t\t\t\t\t\t\t\t\t\t<span class=\"elementor-icon-list-text\">KAVAKLIDERE AKADEM\u0130<\/span>\n\t\t\t\t\t\t\t\t\t\t\t<\/a>\n\t\t\t\t\t\t\t\t\t<\/li>\n\t\t\t\t\t\t\t\t<li class=\"elementor-icon-list-item elementor-inline-item\">\n\t\t\t\t\t\t\t\t\t\t\t<a href=\"https:\/\/kavakliderewineshop.ch\/?page_id=990892\">\n\n\t\t\t\t\t\t\t\t\t\t\t\t<span class=\"elementor-icon-list-icon\">\n\t\t\t\t\t\t\t<i aria-hidden=\"true\" class=\"fas fa-wine-glass\"><\/i>\t\t\t\t\t\t<\/span>\n\t\t\t\t\t\t\t\t\t\t<span class=\"elementor-icon-list-text\">SATI\u015e OKULU<\/span>\n\t\t\t\t\t\t\t\t\t\t\t<\/a>\n\t\t\t\t\t\t\t\t\t<\/li>\n\t\t\t\t\t\t\t\t<li class=\"elementor-icon-list-item elementor-inline-item\">\n\t\t\t\t\t\t\t\t\t\t\t<a href=\"https:\/\/kavakliderewineshop.ch\/?page_id=990901\">\n\n\t\t\t\t\t\t\t\t\t\t\t\t<span class=\"elementor-icon-list-icon\">\n\t\t\t\t\t\t\t<i aria-hidden=\"true\" class=\"fas fa-map-marked-alt\"><\/i>\t\t\t\t\t\t<\/span>\n\t\t\t\t\t\t\t\t\t\t<span class=\"elementor-icon-list-text\">LOKASYONLARIMIZ VE SAYILARLA KAVAKLIDERE<\/span>\n\t\t\t\t\t\t\t\t\t\t\t<\/a>\n\t\t\t\t\t\t\t\t\t<\/li>\n\t\t\t\t\t\t<\/ul>\n\t\t\t\t\t\t<\/div>\n\t\t\t\t<\/div>\n\t\t\t\t\t<\/div>\n\t\t<\/div>\n\t\t\t\t\t<\/div>\n\t\t<\/section>\n\t\t\t\t\t<\/div>\n\t\t<\/div>\n\t\t\t\t<div class=\"elementor-column elementor-col-50 elementor-top-column elementor-element elementor-element-2d35d20\" data-id=\"2d35d20\" data-element_type=\"column\" data-settings=\"{&quot;background_background&quot;:&quot;classic&quot;}\">\n\t\t\t<div class=\"elementor-widget-wrap elementor-element-populated\">\n\t\t\t\t\t\t<div class=\"elementor-element elementor-element-393645b elementor-widget elementor-widget-image\" data-id=\"393645b\" data-element_type=\"widget\" data-widget_type=\"image.default\">\n\t\t\t\t<div class=\"elementor-widget-container\">\n\t\t\t\t\t\t\t\t\t\t\t\t\t\t\t<img fetchpriority=\"high\" decoding=\"async\" width=\"1024\" height=\"576\" src=\"https:\/\/kavakliderewineshop.ch\/wp-content\/uploads\/2023\/05\/satis_okulu-1024x576.png\" class=\"attachment-large size-large wp-image-991228\" alt=\"\" srcset=\"https:\/\/kavakliderewineshop.ch\/wp-content\/uploads\/2023\/05\/satis_okulu-1024x576.png 1024w, https:\/\/kavakliderewineshop.ch\/wp-content\/uploads\/2023\/05\/satis_okulu-300x169.png 300w, https:\/\/kavakliderewineshop.ch\/wp-content\/uploads\/2023\/05\/satis_okulu-768x432.png 768w, https:\/\/kavakliderewineshop.ch\/wp-content\/uploads\/2023\/05\/satis_okulu-1536x864.png 1536w, https:\/\/kavakliderewineshop.ch\/wp-content\/uploads\/2023\/05\/satis_okulu-2048x1152.png 2048w\" sizes=\"(max-width: 1024px) 100vw, 1024px\" \/>\t\t\t\t\t\t\t\t\t\t\t\t\t\t\t<\/div>\n\t\t\t\t<\/div>\n\t\t\t\t<div class=\"elementor-element elementor-element-37f7f7e elementor-widget elementor-widget-text-editor\" data-id=\"37f7f7e\" data-element_type=\"widget\" data-widget_type=\"text-editor.default\">\n\t\t\t\t<div class=\"elementor-widget-container\">\n\t\t\t\t\t\t\t\t\t<p style=\"text-align: left;\">T\u00fcm T\u00fcrkiye Sat\u0131\u015f organizasyonu olarak her hafta \u00f6\u011frenmeye, sat\u0131\u015f deneyimlerine vakit ay\u0131r\u0131yoruz.<\/p><p style=\"text-align: left;\">Geni\u015f yelpazedeki \u00fcr\u00fcnlerimizi yak\u0131ndan tan\u0131yoruz, tad\u0131yoruz, deneyimliyoruz, bilgilerimizi \u00f6l\u00e7\u00fcyoruz, \u00e7al\u0131\u015fanlar\u0131m\u0131zdan dinliyoruz.<\/p><p style=\"text-align: left;\">Sat\u0131\u015f ekibinde g\u00f6rev alan ve bu ekibe destek veren t\u00fcm i\u015f ortaklar\u0131 ile birlikte her hafta bir araya gelerek yenileniyoruz, bilgilerimizi tazeliyoruz,<\/p>\t\t\t\t\t\t\t\t<\/div>\n\t\t\t\t<\/div>\n\t\t\t\t\t<\/div>\n\t\t<\/div>\n\t\t\t\t\t<\/div>\n\t\t<\/section>\n\t\t\t\t<\/div>\n\t\t","protected":false},"excerpt":{"rendered":"<p>\u0130nsan Kaynaklar\u0131, Geli\u015fim ve \u0130leti\u015fim \u0130\u015eE ALIM YETENEK PROGRAMI BA\u011e BOZUMU KAVAKLIDERE AKADEM\u0130 SATI\u015e OKULU LOKASYONLARIMIZ VE SAYILARLA KAVAKLIDERE T\u00fcm T\u00fcrkiye Sat\u0131\u015f organizasyonu olarak her hafta \u00f6\u011frenmeye, sat\u0131\u015f deneyimlerine vakit ay\u0131r\u0131yoruz. Geni\u015f yelpazedeki \u00fcr\u00fcnlerimizi yak\u0131ndan tan\u0131yoruz, tad\u0131yoruz, deneyimliyoruz, bilgilerimizi \u00f6l\u00e7\u00fcyoruz, \u00e7al\u0131\u015fanlar\u0131m\u0131zdan dinliyoruz. Sat\u0131\u015f ekibinde g\u00f6rev alan ve bu ekibe destek veren t\u00fcm i\u015f ortaklar\u0131 ile&#8230;<\/p>\n","protected":false},"author":1,"featured_media":0,"parent":0,"menu_order":0,"comment_status":"closed","ping_status":"closed","template":"","meta":{"inline_featured_image":false,"footnotes":""},"class_list":["post-990892","page","type-page","status-publish","hentry"],"_links":{"self":[{"href":"https:\/\/kavakliderewineshop.ch\/index.php?rest_route=\/wp\/v2\/pages\/990892","targetHints":{"allow":["GET"]}}],"collection":[{"href":"https:\/\/kavakliderewineshop.ch\/index.php?rest_route=\/wp\/v2\/pages"}],"about":[{"href":"https:\/\/kavakliderewineshop.ch\/index.php?rest_route=\/wp\/v2\/types\/page"}],"author":[{"embeddable":true,"href":"https:\/\/kavakliderewineshop.ch\/index.php?rest_route=\/wp\/v2\/users\/1"}],"replies":[{"embeddable":true,"href":"https:\/\/kavakliderewineshop.ch\/index.php?rest_route=%2Fwp%2Fv2%2Fcomments&post=990892"}],"version-history":[{"count":11,"href":"https:\/\/kavakliderewineshop.ch\/index.php?rest_route=\/wp\/v2\/pages\/990892\/revisions"}],"predecessor-version":[{"id":991809,"href":"https:\/\/kavakliderewineshop.ch\/index.php?rest_route=\/wp\/v2\/pages\/990892\/revisions\/991809"}],"wp:attachment":[{"href":"https:\/\/kavakliderewineshop.ch\/index.php?rest_route=%2Fwp%2Fv2%2Fmedia&parent=990892"}],"curies":[{"name":"wp","href":"https:\/\/api.w.org\/{rel}","templated":true}]}}