{"id":991437,"date":"2023-05-30T11:20:46","date_gmt":"2023-05-30T11:20:46","guid":{"rendered":"https:\/\/kavakliderewineshop.ch\/?page_id=991437"},"modified":"2023-05-30T12:38:19","modified_gmt":"2023-05-30T12:38:19","slug":"ithal-urunler","status":"publish","type":"page","link":"https:\/\/kavakliderewineshop.ch\/?page_id=991437","title":{"rendered":"\u0130thal \u00dcr\u00fcnler"},"content":{"rendered":"\t\t<div data-elementor-type=\"wp-page\" data-elementor-id=\"991437\" class=\"elementor elementor-991437\" data-elementor-post-type=\"page\">\n\t\t\t\t\t\t<section class=\"elementor-section elementor-top-section elementor-element elementor-element-3ed5c7b8 elementor-section-height-min-height elementor-section-content-bottom elementor-section-boxed elementor-section-height-default elementor-section-items-middle\" data-id=\"3ed5c7b8\" data-element_type=\"section\" data-settings=\"{&quot;background_background&quot;:&quot;classic&quot;}\">\n\t\t\t\t\t\t\t<div class=\"elementor-background-overlay\"><\/div>\n\t\t\t\t\t\t\t<div class=\"elementor-container elementor-column-gap-default\">\n\t\t\t\t\t<div class=\"elementor-column elementor-col-100 elementor-top-column elementor-element elementor-element-d2bf954 animated-slow elementor-invisible\" data-id=\"d2bf954\" data-element_type=\"column\" data-settings=\"{&quot;animation&quot;:&quot;fadeInUp&quot;}\">\n\t\t\t<div class=\"elementor-widget-wrap\">\n\t\t\t\t\t\t\t<\/div>\n\t\t<\/div>\n\t\t\t\t\t<\/div>\n\t\t<\/section>\n\t\t\t\t<section class=\"elementor-section elementor-top-section elementor-element elementor-element-0bdaf5f elementor-section-boxed elementor-section-height-default elementor-section-height-default\" data-id=\"0bdaf5f\" data-element_type=\"section\">\n\t\t\t\t\t\t<div class=\"elementor-container elementor-column-gap-default\">\n\t\t\t\t\t<div class=\"elementor-column elementor-col-100 elementor-top-column elementor-element elementor-element-149c788\" data-id=\"149c788\" data-element_type=\"column\">\n\t\t\t<div class=\"elementor-widget-wrap elementor-element-populated\">\n\t\t\t\t\t\t<div class=\"elementor-element elementor-element-b287255 elementor-widget elementor-widget-heading\" data-id=\"b287255\" data-element_type=\"widget\" data-widget_type=\"heading.default\">\n\t\t\t\t<div class=\"elementor-widget-container\">\n\t\t\t\t\t<h2 class=\"elementor-heading-title elementor-size-default\">\u0130thal \u00dcr\u00fcnler<\/h2>\t\t\t\t<\/div>\n\t\t\t\t<\/div>\n\t\t\t\t\t<\/div>\n\t\t<\/div>\n\t\t\t\t\t<\/div>\n\t\t<\/section>\n\t\t\t\t<section class=\"elementor-section elementor-top-section elementor-element elementor-element-a81580e elementor-hidden-mobile elementor-section-boxed elementor-section-height-default elementor-section-height-default\" data-id=\"a81580e\" data-element_type=\"section\">\n\t\t\t\t\t\t<div class=\"elementor-container elementor-column-gap-default\">\n\t\t\t\t\t<div class=\"elementor-column elementor-col-100 elementor-top-column elementor-element elementor-element-62ff7fc\" data-id=\"62ff7fc\" data-element_type=\"column\">\n\t\t\t<div class=\"elementor-widget-wrap elementor-element-populated\">\n\t\t\t\t\t\t<div class=\"elementor-element elementor-element-544eab7 elementor-widget elementor-widget-html\" data-id=\"544eab7\" data-element_type=\"widget\" data-widget_type=\"html.default\">\n\t\t\t\t<div class=\"elementor-widget-container\">\n\t\t\t\t\t\n<table id=\"tablepress-2\" class=\"tablepress tablepress-id-2\">\n<thead>\n<tr class=\"row-1 odd\">\n\t<th class=\"column-1\">\u00dclke<\/th><th class=\"column-2\">\u00dcretici Firma<\/th><th class=\"column-3\">Marka<\/th><th class=\"column-4\">B\u00f6lge<\/th>\n<\/tr>\n<\/thead>\n<tbody class=\"row-hover\">\n<tr class=\"row-2 even\">\n\t<td class=\"column-1\">FRANSA<\/td><td class=\"column-2\">Maison Kavakl\u0131dere<\/td><td class=\"column-3\">Ch\u00e2teau La Croix Lartigue<\/td><td class=\"column-4\">Bordeaux - Castillon<\/td>\n<\/tr>\n<tr class=\"row-3 odd\">\n\t<td class=\"column-1\">FRANSA<\/td><td class=\"column-2\">Maison Kavakl\u0131dere<\/td><td class=\"column-3\">Ch\u00e2teau Claud Bellevue<\/td><td class=\"column-4\">Bordeaux - Castillon<\/td>\n<\/tr>\n<tr class=\"row-4 even\">\n\t<td class=\"column-1\">FRANSA<\/td><td class=\"column-2\">Maison Kavakl\u0131dere<\/td><td class=\"column-3\">La Folie<\/td><td class=\"column-4\">Bordeaux - Castillon<\/td>\n<\/tr>\n<tr class=\"row-5 odd\">\n\t<td class=\"column-1\">\u015e\u0130L\u0130<\/td><td class=\"column-2\">VSPT<\/td><td class=\"column-3\">Santa Helena Varietal Cabernet Sauvignon<\/td><td class=\"column-4\">Central Valley<\/td>\n<\/tr>\n<tr class=\"row-6 even\">\n\t<td class=\"column-1\">\u015e\u0130L\u0130<\/td><td class=\"column-2\">VSPT<\/td><td class=\"column-3\">Santa Helena Varietal Sauvignon Blanc<\/td><td class=\"column-4\">Central Valley<\/td>\n<\/tr>\n<tr class=\"row-7 odd\">\n\t<td class=\"column-1\">\u015e\u0130L\u0130<\/td><td class=\"column-2\">VSPT<\/td><td class=\"column-3\">Santa Helena Varietal Chardonnay<\/td><td class=\"column-4\">Central Valley<\/td>\n<\/tr>\n<tr class=\"row-8 even\">\n\t<td class=\"column-1\">\u015e\u0130L\u0130<\/td><td class=\"column-2\">VSPT<\/td><td class=\"column-3\">Gato Negro Sauvignon Blanc<\/td><td class=\"column-4\">Central Valley<\/td>\n<\/tr>\n<tr class=\"row-9 odd\">\n\t<td class=\"column-1\">\u015e\u0130L\u0130<\/td><td class=\"column-2\">VSPT<\/td><td class=\"column-3\">Gato Negro Chardonnay<\/td><td class=\"column-4\">Central Valley<\/td>\n<\/tr>\n<tr class=\"row-10 even\">\n\t<td class=\"column-1\">\u015e\u0130L\u0130<\/td><td class=\"column-2\">VSPT<\/td><td class=\"column-3\">Gato Negro Cabernet Sauvignon Rose<\/td><td class=\"column-4\">Central Valley<\/td>\n<\/tr>\n<tr class=\"row-11 odd\">\n\t<td class=\"column-1\">\u015e\u0130L\u0130<\/td><td class=\"column-2\">VSPT<\/td><td class=\"column-3\">Gato Negro Cabernet Sauvignon<\/td><td class=\"column-4\">Central Valley<\/td>\n<\/tr>\n<tr class=\"row-12 even\">\n\t<td class=\"column-1\">\u015e\u0130L\u0130<\/td><td class=\"column-2\">VSPT<\/td><td class=\"column-3\">Gato Negro Carm\u00e9n\u00e8re<\/td><td class=\"column-4\">Central Valley<\/td>\n<\/tr>\n<tr class=\"row-13 odd\">\n\t<td class=\"column-1\">\u015e\u0130L\u0130<\/td><td class=\"column-2\">Montes<\/td><td class=\"column-3\">Montes Classic Series Sauvignon Blanc<\/td><td class=\"column-4\">Casablanca Valley<\/td>\n<\/tr>\n<tr class=\"row-14 even\">\n\t<td class=\"column-1\">\u015e\u0130L\u0130<\/td><td class=\"column-2\">Montes<\/td><td class=\"column-3\">Montes Classic Series Malbec<\/td><td class=\"column-4\">Colchagua Valley<\/td>\n<\/tr>\n<tr class=\"row-15 odd\">\n\t<td class=\"column-1\">\u015e\u0130L\u0130<\/td><td class=\"column-2\">Montes<\/td><td class=\"column-3\">Montes Classic Series Cabernet Sauvignon<\/td><td class=\"column-4\">Colchagua Valley<\/td>\n<\/tr>\n<tr class=\"row-16 even\">\n\t<td class=\"column-1\">\u015e\u0130L\u0130<\/td><td class=\"column-2\">Montes<\/td><td class=\"column-3\">Montes Classic Series Merlot<\/td><td class=\"column-4\">Colchagua Valley<\/td>\n<\/tr>\n<tr class=\"row-17 odd\">\n\t<td class=\"column-1\">\u015e\u0130L\u0130<\/td><td class=\"column-2\">Montes<\/td><td class=\"column-3\">Montes Alpha Syrah<\/td><td class=\"column-4\">Colchagua -Apalta Valley<\/td>\n<\/tr>\n<tr class=\"row-18 even\">\n\t<td class=\"column-1\">\u015e\u0130L\u0130<\/td><td class=\"column-2\">Montes<\/td><td class=\"column-3\">Montes Alpha Cabernet Sauvignon<\/td><td class=\"column-4\">Colchagua -Apalta Valley<\/td>\n<\/tr>\n<tr class=\"row-19 odd\">\n\t<td class=\"column-1\">\u015e\u0130L\u0130<\/td><td class=\"column-2\">Montes<\/td><td class=\"column-3\">Montes Alpha Cabernet Sauvignon<\/td><td class=\"column-4\">Colchagua -Apalta Valley<\/td>\n<\/tr>\n<tr class=\"row-20 even\">\n\t<td class=\"column-1\">\u015e\u0130L\u0130<\/td><td class=\"column-2\">Montes<\/td><td class=\"column-3\">Montes Alpha Chardonnay<\/td><td class=\"column-4\">Aconcagua Valley, Coast<\/td>\n<\/tr>\n<tr class=\"row-21 odd\">\n\t<td class=\"column-1\">\u015e\u0130L\u0130<\/td><td class=\"column-2\">Montes<\/td><td class=\"column-3\">Montes Purple Angel<\/td><td class=\"column-4\">Colchagua -Apalta Valley<\/td>\n<\/tr>\n<tr class=\"row-22 even\">\n\t<td class=\"column-1\">ARJANT\u0130N<\/td><td class=\"column-2\">Bodegas Callia<\/td><td class=\"column-3\">Callia<\/td><td class=\"column-4\">San Juan<\/td>\n<\/tr>\n<tr class=\"row-23 odd\">\n\t<td class=\"column-1\">ARJANT\u0130N<\/td><td class=\"column-2\">Kaiken<\/td><td class=\"column-3\">Estate Malbec<\/td><td class=\"column-4\">Mendoza<\/td>\n<\/tr>\n<tr class=\"row-24 even\">\n\t<td class=\"column-1\">ARJANT\u0130N<\/td><td class=\"column-2\">VSPT<\/td><td class=\"column-3\">Elixo<\/td><td class=\"column-4\">San Juan<\/td>\n<\/tr>\n<tr class=\"row-25 odd\">\n\t<td class=\"column-1\">G\u00dcNEY AFR\u0130KA<\/td><td class=\"column-2\">Jordan Wines<\/td><td class=\"column-3\">Chameleon Chenin Blanc<\/td><td class=\"column-4\">Stellenbosch<\/td>\n<\/tr>\n<tr class=\"row-26 even\">\n\t<td class=\"column-1\">G\u00dcNEY AFR\u0130KA<\/td><td class=\"column-2\">Man Vinttners<\/td><td class=\"column-3\">Lievland Bush Wine Pinotage<\/td><td class=\"column-4\">Coastal Region<\/td>\n<\/tr>\n<tr class=\"row-27 odd\">\n\t<td class=\"column-1\">ALMANYA<\/td><td class=\"column-2\">Prinz V Hessen<\/td><td class=\"column-3\">Prinz V Hessen Riesling<\/td><td class=\"column-4\">Rheingau<\/td>\n<\/tr>\n<tr class=\"row-28 even\">\n\t<td class=\"column-1\">\u0130NG\u0130LTERE<\/td><td class=\"column-2\">Gusbourne<\/td><td class=\"column-3\">Gusbourne Brut Reserve<\/td><td class=\"column-4\">Goodwood - West Sussex<\/td>\n<\/tr>\n<tr class=\"row-29 odd\">\n\t<td class=\"column-1\">\u0130NG\u0130LTERE<\/td><td class=\"column-2\">Gusbourne<\/td><td class=\"column-3\">Gusbourne Brut Rose Reserve<\/td><td class=\"column-4\">Goodwood - West Sussex<\/td>\n<\/tr>\n<tr class=\"row-30 even\">\n\t<td class=\"column-1\">\u0130SPANYA<\/td><td class=\"column-2\">Torres<\/td><td class=\"column-3\">Sangre de Toro<\/td><td class=\"column-4\">Catalunya<\/td>\n<\/tr>\n<tr class=\"row-31 odd\">\n\t<td class=\"column-1\">\u0130SPANYA<\/td><td class=\"column-2\">Torres<\/td><td class=\"column-3\">Vi\u00f1a Sol<\/td><td class=\"column-4\">Catalunya<\/td>\n<\/tr>\n<tr class=\"row-32 even\">\n\t<td class=\"column-1\">\u0130SPANYA<\/td><td class=\"column-2\">Torres<\/td><td class=\"column-3\">Mas La Plana<\/td><td class=\"column-4\">Pened\u00e8s<\/td>\n<\/tr>\n<tr class=\"row-33 odd\">\n\t<td class=\"column-1\">\u0130SPANYA<\/td><td class=\"column-2\">Torres<\/td><td class=\"column-3\">Pazo das Bruxas<\/td><td class=\"column-4\">R\u00edas Baixas<\/td>\n<\/tr>\n<tr class=\"row-34 even\">\n\t<td class=\"column-1\">\u0130SPANYA<\/td><td class=\"column-2\">Bodegas Muga<\/td><td class=\"column-3\">Muga Reserva<\/td><td class=\"column-4\">Rioja<\/td>\n<\/tr>\n<tr class=\"row-35 odd\">\n\t<td class=\"column-1\">FRANSA<\/td><td class=\"column-2\">Castel<\/td><td class=\"column-3\">Baron de Lestac Rouge<\/td><td class=\"column-4\">Bordeaux<\/td>\n<\/tr>\n<tr class=\"row-36 even\">\n\t<td class=\"column-1\">FRANSA<\/td><td class=\"column-2\">Castel<\/td><td class=\"column-3\">Baron de Lestac Blanc<\/td><td class=\"column-4\">Bordeaux<\/td>\n<\/tr>\n<tr class=\"row-37 odd\">\n\t<td class=\"column-1\">FRANSA<\/td><td class=\"column-2\">Castel<\/td><td class=\"column-3\">Les Combes de Saint-Sauveur<\/td><td class=\"column-4\">Rh\u00f4ne<\/td>\n<\/tr>\n<tr class=\"row-38 even\">\n\t<td class=\"column-1\">FRANSA<\/td><td class=\"column-2\">M.Chapoutier<\/td><td class=\"column-3\">Petite Ruche Blanc<\/td><td class=\"column-4\">Rh\u00f4ne<\/td>\n<\/tr>\n<tr class=\"row-39 odd\">\n\t<td class=\"column-1\">FRANSA<\/td><td class=\"column-2\">M.Chapoutier<\/td><td class=\"column-3\">Petite Ruche Rouge<\/td><td class=\"column-4\">Rh\u00f4ne<\/td>\n<\/tr>\n<tr class=\"row-40 even\">\n\t<td class=\"column-1\">FRANSA<\/td><td class=\"column-2\">M.Chapoutier<\/td><td class=\"column-3\">Deschants<\/td><td class=\"column-4\">Rh\u00f4ne<\/td>\n<\/tr>\n<tr class=\"row-41 odd\">\n\t<td class=\"column-1\">FRANSA<\/td><td class=\"column-2\">M.Chapoutier<\/td><td class=\"column-3\">Monier de la Sizeranne<\/td><td class=\"column-4\">Rh\u00f4ne<\/td>\n<\/tr>\n<tr class=\"row-42 even\">\n\t<td class=\"column-1\">FRANSA<\/td><td class=\"column-2\">M.Chapoutier<\/td><td class=\"column-3\">Chante-Alouette<\/td><td class=\"column-4\">Rh\u00f4ne<\/td>\n<\/tr>\n<tr class=\"row-43 odd\">\n\t<td class=\"column-1\">FRANSA<\/td><td class=\"column-2\">M.Chapoutier<\/td><td class=\"column-3\">Invitare<\/td><td class=\"column-4\">Rh\u00f4ne<\/td>\n<\/tr>\n<tr class=\"row-44 even\">\n\t<td class=\"column-1\">FRANSA<\/td><td class=\"column-2\">Louis Bernard<\/td><td class=\"column-3\">Louis Bernard C\u00f4tes du Rh\u00f4ne<\/td><td class=\"column-4\">Rh\u00f4ne<\/td>\n<\/tr>\n<tr class=\"row-45 odd\">\n\t<td class=\"column-1\">FRANSA<\/td><td class=\"column-2\">Louis Bernard<\/td><td class=\"column-3\">Louis Bernard Ch\u00e2teauneuf-du-Pape<\/td><td class=\"column-4\">Rh\u00f4ne<\/td>\n<\/tr>\n<tr class=\"row-46 even\">\n\t<td class=\"column-1\">FRANSA<\/td><td class=\"column-2\">Jaffelin<\/td><td class=\"column-3\">Jaffelin Pinot Noir<\/td><td class=\"column-4\">Bourgogne<\/td>\n<\/tr>\n<tr class=\"row-47 odd\">\n\t<td class=\"column-1\">FRANSA<\/td><td class=\"column-2\">Bollinger<\/td><td class=\"column-3\">Special Cuv\u00e9e<\/td><td class=\"column-4\">Champagne<\/td>\n<\/tr>\n<tr class=\"row-48 even\">\n\t<td class=\"column-1\">FRANSA<\/td><td class=\"column-2\">Bollinger<\/td><td class=\"column-3\">Special Cuv\u00e9e - G\u0130FT BOX<\/td><td class=\"column-4\">Champagne<\/td>\n<\/tr>\n<tr class=\"row-49 odd\">\n\t<td class=\"column-1\">FRANSA<\/td><td class=\"column-2\">Bollinger<\/td><td class=\"column-3\">Ros\u00e9<\/td><td class=\"column-4\">Champagne<\/td>\n<\/tr>\n<tr class=\"row-50 even\">\n\t<td class=\"column-1\">FRANSA<\/td><td class=\"column-2\">Pommery<\/td><td class=\"column-3\">Brut Royal<\/td><td class=\"column-4\">Champagne<\/td>\n<\/tr>\n<tr class=\"row-51 odd\">\n\t<td class=\"column-1\">FRANSA<\/td><td class=\"column-2\">Pommery<\/td><td class=\"column-3\">Brut Royal Ros\u00e9<\/td><td class=\"column-4\">Champagne<\/td>\n<\/tr>\n<tr class=\"row-52 even\">\n\t<td class=\"column-1\">FRANSA<\/td><td class=\"column-2\">Bodvar<\/td><td class=\"column-3\">Bodvar No:7<\/td><td class=\"column-4\">Provence<\/td>\n<\/tr>\n<tr class=\"row-53 odd\">\n\t<td class=\"column-1\">FRANSA<\/td><td class=\"column-2\">Moncigale<\/td><td class=\"column-3\">Villa Moncigale Cicada l\u2019Eveil<\/td><td class=\"column-4\">Provence<\/td>\n<\/tr>\n<tr class=\"row-54 even\">\n\t<td class=\"column-1\">FRANSA<\/td><td class=\"column-2\">Moncigale<\/td><td class=\"column-3\">M\u00e9dit\u00e9o Rose<\/td><td class=\"column-4\">Provence<\/td>\n<\/tr>\n<tr class=\"row-55 odd\">\n\t<td class=\"column-1\">FRANSA<\/td><td class=\"column-2\">Pascal Bouchard<\/td><td class=\"column-3\">Chablis Le Classique<\/td><td class=\"column-4\">Chablis<\/td>\n<\/tr>\n<tr class=\"row-56 even\">\n\t<td class=\"column-1\">FRANSA<\/td><td class=\"column-2\">Pascal Bouchard<\/td><td class=\"column-3\">Chablis Beauroy 1er Cru<\/td><td class=\"column-4\">Chablis<\/td>\n<\/tr>\n<tr class=\"row-57 odd\">\n\t<td class=\"column-1\">FRANSA<\/td><td class=\"column-2\">Pascal Bouchard<\/td><td class=\"column-3\">Chablis Grand Cru Vaud\u00e9sirs<\/td><td class=\"column-4\">Chablis<\/td>\n<\/tr>\n<tr class=\"row-58 even\">\n\t<td class=\"column-1\">FRANSA<\/td><td class=\"column-2\">Pascal Bouchard<\/td><td class=\"column-3\">Chablis Grand Cru Les Blanchots<\/td><td class=\"column-4\">Chablis<\/td>\n<\/tr>\n<tr class=\"row-59 odd\">\n\t<td class=\"column-1\">FRANSA<\/td><td class=\"column-2\">Domaine Guerrin &amp; Fils<\/td><td class=\"column-3\">Pouilly Fuis\u00e9e Vieilles Vignes<\/td><td class=\"column-4\">Bourgogne<\/td>\n<\/tr>\n<tr class=\"row-60 even\">\n\t<td class=\"column-1\">FRANSA<\/td><td class=\"column-2\">Domaine Thomas &amp; Fils<\/td><td class=\"column-3\">Grand Chaille<\/td><td class=\"column-4\">Loire<\/td>\n<\/tr>\n<tr class=\"row-61 odd\">\n\t<td class=\"column-1\">FRANSA<\/td><td class=\"column-2\">Domaine Champalou<\/td><td class=\"column-3\">Vouvray Le Portail<\/td><td class=\"column-4\">Loire<\/td>\n<\/tr>\n<tr class=\"row-62 even\">\n\t<td class=\"column-1\">\u0130TALYA<\/td><td class=\"column-2\">Michele Chiarlo<\/td><td class=\"column-3\">Gavi Le Marne<\/td><td class=\"column-4\">Piemonte<\/td>\n<\/tr>\n<tr class=\"row-63 odd\">\n\t<td class=\"column-1\">\u0130TALYA<\/td><td class=\"column-2\">Michele Chiarlo<\/td><td class=\"column-3\">Barolo Cannubi<\/td><td class=\"column-4\">Piemonte<\/td>\n<\/tr>\n<tr class=\"row-64 even\">\n\t<td class=\"column-1\">\u0130TALYA<\/td><td class=\"column-2\">Michele Chiarlo<\/td><td class=\"column-3\">Asili Barbaresco<\/td><td class=\"column-4\">Piemonte<\/td>\n<\/tr>\n<tr class=\"row-65 odd\">\n\t<td class=\"column-1\">\u0130TALYA<\/td><td class=\"column-2\">Michele Chiarlo<\/td><td class=\"column-3\">Cipressi Nizza<\/td><td class=\"column-4\">Piemonte<\/td>\n<\/tr>\n<tr class=\"row-66 even\">\n\t<td class=\"column-1\">\u0130TALYA<\/td><td class=\"column-2\">Michele Chiarlo<\/td><td class=\"column-3\">Nivole Moscato d'Asti (Yar\u0131-tatl\u0131)<\/td><td class=\"column-4\">Piemonte<\/td>\n<\/tr>\n<tr class=\"row-67 odd\">\n\t<td class=\"column-1\">\u0130TALYA<\/td><td class=\"column-2\">La Tordera<\/td><td class=\"column-3\">Prosecco Frizzante<\/td><td class=\"column-4\">Trevizio<\/td>\n<\/tr>\n<tr class=\"row-68 even\">\n\t<td class=\"column-1\">\u0130TALYA<\/td><td class=\"column-2\">La Tordera<\/td><td class=\"column-3\">Aln\u00e9 Prosecco<\/td><td class=\"column-4\">Trevizio<\/td>\n<\/tr>\n<tr class=\"row-69 odd\">\n\t<td class=\"column-1\">\u0130TALYA<\/td><td class=\"column-2\">Del Cero<\/td><td class=\"column-3\">Tenuta di Giacobbe \u201cSoave\u201d<\/td><td class=\"column-4\">Veneto<\/td>\n<\/tr>\n<tr class=\"row-70 even\">\n\t<td class=\"column-1\">\u0130TALYA<\/td><td class=\"column-2\">Conte Guicciardini<\/td><td class=\"column-3\">Le Terre Chianti<\/td><td class=\"column-4\">Chianti<\/td>\n<\/tr>\n<tr class=\"row-71 odd\">\n\t<td class=\"column-1\">\u0130TALYA<\/td><td class=\"column-2\">Castellani<\/td><td class=\"column-3\">Castellani Chianti Classico<\/td><td class=\"column-4\">Chianti<\/td>\n<\/tr>\n<tr class=\"row-72 even\">\n\t<td class=\"column-1\">\u0130TALYA<\/td><td class=\"column-2\">Sartori<\/td><td class=\"column-3\">Sartori Pinot Grigio<\/td><td class=\"column-4\">Verona<\/td>\n<\/tr>\n<tr class=\"row-73 odd\">\n\t<td class=\"column-1\">\u0130TALYA<\/td><td class=\"column-2\">Sartori<\/td><td class=\"column-3\">Sartori Pinot Grigio Blush<\/td><td class=\"column-4\">Verona<\/td>\n<\/tr>\n<tr class=\"row-74 even\">\n\t<td class=\"column-1\">\u0130TALYA<\/td><td class=\"column-2\">Sartori<\/td><td class=\"column-3\">Sartori Merlot<\/td><td class=\"column-4\">Verona<\/td>\n<\/tr>\n<tr class=\"row-75 odd\">\n\t<td class=\"column-1\">\u0130TALYA<\/td><td class=\"column-2\">Sartori<\/td><td class=\"column-3\">Myrina Blush<\/td><td class=\"column-4\">Verona<\/td>\n<\/tr>\n<\/tbody>\n<\/table>\n<!-- #tablepress-2 from cache -->\t\t\t\t<\/div>\n\t\t\t\t<\/div>\n\t\t\t\t\t<\/div>\n\t\t<\/div>\n\t\t\t\t\t<\/div>\n\t\t<\/section>\n\t\t\t\t<section class=\"elementor-section elementor-top-section elementor-element elementor-element-5d5b524 elementor-section-boxed elementor-section-height-default elementor-section-height-default\" data-id=\"5d5b524\" data-element_type=\"section\" data-settings=\"{&quot;background_background&quot;:&quot;classic&quot;}\">\n\t\t\t\t\t\t<div class=\"elementor-container elementor-column-gap-default\">\n\t\t\t\t\t<div class=\"elementor-column elementor-col-100 elementor-top-column elementor-element elementor-element-bb8c7f1\" data-id=\"bb8c7f1\" data-element_type=\"column\">\n\t\t\t<div class=\"elementor-widget-wrap\">\n\t\t\t\t\t\t\t<\/div>\n\t\t<\/div>\n\t\t\t\t\t<\/div>\n\t\t<\/section>\n\t\t\t\t<\/div>\n\t\t","protected":false},"excerpt":{"rendered":"<p>\u0130thal \u00dcr\u00fcnler<\/p>\n","protected":false},"author":1,"featured_media":0,"parent":0,"menu_order":0,"comment_status":"closed","ping_status":"closed","template":"","meta":{"inline_featured_image":false,"footnotes":""},"class_list":["post-991437","page","type-page","status-publish","hentry"],"_links":{"self":[{"href":"https:\/\/kavakliderewineshop.ch\/index.php?rest_route=\/wp\/v2\/pages\/991437","targetHints":{"allow":["GET"]}}],"collection":[{"href":"https:\/\/kavakliderewineshop.ch\/index.php?rest_route=\/wp\/v2\/pages"}],"about":[{"href":"https:\/\/kavakliderewineshop.ch\/index.php?rest_route=\/wp\/v2\/types\/page"}],"author":[{"embeddable":true,"href":"https:\/\/kavakliderewineshop.ch\/index.php?rest_route=\/wp\/v2\/users\/1"}],"replies":[{"embeddable":true,"href":"https:\/\/kavakliderewineshop.ch\/index.php?rest_route=%2Fwp%2Fv2%2Fcomments&post=991437"}],"version-history":[{"count":7,"href":"https:\/\/kavakliderewineshop.ch\/index.php?rest_route=\/wp\/v2\/pages\/991437\/revisions"}],"predecessor-version":[{"id":991448,"href":"https:\/\/kavakliderewineshop.ch\/index.php?rest_route=\/wp\/v2\/pages\/991437\/revisions\/991448"}],"wp:attachment":[{"href":"https:\/\/kavakliderewineshop.ch\/index.php?rest_route=%2Fwp%2Fv2%2Fmedia&parent=991437"}],"curies":[{"name":"wp","href":"https:\/\/api.w.org\/{rel}","templated":true}]}}