{"id":991450,"date":"2023-05-31T05:35:25","date_gmt":"2023-05-31T05:35:25","guid":{"rendered":"https:\/\/kavakliderewineshop.ch\/?page_id=991450"},"modified":"2023-05-31T05:39:56","modified_gmt":"2023-05-31T05:39:56","slug":"ithal-biralar","status":"publish","type":"page","link":"https:\/\/kavakliderewineshop.ch\/?page_id=991450","title":{"rendered":"\u0130thal Biralar"},"content":{"rendered":"\t\t<div data-elementor-type=\"wp-page\" data-elementor-id=\"991450\" class=\"elementor elementor-991450\" data-elementor-post-type=\"page\">\n\t\t\t\t\t\t<section class=\"elementor-section elementor-top-section elementor-element elementor-element-3ed5c7b8 elementor-section-height-min-height elementor-section-content-bottom elementor-section-boxed elementor-section-height-default elementor-section-items-middle\" data-id=\"3ed5c7b8\" data-element_type=\"section\" data-settings=\"{&quot;background_background&quot;:&quot;classic&quot;}\">\n\t\t\t\t\t\t\t<div class=\"elementor-background-overlay\"><\/div>\n\t\t\t\t\t\t\t<div class=\"elementor-container elementor-column-gap-default\">\n\t\t\t\t\t<div class=\"elementor-column elementor-col-100 elementor-top-column elementor-element elementor-element-d2bf954 animated-slow elementor-invisible\" data-id=\"d2bf954\" data-element_type=\"column\" data-settings=\"{&quot;animation&quot;:&quot;fadeInUp&quot;}\">\n\t\t\t<div class=\"elementor-widget-wrap\">\n\t\t\t\t\t\t\t<\/div>\n\t\t<\/div>\n\t\t\t\t\t<\/div>\n\t\t<\/section>\n\t\t\t\t<section class=\"elementor-section elementor-top-section elementor-element elementor-element-0bdaf5f elementor-section-boxed elementor-section-height-default elementor-section-height-default\" data-id=\"0bdaf5f\" data-element_type=\"section\">\n\t\t\t\t\t\t<div class=\"elementor-container elementor-column-gap-default\">\n\t\t\t\t\t<div class=\"elementor-column elementor-col-100 elementor-top-column elementor-element elementor-element-149c788\" data-id=\"149c788\" data-element_type=\"column\">\n\t\t\t<div class=\"elementor-widget-wrap elementor-element-populated\">\n\t\t\t\t\t\t<div class=\"elementor-element elementor-element-b287255 elementor-widget elementor-widget-heading\" data-id=\"b287255\" data-element_type=\"widget\" data-widget_type=\"heading.default\">\n\t\t\t\t<div class=\"elementor-widget-container\">\n\t\t\t\t\t<h2 class=\"elementor-heading-title elementor-size-default\">\u0130thal Biralar<\/h2>\t\t\t\t<\/div>\n\t\t\t\t<\/div>\n\t\t\t\t\t<\/div>\n\t\t<\/div>\n\t\t\t\t\t<\/div>\n\t\t<\/section>\n\t\t\t\t<section class=\"elementor-section elementor-top-section elementor-element elementor-element-a81580e elementor-hidden-mobile elementor-section-boxed elementor-section-height-default elementor-section-height-default\" data-id=\"a81580e\" data-element_type=\"section\">\n\t\t\t\t\t\t<div class=\"elementor-container elementor-column-gap-default\">\n\t\t\t\t\t<div class=\"elementor-column elementor-col-100 elementor-top-column elementor-element elementor-element-62ff7fc\" data-id=\"62ff7fc\" data-element_type=\"column\">\n\t\t\t<div class=\"elementor-widget-wrap elementor-element-populated\">\n\t\t\t\t\t\t<div class=\"elementor-element elementor-element-544eab7 elementor-widget elementor-widget-html\" data-id=\"544eab7\" data-element_type=\"widget\" data-widget_type=\"html.default\">\n\t\t\t\t<div class=\"elementor-widget-container\">\n\t\t\t\t\t\n<table id=\"tablepress-3\" class=\"tablepress tablepress-id-3\">\n<thead>\n<tr class=\"row-1 odd\">\n\t<th class=\"column-1\">\u00dcretici Firma<\/th><th class=\"column-2\">\u00dclke<\/th><th class=\"column-3\">Boyut<\/th><th class=\"column-4\">Stil<\/th><th class=\"column-5\">Alkol Derecesi<\/th>\n<\/tr>\n<\/thead>\n<tbody class=\"row-hover\">\n<tr class=\"row-2 even\">\n\t<td class=\"column-1\">Heineken (kutu)<\/td><td class=\"column-2\">Hollanda<\/td><td class=\"column-3\">50 cl<\/td><td class=\"column-4\">Pale Lager<\/td><td class=\"column-5\">5%<\/td>\n<\/tr>\n<tr class=\"row-3 odd\">\n\t<td class=\"column-1\">Heineken (\u015fi\u015fe)<\/td><td class=\"column-2\">Hollanda<\/td><td class=\"column-3\">33 cl<\/td><td class=\"column-4\">Pale Lager<\/td><td class=\"column-5\">5%<\/td>\n<\/tr>\n<tr class=\"row-4 even\">\n\t<td class=\"column-1\">Heineken (kutu)<\/td><td class=\"column-2\">Hollanda<\/td><td class=\"column-3\">25 cl<\/td><td class=\"column-4\">Pale Lager<\/td><td class=\"column-5\">5%<\/td>\n<\/tr>\n<tr class=\"row-5 odd\">\n\t<td class=\"column-1\">Budweiser Budvar (kutu)<\/td><td class=\"column-2\">\u00c7ek Cumhuryeti \/ \u00c7ekya<\/td><td class=\"column-3\">50 cl<\/td><td class=\"column-4\">\u00c7ek Pilsener Lager<\/td><td class=\"column-5\">5%<\/td>\n<\/tr>\n<tr class=\"row-6 even\">\n\t<td class=\"column-1\">Budweiser Budvar (\u015fi\u015fe)<\/td><td class=\"column-2\">\u00c7ek Cumhuryeti \/ \u00c7ekya<\/td><td class=\"column-3\">33 cl<\/td><td class=\"column-4\">\u00c7ek Pilsener Lager<\/td><td class=\"column-5\">5%<\/td>\n<\/tr>\n<tr class=\"row-7 odd\">\n\t<td class=\"column-1\">Budweiser Dark (\u015fi\u015fe)<\/td><td class=\"column-2\">\u00c7ek Cumhuryeti \/ \u00c7ekya<\/td><td class=\"column-3\">33 cl<\/td><td class=\"column-4\">Dark Lager<\/td><td class=\"column-5\">4.70%<\/td>\n<\/tr>\n<tr class=\"row-8 even\">\n\t<td class=\"column-1\">Paulaner Munchner Hell<\/td><td class=\"column-2\">Almanya<\/td><td class=\"column-3\">33 cl<\/td><td class=\"column-4\">Helles Lager<\/td><td class=\"column-5\">4.90%<\/td>\n<\/tr>\n<tr class=\"row-9 odd\">\n\t<td class=\"column-1\">Paulaner Weissbier<\/td><td class=\"column-2\">Almanya<\/td><td class=\"column-3\">33 cl<\/td><td class=\"column-4\">Weissbier - Bu\u011fday Biras\u0131<\/td><td class=\"column-5\">5.50%<\/td>\n<\/tr>\n<tr class=\"row-10 even\">\n\t<td class=\"column-1\">Blue Moon<\/td><td class=\"column-2\">ABD<\/td><td class=\"column-3\">33 cl<\/td><td class=\"column-4\">Wit Bier - Bel\u00e7ika Stili Bu\u011fday Biras\u0131<\/td><td class=\"column-5\">5.40%<\/td>\n<\/tr>\n<tr class=\"row-11 odd\">\n\t<td class=\"column-1\">Kirin \u0130chiban<\/td><td class=\"column-2\">Japonya<\/td><td class=\"column-3\">33 cl<\/td><td class=\"column-4\">Pale Lager<\/td><td class=\"column-5\">5%<\/td>\n<\/tr>\n<tr class=\"row-12 even\">\n\t<td class=\"column-1\">Tsingtao<\/td><td class=\"column-2\">\u00c7in<\/td><td class=\"column-3\">33 cl<\/td><td class=\"column-4\">Pale Lager<\/td><td class=\"column-5\">4.70%<\/td>\n<\/tr>\n<tr class=\"row-13 odd\">\n\t<td class=\"column-1\">Estrella Damm<\/td><td class=\"column-2\">\u0130spanya<\/td><td class=\"column-3\">33 cl<\/td><td class=\"column-4\">Pale Lager<\/td><td class=\"column-5\">4.60%<\/td>\n<\/tr>\n<tr class=\"row-14 even\">\n\t<td class=\"column-1\">Daura Damm<\/td><td class=\"column-2\">\u0130spanya<\/td><td class=\"column-3\">33 cl<\/td><td class=\"column-4\">Pale Lager - Glutensiz<\/td><td class=\"column-5\">4.60%<\/td>\n<\/tr>\n<tr class=\"row-15 odd\">\n\t<td class=\"column-1\">Trokya Tunca<\/td><td class=\"column-2\">T\u00fcrkiye<\/td><td class=\"column-3\">50 cl<\/td><td class=\"column-4\">Pale Ale<\/td><td class=\"column-5\">5%<\/td>\n<\/tr>\n<tr class=\"row-16 even\">\n\t<td class=\"column-1\">Trokya Bu\u011fu<\/td><td class=\"column-2\">T\u00fcrkiye<\/td><td class=\"column-3\">33 cl<\/td><td class=\"column-4\">Wit Bier - Bel\u00e7ika Stili Bu\u011fday Biras\u0131<\/td><td class=\"column-5\">5.30%<\/td>\n<\/tr>\n<tr class=\"row-17 odd\">\n\t<td class=\"column-1\">Trokya Dakka<\/td><td class=\"column-2\">T\u00fcrkiye<\/td><td class=\"column-3\">33 cl<\/td><td class=\"column-4\">Pale Ale<\/td><td class=\"column-5\">4.80%<\/td>\n<\/tr>\n<tr class=\"row-18 even\">\n\t<td class=\"column-1\">Trokya Mars<\/td><td class=\"column-2\">T\u00fcrkiye<\/td><td class=\"column-3\">33 cl<\/td><td class=\"column-4\">Red Ale<\/td><td class=\"column-5\">6%<\/td>\n<\/tr>\n<tr class=\"row-19 odd\">\n\t<td class=\"column-1\">Trokya Kuzgun<\/td><td class=\"column-2\">T\u00fcrkiye<\/td><td class=\"column-3\">33 cl<\/td><td class=\"column-4\">Stout Beer<\/td><td class=\"column-5\">5.10%<\/td>\n<\/tr>\n<tr class=\"row-20 even\">\n\t<td class=\"column-1\">Trokya Astro<\/td><td class=\"column-2\">T\u00fcrkiye<\/td><td class=\"column-3\">33 cl<\/td><td class=\"column-4\">Double IPA<\/td><td class=\"column-5\">7.30%<\/td>\n<\/tr>\n<\/tbody>\n<\/table>\n<!-- #tablepress-3 from cache -->\t\t\t\t<\/div>\n\t\t\t\t<\/div>\n\t\t\t\t\t<\/div>\n\t\t<\/div>\n\t\t\t\t\t<\/div>\n\t\t<\/section>\n\t\t\t\t<section class=\"elementor-section elementor-top-section elementor-element elementor-element-5d5b524 elementor-section-boxed elementor-section-height-default elementor-section-height-default\" data-id=\"5d5b524\" data-element_type=\"section\" data-settings=\"{&quot;background_background&quot;:&quot;classic&quot;}\">\n\t\t\t\t\t\t<div class=\"elementor-container elementor-column-gap-default\">\n\t\t\t\t\t<div class=\"elementor-column elementor-col-100 elementor-top-column elementor-element elementor-element-bb8c7f1\" data-id=\"bb8c7f1\" data-element_type=\"column\">\n\t\t\t<div class=\"elementor-widget-wrap\">\n\t\t\t\t\t\t\t<\/div>\n\t\t<\/div>\n\t\t\t\t\t<\/div>\n\t\t<\/section>\n\t\t\t\t<\/div>\n\t\t","protected":false},"excerpt":{"rendered":"<p>\u0130thal Biralar<\/p>\n","protected":false},"author":1,"featured_media":0,"parent":0,"menu_order":0,"comment_status":"closed","ping_status":"closed","template":"","meta":{"inline_featured_image":false,"footnotes":""},"class_list":["post-991450","page","type-page","status-publish","hentry"],"_links":{"self":[{"href":"https:\/\/kavakliderewineshop.ch\/index.php?rest_route=\/wp\/v2\/pages\/991450","targetHints":{"allow":["GET"]}}],"collection":[{"href":"https:\/\/kavakliderewineshop.ch\/index.php?rest_route=\/wp\/v2\/pages"}],"about":[{"href":"https:\/\/kavakliderewineshop.ch\/index.php?rest_route=\/wp\/v2\/types\/page"}],"author":[{"embeddable":true,"href":"https:\/\/kavakliderewineshop.ch\/index.php?rest_route=\/wp\/v2\/users\/1"}],"replies":[{"embeddable":true,"href":"https:\/\/kavakliderewineshop.ch\/index.php?rest_route=%2Fwp%2Fv2%2Fcomments&post=991450"}],"version-history":[{"count":10,"href":"https:\/\/kavakliderewineshop.ch\/index.php?rest_route=\/wp\/v2\/pages\/991450\/revisions"}],"predecessor-version":[{"id":991463,"href":"https:\/\/kavakliderewineshop.ch\/index.php?rest_route=\/wp\/v2\/pages\/991450\/revisions\/991463"}],"wp:attachment":[{"href":"https:\/\/kavakliderewineshop.ch\/index.php?rest_route=%2Fwp%2Fv2%2Fmedia&parent=991450"}],"curies":[{"name":"wp","href":"https:\/\/api.w.org\/{rel}","templated":true}]}}