{"id":991495,"date":"2023-05-31T06:09:45","date_gmt":"2023-05-31T06:09:45","guid":{"rendered":"https:\/\/kavakliderewineshop.ch\/?page_id=991495"},"modified":"2023-06-06T13:27:26","modified_gmt":"2023-06-06T13:27:26","slug":"uzum-sulari","status":"publish","type":"page","link":"https:\/\/kavakliderewineshop.ch\/?page_id=991495","title":{"rendered":"\u00dcz\u00fcm Sular\u0131"},"content":{"rendered":"\t\t<div data-elementor-type=\"wp-page\" data-elementor-id=\"991495\" class=\"elementor elementor-991495\" data-elementor-post-type=\"page\">\n\t\t\t\t\t\t<section class=\"elementor-section elementor-top-section elementor-element elementor-element-3ed5c7b8 elementor-section-height-min-height elementor-section-content-bottom elementor-section-boxed elementor-section-height-default elementor-section-items-middle\" data-id=\"3ed5c7b8\" data-element_type=\"section\" data-settings=\"{&quot;background_background&quot;:&quot;classic&quot;}\">\n\t\t\t\t\t\t\t<div class=\"elementor-background-overlay\"><\/div>\n\t\t\t\t\t\t\t<div class=\"elementor-container elementor-column-gap-default\">\n\t\t\t\t\t<div class=\"elementor-column elementor-col-100 elementor-top-column elementor-element elementor-element-d2bf954 animated-slow elementor-invisible\" data-id=\"d2bf954\" data-element_type=\"column\" data-settings=\"{&quot;animation&quot;:&quot;fadeInUp&quot;}\">\n\t\t\t<div class=\"elementor-widget-wrap\">\n\t\t\t\t\t\t\t<\/div>\n\t\t<\/div>\n\t\t\t\t\t<\/div>\n\t\t<\/section>\n\t\t\t\t<section class=\"elementor-section elementor-top-section elementor-element elementor-element-0bdaf5f elementor-section-boxed elementor-section-height-default elementor-section-height-default\" data-id=\"0bdaf5f\" data-element_type=\"section\">\n\t\t\t\t\t\t<div class=\"elementor-container elementor-column-gap-default\">\n\t\t\t\t\t<div class=\"elementor-column elementor-col-100 elementor-top-column elementor-element elementor-element-149c788\" data-id=\"149c788\" data-element_type=\"column\">\n\t\t\t<div class=\"elementor-widget-wrap elementor-element-populated\">\n\t\t\t\t\t\t<div class=\"elementor-element elementor-element-b287255 elementor-widget elementor-widget-heading\" data-id=\"b287255\" data-element_type=\"widget\" data-widget_type=\"heading.default\">\n\t\t\t\t<div class=\"elementor-widget-container\">\n\t\t\t\t\t<h2 class=\"elementor-heading-title elementor-size-default\">\u00dcz\u00fcm Suyu<\/h2>\t\t\t\t<\/div>\n\t\t\t\t<\/div>\n\t\t\t\t<div class=\"elementor-element elementor-element-fabc0c5 elementor-widget elementor-widget-image\" data-id=\"fabc0c5\" data-element_type=\"widget\" data-widget_type=\"image.default\">\n\t\t\t\t<div class=\"elementor-widget-container\">\n\t\t\t\t\t\t\t\t\t\t\t\t\t\t\t<img decoding=\"async\" width=\"280\" height=\"90\" src=\"https:\/\/kavakliderewineshop.ch\/wp-content\/uploads\/2023\/06\/mascotte.png\" class=\"attachment-large size-large wp-image-991707\" alt=\"\" \/>\t\t\t\t\t\t\t\t\t\t\t\t\t\t\t<\/div>\n\t\t\t\t<\/div>\n\t\t\t\t\t<\/div>\n\t\t<\/div>\n\t\t\t\t\t<\/div>\n\t\t<\/section>\n\t\t\t\t<section class=\"elementor-section elementor-top-section elementor-element elementor-element-3eb49eb3 elementor-reverse-mobile elementor-section-boxed elementor-section-height-default elementor-section-height-default\" data-id=\"3eb49eb3\" data-element_type=\"section\" data-settings=\"{&quot;background_background&quot;:&quot;classic&quot;}\">\n\t\t\t\t\t\t<div class=\"elementor-container elementor-column-gap-default\">\n\t\t\t\t\t<div class=\"elementor-column elementor-col-50 elementor-top-column elementor-element elementor-element-2943a9de animated-slow elementor-invisible\" data-id=\"2943a9de\" data-element_type=\"column\" data-settings=\"{&quot;animation&quot;:&quot;fadeIn&quot;}\">\n\t\t\t<div class=\"elementor-widget-wrap elementor-element-populated\">\n\t\t\t\t\t\t<div class=\"elementor-element elementor-element-dd7ee3d elementor-widget elementor-widget-heading\" data-id=\"dd7ee3d\" data-element_type=\"widget\" data-widget_type=\"heading.default\">\n\t\t\t\t<div class=\"elementor-widget-container\">\n\t\t\t\t\t<h2 class=\"elementor-heading-title elementor-size-default\">K\u0131rm\u0131z\u0131<\/h2>\t\t\t\t<\/div>\n\t\t\t\t<\/div>\n\t\t\t\t<div class=\"elementor-element elementor-element-5e25e91a elementor-widget elementor-widget-text-editor\" data-id=\"5e25e91a\" data-element_type=\"widget\" data-widget_type=\"text-editor.default\">\n\t\t\t\t<div class=\"elementor-widget-container\">\n\t\t\t\t\t\t\t\t\t<p>Kavakl\u0131dere \u015earaplar\u0131\u2019n\u0131n 1988 y\u0131l\u0131ndan beri \u00fcretmekte oldu\u011fu k\u0131rm\u0131z\u0131 \u00fcz\u00fcm suyu, Alicante Bouschet \u00fcz\u00fcm\u00fcnden kabuk ve \u00e7ekirdekleriyle birlikte presleme i\u015flemi sonucu elde edilmektedir. Herhangi bir katk\u0131 maddesi i\u00e7ermez; \u015fi\u015feleme sonras\u0131 hemen past\u00f6rize edilir.%100 saf oldu\u011fu ve konsantre olmad\u0131\u011f\u0131 i\u00e7in \u015fi\u015fede zamanla bulan\u0131kl\u0131k g\u00f6r\u00fclmesi do\u011fald\u0131r. Kanser ve kalp-damar hastal\u0131klar\u0131na kar\u015f\u0131 olumlu etkideki antioksidan bile\u015fikler bak\u0131m\u0131ndan olduk\u00e7a zengin olan ve vitamin i\u00e7eri\u011fiyle de \u00f6zellikle \u00e7ocuklar i\u00e7in faydal\u0131 olan Mascotte K\u0131rm\u0131z\u0131 \u00dcz\u00fcm Suyu\u2019nun, so\u011futularak t\u00fcketilmesi tavsiye edilir.<\/p>\t\t\t\t\t\t\t\t<\/div>\n\t\t\t\t<\/div>\n\t\t\t\t\t<\/div>\n\t\t<\/div>\n\t\t\t\t<div class=\"elementor-column elementor-col-50 elementor-top-column elementor-element elementor-element-3c704e9d\" data-id=\"3c704e9d\" data-element_type=\"column\" data-settings=\"{&quot;background_background&quot;:&quot;classic&quot;}\">\n\t\t\t<div class=\"elementor-widget-wrap elementor-element-populated\">\n\t\t\t\t\t\t<div class=\"elementor-element elementor-element-5e951bab elementor-invisible elementor-widget elementor-widget-image\" data-id=\"5e951bab\" data-element_type=\"widget\" data-settings=\"{&quot;_animation&quot;:&quot;imageGrowWithScaleRight&quot;}\" data-widget_type=\"image.default\">\n\t\t\t\t<div class=\"elementor-widget-container\">\n\t\t\t\t\t\t\t\t\t\t\t\t\t\t\t<img fetchpriority=\"high\" decoding=\"async\" width=\"1200\" height=\"3600\" src=\"https:\/\/kavakliderewineshop.ch\/wp-content\/uploads\/2023\/05\/mascotte_kirmizi_turuncukapak.png\" class=\"attachment-full size-full wp-image-991509\" alt=\"\" srcset=\"https:\/\/kavakliderewineshop.ch\/wp-content\/uploads\/2023\/05\/mascotte_kirmizi_turuncukapak.png 1200w, https:\/\/kavakliderewineshop.ch\/wp-content\/uploads\/2023\/05\/mascotte_kirmizi_turuncukapak-100x300.png 100w, https:\/\/kavakliderewineshop.ch\/wp-content\/uploads\/2023\/05\/mascotte_kirmizi_turuncukapak-341x1024.png 341w, https:\/\/kavakliderewineshop.ch\/wp-content\/uploads\/2023\/05\/mascotte_kirmizi_turuncukapak-768x2304.png 768w, https:\/\/kavakliderewineshop.ch\/wp-content\/uploads\/2023\/05\/mascotte_kirmizi_turuncukapak-512x1536.png 512w, https:\/\/kavakliderewineshop.ch\/wp-content\/uploads\/2023\/05\/mascotte_kirmizi_turuncukapak-683x2048.png 683w\" sizes=\"(max-width: 1200px) 100vw, 1200px\" \/>\t\t\t\t\t\t\t\t\t\t\t\t\t\t\t<\/div>\n\t\t\t\t<\/div>\n\t\t\t\t\t<\/div>\n\t\t<\/div>\n\t\t\t\t\t<\/div>\n\t\t<\/section>\n\t\t\t\t<section class=\"elementor-section elementor-top-section elementor-element elementor-element-67e01e3 elementor-reverse-mobile elementor-section-boxed elementor-section-height-default elementor-section-height-default\" data-id=\"67e01e3\" data-element_type=\"section\" data-settings=\"{&quot;background_background&quot;:&quot;classic&quot;}\">\n\t\t\t\t\t\t<div class=\"elementor-container elementor-column-gap-default\">\n\t\t\t\t\t<div class=\"elementor-column elementor-col-50 elementor-top-column elementor-element elementor-element-4b400e4 animated-slow elementor-invisible\" data-id=\"4b400e4\" data-element_type=\"column\" data-settings=\"{&quot;animation&quot;:&quot;fadeIn&quot;}\">\n\t\t\t<div class=\"elementor-widget-wrap elementor-element-populated\">\n\t\t\t\t\t\t<div class=\"elementor-element elementor-element-d34093f elementor-widget elementor-widget-heading\" data-id=\"d34093f\" data-element_type=\"widget\" data-widget_type=\"heading.default\">\n\t\t\t\t<div class=\"elementor-widget-container\">\n\t\t\t\t\t<h2 class=\"elementor-heading-title elementor-size-default\">Beyaz<\/h2>\t\t\t\t<\/div>\n\t\t\t\t<\/div>\n\t\t\t\t<div class=\"elementor-element elementor-element-2422d97 elementor-widget elementor-widget-text-editor\" data-id=\"2422d97\" data-element_type=\"widget\" data-widget_type=\"text-editor.default\">\n\t\t\t\t<div class=\"elementor-widget-container\">\n\t\t\t\t\t\t\t\t\t<p>Kavakl\u0131dere \u015earaplar\u0131\u2019n\u0131n 1988 y\u0131l\u0131ndan beri \u00fcretmekte oldu\u011fu beyaz \u00fcz\u00fcm suyu, Sultaniye \u00fcz\u00fcm\u00fcnden kabuk ve \u00e7ekirdekleriyle birlikte presleme i\u015flemi sonucu elde edilmektedir. Herhangi bir katk\u0131 maddesi i\u00e7ermez; \u015fi\u015feleme sonras\u0131 hemen past\u00f6rize edilir. %100 saf oldu\u011fu ve konsantre olmad\u0131\u011f\u0131 i\u00e7in \u015fi\u015fede zamanla bulan\u0131kl\u0131k g\u00f6r\u00fclmesi do\u011fald\u0131r. Zengin vitamin i\u00e7eri\u011fiyle \u00f6zellikle \u00e7ocuklar i\u00e7in \u00e7ok faydal\u0131 olan Mascotte Beyaz \u00dcz\u00fcm Suyu\u2019nun, so\u011futularak t\u00fcketilmesi tavsiye edilir.<\/p>\t\t\t\t\t\t\t\t<\/div>\n\t\t\t\t<\/div>\n\t\t\t\t\t<\/div>\n\t\t<\/div>\n\t\t\t\t<div class=\"elementor-column elementor-col-50 elementor-top-column elementor-element elementor-element-9286b8c\" data-id=\"9286b8c\" data-element_type=\"column\" data-settings=\"{&quot;background_background&quot;:&quot;classic&quot;}\">\n\t\t\t<div class=\"elementor-widget-wrap elementor-element-populated\">\n\t\t\t\t\t\t<div class=\"elementor-element elementor-element-7fcd5d9 elementor-invisible elementor-widget elementor-widget-image\" data-id=\"7fcd5d9\" data-element_type=\"widget\" data-settings=\"{&quot;_animation&quot;:&quot;imageGrowWithScaleRight&quot;}\" data-widget_type=\"image.default\">\n\t\t\t\t<div class=\"elementor-widget-container\">\n\t\t\t\t\t\t\t\t\t\t\t\t\t\t\t<img decoding=\"async\" width=\"1200\" height=\"3600\" src=\"https:\/\/kavakliderewineshop.ch\/wp-content\/uploads\/2023\/05\/mascotte_beyaz_turuncukapak.png\" class=\"attachment-full size-full wp-image-991513\" alt=\"\" srcset=\"https:\/\/kavakliderewineshop.ch\/wp-content\/uploads\/2023\/05\/mascotte_beyaz_turuncukapak.png 1200w, https:\/\/kavakliderewineshop.ch\/wp-content\/uploads\/2023\/05\/mascotte_beyaz_turuncukapak-100x300.png 100w, https:\/\/kavakliderewineshop.ch\/wp-content\/uploads\/2023\/05\/mascotte_beyaz_turuncukapak-341x1024.png 341w, https:\/\/kavakliderewineshop.ch\/wp-content\/uploads\/2023\/05\/mascotte_beyaz_turuncukapak-768x2304.png 768w, https:\/\/kavakliderewineshop.ch\/wp-content\/uploads\/2023\/05\/mascotte_beyaz_turuncukapak-512x1536.png 512w, https:\/\/kavakliderewineshop.ch\/wp-content\/uploads\/2023\/05\/mascotte_beyaz_turuncukapak-683x2048.png 683w\" sizes=\"(max-width: 1200px) 100vw, 1200px\" \/>\t\t\t\t\t\t\t\t\t\t\t\t\t\t\t<\/div>\n\t\t\t\t<\/div>\n\t\t\t\t\t<\/div>\n\t\t<\/div>\n\t\t\t\t\t<\/div>\n\t\t<\/section>\n\t\t\t\t<section class=\"elementor-section elementor-top-section elementor-element elementor-element-a81580e elementor-hidden-mobile elementor-section-boxed elementor-section-height-default elementor-section-height-default\" data-id=\"a81580e\" data-element_type=\"section\">\n\t\t\t\t\t\t<div class=\"elementor-container elementor-column-gap-default\">\n\t\t\t\t\t<div class=\"elementor-column elementor-col-100 elementor-top-column elementor-element elementor-element-62ff7fc\" data-id=\"62ff7fc\" data-element_type=\"column\">\n\t\t\t<div class=\"elementor-widget-wrap\">\n\t\t\t\t\t\t\t<\/div>\n\t\t<\/div>\n\t\t\t\t\t<\/div>\n\t\t<\/section>\n\t\t\t\t<section class=\"elementor-section elementor-top-section elementor-element elementor-element-5d5b524 elementor-section-boxed elementor-section-height-default elementor-section-height-default\" data-id=\"5d5b524\" data-element_type=\"section\" data-settings=\"{&quot;background_background&quot;:&quot;classic&quot;}\">\n\t\t\t\t\t\t<div class=\"elementor-container elementor-column-gap-default\">\n\t\t\t\t\t<div class=\"elementor-column elementor-col-100 elementor-top-column elementor-element elementor-element-bb8c7f1\" data-id=\"bb8c7f1\" data-element_type=\"column\">\n\t\t\t<div class=\"elementor-widget-wrap\">\n\t\t\t\t\t\t\t<\/div>\n\t\t<\/div>\n\t\t\t\t\t<\/div>\n\t\t<\/section>\n\t\t\t\t<\/div>\n\t\t","protected":false},"excerpt":{"rendered":"<p>\u00dcz\u00fcm Suyu K\u0131rm\u0131z\u0131 Kavakl\u0131dere \u015earaplar\u0131\u2019n\u0131n 1988 y\u0131l\u0131ndan beri \u00fcretmekte oldu\u011fu k\u0131rm\u0131z\u0131 \u00fcz\u00fcm suyu, Alicante Bouschet \u00fcz\u00fcm\u00fcnden kabuk ve \u00e7ekirdekleriyle birlikte presleme i\u015flemi sonucu elde edilmektedir. Herhangi bir katk\u0131 maddesi i\u00e7ermez; \u015fi\u015feleme sonras\u0131 hemen past\u00f6rize edilir.%100 saf oldu\u011fu ve konsantre olmad\u0131\u011f\u0131 i\u00e7in \u015fi\u015fede zamanla bulan\u0131kl\u0131k g\u00f6r\u00fclmesi do\u011fald\u0131r. Kanser ve kalp-damar hastal\u0131klar\u0131na kar\u015f\u0131 olumlu etkideki antioksidan bile\u015fikler&#8230;<\/p>\n","protected":false},"author":1,"featured_media":0,"parent":0,"menu_order":0,"comment_status":"closed","ping_status":"closed","template":"","meta":{"inline_featured_image":false,"footnotes":""},"class_list":["post-991495","page","type-page","status-publish","hentry"],"_links":{"self":[{"href":"https:\/\/kavakliderewineshop.ch\/index.php?rest_route=\/wp\/v2\/pages\/991495","targetHints":{"allow":["GET"]}}],"collection":[{"href":"https:\/\/kavakliderewineshop.ch\/index.php?rest_route=\/wp\/v2\/pages"}],"about":[{"href":"https:\/\/kavakliderewineshop.ch\/index.php?rest_route=\/wp\/v2\/types\/page"}],"author":[{"embeddable":true,"href":"https:\/\/kavakliderewineshop.ch\/index.php?rest_route=\/wp\/v2\/users\/1"}],"replies":[{"embeddable":true,"href":"https:\/\/kavakliderewineshop.ch\/index.php?rest_route=%2Fwp%2Fv2%2Fcomments&post=991495"}],"version-history":[{"count":16,"href":"https:\/\/kavakliderewineshop.ch\/index.php?rest_route=\/wp\/v2\/pages\/991495\/revisions"}],"predecessor-version":[{"id":991710,"href":"https:\/\/kavakliderewineshop.ch\/index.php?rest_route=\/wp\/v2\/pages\/991495\/revisions\/991710"}],"wp:attachment":[{"href":"https:\/\/kavakliderewineshop.ch\/index.php?rest_route=%2Fwp%2Fv2%2Fmedia&parent=991495"}],"curies":[{"name":"wp","href":"https:\/\/api.w.org\/{rel}","templated":true}]}}