{"id":991745,"date":"2023-06-07T11:56:06","date_gmt":"2023-06-07T11:56:06","guid":{"rendered":"https:\/\/kavakliderewineshop.ch\/?page_id=991745"},"modified":"2023-06-07T12:42:09","modified_gmt":"2023-06-07T12:42:09","slug":"yetenek-programi","status":"publish","type":"page","link":"https:\/\/kavakliderewineshop.ch\/?page_id=991745","title":{"rendered":"Yetenek Program\u0131 Yeni"},"content":{"rendered":"\t\t<div data-elementor-type=\"wp-page\" data-elementor-id=\"991745\" class=\"elementor elementor-991745\" data-elementor-post-type=\"page\">\n\t\t\t\t\t\t<section class=\"elementor-section elementor-top-section elementor-element elementor-element-3ed5c7b8 elementor-section-height-min-height elementor-section-content-bottom elementor-section-boxed elementor-section-height-default elementor-section-items-middle\" data-id=\"3ed5c7b8\" data-element_type=\"section\" data-settings=\"{&quot;background_background&quot;:&quot;classic&quot;}\">\n\t\t\t\t\t\t\t<div class=\"elementor-background-overlay\"><\/div>\n\t\t\t\t\t\t\t<div class=\"elementor-container elementor-column-gap-default\">\n\t\t\t\t\t<div class=\"elementor-column elementor-col-100 elementor-top-column elementor-element elementor-element-45e902d\" data-id=\"45e902d\" data-element_type=\"column\">\n\t\t\t<div class=\"elementor-widget-wrap\">\n\t\t\t\t\t\t\t<\/div>\n\t\t<\/div>\n\t\t\t\t\t<\/div>\n\t\t<\/section>\n\t\t\t\t<section class=\"elementor-section elementor-top-section elementor-element elementor-element-a75c41c elementor-section-height-min-height animated-slow elementor-section-boxed elementor-section-height-default elementor-section-items-middle elementor-invisible\" data-id=\"a75c41c\" data-element_type=\"section\" data-settings=\"{&quot;animation&quot;:&quot;fadeIn&quot;,&quot;animation_delay&quot;:400}\">\n\t\t\t\t\t\t<div class=\"elementor-container elementor-column-gap-default\">\n\t\t\t\t\t<div class=\"elementor-column elementor-col-100 elementor-top-column elementor-element elementor-element-ab19bc3\" data-id=\"ab19bc3\" data-element_type=\"column\">\n\t\t\t<div class=\"elementor-widget-wrap elementor-element-populated\">\n\t\t\t\t\t\t<div class=\"elementor-element elementor-element-28e0964 elementor-absolute elementor-widget elementor-widget-image\" data-id=\"28e0964\" data-element_type=\"widget\" data-settings=\"{&quot;_position&quot;:&quot;absolute&quot;}\" data-widget_type=\"image.default\">\n\t\t\t\t<div class=\"elementor-widget-container\">\n\t\t\t\t\t\t\t\t\t\t\t\t\t\t\t<img fetchpriority=\"high\" decoding=\"async\" width=\"178\" height=\"281\" src=\"https:\/\/kavakliderewineshop.ch\/wp-content\/uploads\/2020\/03\/Vector.png\" class=\"attachment-large size-large wp-image-583\" alt=\"\" \/>\t\t\t\t\t\t\t\t\t\t\t\t\t\t\t<\/div>\n\t\t\t\t<\/div>\n\t\t\t\t<div class=\"elementor-element elementor-element-ccd9709 elementor-widget elementor-widget-heading\" data-id=\"ccd9709\" data-element_type=\"widget\" data-widget_type=\"heading.default\">\n\t\t\t\t<div class=\"elementor-widget-container\">\n\t\t\t\t\t<h2 class=\"elementor-heading-title elementor-size-default\">\u0130nsan Kaynaklar\u0131, Geli\u015fim ve \u0130leti\u015fim<\/h2>\t\t\t\t<\/div>\n\t\t\t\t<\/div>\n\t\t\t\t<div class=\"elementor-element elementor-element-9c6454b elementor-widget elementor-widget-text-editor\" data-id=\"9c6454b\" data-element_type=\"widget\" data-widget_type=\"text-editor.default\">\n\t\t\t\t<div class=\"elementor-widget-container\">\n\t\t\t\t\t\t\t\t\t<h3><span style=\"color: #000000;\"><strong>Yetenek Program\u0131<\/strong><\/span><\/h3>\t\t\t\t\t\t\t\t<\/div>\n\t\t\t\t<\/div>\n\t\t\t\t<div class=\"elementor-element elementor-element-6a3d5d7 elementor-widget elementor-widget-text-editor\" data-id=\"6a3d5d7\" data-element_type=\"widget\" data-widget_type=\"text-editor.default\">\n\t\t\t\t<div class=\"elementor-widget-container\">\n\t\t\t\t\t\t\t\t\t<p style=\"font-size: 22px; text-align: center;\"><b style=\"text-indent: -36pt; color: var( --e-global-color-vamtam_accent_2 ); text-align: center; letter-spacing: var(--vamtam-primary-font-letter-spacing-desktop,normal); text-transform: var(--vamtam-primary-font-transform,none);\"><span style=\"font-family: 'Arial',sans-serif;\">Aday M\u00fchendis ve Staj Program\u0131<\/span><\/b><\/p><hr \/><p style=\"font-size: 18px; text-align: center;\">\u00a0<\/p>\t\t\t\t\t\t\t\t<\/div>\n\t\t\t\t<\/div>\n\t\t\t\t<div class=\"elementor-element elementor-element-98f046d elementor-widget elementor-widget-image\" data-id=\"98f046d\" data-element_type=\"widget\" data-widget_type=\"image.default\">\n\t\t\t\t<div class=\"elementor-widget-container\">\n\t\t\t\t\t\t\t\t\t\t\t\t\t\t\t<img decoding=\"async\" width=\"7952\" height=\"5304\" src=\"https:\/\/kavakliderewineshop.ch\/wp-content\/uploads\/2023\/05\/yetenek_programi_tasarimi.png\" class=\"attachment-full size-full wp-image-991224\" alt=\"\" srcset=\"https:\/\/kavakliderewineshop.ch\/wp-content\/uploads\/2023\/05\/yetenek_programi_tasarimi.png 7952w, https:\/\/kavakliderewineshop.ch\/wp-content\/uploads\/2023\/05\/yetenek_programi_tasarimi-300x200.png 300w, https:\/\/kavakliderewineshop.ch\/wp-content\/uploads\/2023\/05\/yetenek_programi_tasarimi-1024x683.png 1024w, https:\/\/kavakliderewineshop.ch\/wp-content\/uploads\/2023\/05\/yetenek_programi_tasarimi-768x512.png 768w, https:\/\/kavakliderewineshop.ch\/wp-content\/uploads\/2023\/05\/yetenek_programi_tasarimi-1536x1025.png 1536w, https:\/\/kavakliderewineshop.ch\/wp-content\/uploads\/2023\/05\/yetenek_programi_tasarimi-2048x1366.png 2048w\" sizes=\"(max-width: 7952px) 100vw, 7952px\" \/>\t\t\t\t\t\t\t\t\t\t\t\t\t\t\t<\/div>\n\t\t\t\t<\/div>\n\t\t\t\t<div class=\"elementor-element elementor-element-1769f70 elementor-widget elementor-widget-text-editor\" data-id=\"1769f70\" data-element_type=\"widget\" data-widget_type=\"text-editor.default\">\n\t\t\t\t<div class=\"elementor-widget-container\">\n\t\t\t\t\t\t\t\t\t<p style=\"text-align: left;\">Aday m\u00fchendis ve stajyer pozisyonlar\u0131 i\u00e7in \u00fcniversitelerin G\u0131da M\u00fchendisli\u011fi, Kimya M\u00fchendisli\u011fi, Kimya vb. b\u00f6l\u00fcmleri kapsayan fak\u00fcltelerden yeni mezun olmu\u015f veya son s\u0131n\u0131f \u00f6\u011frencisi ile \u00fcniversite \u00f6\u011freniminde zorunlu stajlar\u0131 olan gen\u00e7 yetenekleri \u201cBa\u011fdan Kadehe\u201d yolculu\u011fumuzun bir par\u00e7as\u0131 olarak ba\u011f bozumuna dahil etmekteyiz.<\/p><p style=\"text-align: left;\">Her y\u0131l May\u0131s ve Haziran ay\u0131nda i\u015fe al\u0131m s\u00fcre\u00e7lerini y\u00fcr\u00fctt\u00fc\u011f\u00fcm\u00fcz Aday M\u00fchendis ve Stajyer kariyer f\u0131rsatlar\u0131ndan yararlanabilmek i\u00e7in Kariyer.net ve LinkedIn arac\u0131l\u0131\u011f\u0131yla bizleri takip etmenizi, ilanlar\u0131m\u0131za ba\u015fvuruda bulunman\u0131z\u0131 \u00f6neririz.<\/p><p style=\"text-align: left;\">Kavakl\u0131dere Ba\u011f Bozumu Yolculu\u011fu tan\u0131t\u0131m\u0131 i\u00e7in\u00a0<a href=\"https:\/\/kavakliderewineshop.ch\/wp-content\/uploads\/2023\/05\/IKGI_Bag_Bozumu_Yolculugumuz-1.pdf\"><strong><u>t\u0131klay\u0131n\u0131z.<\/u>\u00a0<\/strong><\/a><\/p>\t\t\t\t\t\t\t\t<\/div>\n\t\t\t\t<\/div>\n\t\t\t\t\t<\/div>\n\t\t<\/div>\n\t\t\t\t\t<\/div>\n\t\t<\/section>\n\t\t\t\t<section class=\"elementor-section elementor-top-section elementor-element elementor-element-49d702e elementor-hidden-desktop elementor-hidden-tablet elementor-hidden-mobile elementor-section-boxed elementor-section-height-default elementor-section-height-default\" data-id=\"49d702e\" data-element_type=\"section\" data-settings=\"{&quot;animation&quot;:&quot;none&quot;}\">\n\t\t\t\t\t\t<div class=\"elementor-container elementor-column-gap-default\">\n\t\t\t\t\t<div class=\"elementor-column elementor-col-100 elementor-top-column elementor-element elementor-element-319a9c6\" data-id=\"319a9c6\" data-element_type=\"column\">\n\t\t\t<div class=\"elementor-widget-wrap elementor-element-populated\">\n\t\t\t\t\t\t<div class=\"elementor-element elementor-element-404df30 elementor-widget__width-initial elementor-align-left elementor-icon-list--layout-inline elementor-list-item-link-full_width elementor-widget elementor-widget-icon-list\" data-id=\"404df30\" data-element_type=\"widget\" data-widget_type=\"icon-list.default\">\n\t\t\t\t<div class=\"elementor-widget-container\">\n\t\t\t\t\t\t\t<ul class=\"elementor-icon-list-items elementor-inline-items\">\n\t\t\t\t\t\t\t<li class=\"elementor-icon-list-item elementor-inline-item\">\n\t\t\t\t\t\t\t\t\t\t\t<a href=\"https:\/\/kavakliderewineshop.ch\/?page_id=989129\">\n\n\t\t\t\t\t\t\t\t\t\t\t\t<span class=\"elementor-icon-list-icon\">\n\t\t\t\t\t\t\t<i aria-hidden=\"true\" class=\"fas fa-check-circle\"><\/i>\t\t\t\t\t\t<\/span>\n\t\t\t\t\t\t\t\t\t\t<span class=\"elementor-icon-list-text\">\u0130\u015eE ALIM<\/span>\n\t\t\t\t\t\t\t\t\t\t\t<\/a>\n\t\t\t\t\t\t\t\t\t<\/li>\n\t\t\t\t\t\t\t\t<li class=\"elementor-icon-list-item elementor-inline-item\">\n\t\t\t\t\t\t\t\t\t\t\t<a href=\"https:\/\/kavakliderewineshop.ch\/?page_id=990864\">\n\n\t\t\t\t\t\t\t\t\t\t\t\t<span class=\"elementor-icon-list-icon\">\n\t\t\t\t\t\t\t<i aria-hidden=\"true\" class=\"fas fa-chalkboard-teacher\"><\/i>\t\t\t\t\t\t<\/span>\n\t\t\t\t\t\t\t\t\t\t<span class=\"elementor-icon-list-text\">YETENEK PROGRAMI<\/span>\n\t\t\t\t\t\t\t\t\t\t\t<\/a>\n\t\t\t\t\t\t\t\t\t<\/li>\n\t\t\t\t\t\t\t\t<li class=\"elementor-icon-list-item elementor-inline-item\">\n\t\t\t\t\t\t\t\t\t\t\t<a href=\"https:\/\/kavakliderewineshop.ch\/?page_id=990878\">\n\n\t\t\t\t\t\t\t\t\t\t\t\t<span class=\"elementor-icon-list-icon\">\n\t\t\t\t\t\t\t<i aria-hidden=\"true\" class=\"fab fa-pagelines\"><\/i>\t\t\t\t\t\t<\/span>\n\t\t\t\t\t\t\t\t\t\t<span class=\"elementor-icon-list-text\">BA\u011e BOZUMU<\/span>\n\t\t\t\t\t\t\t\t\t\t\t<\/a>\n\t\t\t\t\t\t\t\t\t<\/li>\n\t\t\t\t\t\t\t\t<li class=\"elementor-icon-list-item elementor-inline-item\">\n\t\t\t\t\t\t\t\t\t\t\t<a href=\"https:\/\/kavakliderewineshop.ch\/?page_id=990884\">\n\n\t\t\t\t\t\t\t\t\t\t\t\t<span class=\"elementor-icon-list-icon\">\n\t\t\t\t\t\t\t<i aria-hidden=\"true\" class=\"fas fa-book-reader\"><\/i>\t\t\t\t\t\t<\/span>\n\t\t\t\t\t\t\t\t\t\t<span class=\"elementor-icon-list-text\">KAVAKLIDERE AKADEM\u0130<\/span>\n\t\t\t\t\t\t\t\t\t\t\t<\/a>\n\t\t\t\t\t\t\t\t\t<\/li>\n\t\t\t\t\t\t\t\t<li class=\"elementor-icon-list-item elementor-inline-item\">\n\t\t\t\t\t\t\t\t\t\t\t<a href=\"https:\/\/kavakliderewineshop.ch\/?page_id=990892\">\n\n\t\t\t\t\t\t\t\t\t\t\t\t<span class=\"elementor-icon-list-icon\">\n\t\t\t\t\t\t\t<i aria-hidden=\"true\" class=\"fas fa-wine-glass\"><\/i>\t\t\t\t\t\t<\/span>\n\t\t\t\t\t\t\t\t\t\t<span class=\"elementor-icon-list-text\">SATI\u015e OKULU<\/span>\n\t\t\t\t\t\t\t\t\t\t\t<\/a>\n\t\t\t\t\t\t\t\t\t<\/li>\n\t\t\t\t\t\t\t\t<li class=\"elementor-icon-list-item elementor-inline-item\">\n\t\t\t\t\t\t\t\t\t\t\t<a href=\"https:\/\/kavakliderewineshop.ch\/?page_id=990901\">\n\n\t\t\t\t\t\t\t\t\t\t\t\t<span class=\"elementor-icon-list-icon\">\n\t\t\t\t\t\t\t<i aria-hidden=\"true\" class=\"fas fa-map-marked-alt\"><\/i>\t\t\t\t\t\t<\/span>\n\t\t\t\t\t\t\t\t\t\t<span class=\"elementor-icon-list-text\">LOKASYONLARIMIZ VE SAYILARLA KAVAKLIDERE<\/span>\n\t\t\t\t\t\t\t\t\t\t\t<\/a>\n\t\t\t\t\t\t\t\t\t<\/li>\n\t\t\t\t\t\t<\/ul>\n\t\t\t\t\t\t<\/div>\n\t\t\t\t<\/div>\n\t\t\t\t\t<\/div>\n\t\t<\/div>\n\t\t\t\t\t<\/div>\n\t\t<\/section>\n\t\t\t\t<\/div>\n\t\t","protected":false},"excerpt":{"rendered":"<p>\u0130nsan Kaynaklar\u0131, Geli\u015fim ve \u0130leti\u015fim Yetenek Program\u0131 Aday M\u00fchendis ve Staj Program\u0131 Aday m\u00fchendis ve stajyer pozisyonlar\u0131 i\u00e7in \u00fcniversitelerin G\u0131da M\u00fchendisli\u011fi, Kimya M\u00fchendisli\u011fi, Kimya vb. b\u00f6l\u00fcmleri kapsayan fak\u00fcltelerden yeni mezun olmu\u015f veya son s\u0131n\u0131f \u00f6\u011frencisi ile \u00fcniversite \u00f6\u011freniminde zorunlu stajlar\u0131 olan gen\u00e7 yetenekleri \u201cBa\u011fdan Kadehe\u201d yolculu\u011fumuzun bir par\u00e7as\u0131 olarak ba\u011f bozumuna dahil etmekteyiz. Her y\u0131l&#8230;<\/p>\n","protected":false},"author":1,"featured_media":0,"parent":0,"menu_order":0,"comment_status":"closed","ping_status":"closed","template":"","meta":{"inline_featured_image":false,"footnotes":""},"class_list":["post-991745","page","type-page","status-publish","hentry"],"_links":{"self":[{"href":"https:\/\/kavakliderewineshop.ch\/index.php?rest_route=\/wp\/v2\/pages\/991745","targetHints":{"allow":["GET"]}}],"collection":[{"href":"https:\/\/kavakliderewineshop.ch\/index.php?rest_route=\/wp\/v2\/pages"}],"about":[{"href":"https:\/\/kavakliderewineshop.ch\/index.php?rest_route=\/wp\/v2\/types\/page"}],"author":[{"embeddable":true,"href":"https:\/\/kavakliderewineshop.ch\/index.php?rest_route=\/wp\/v2\/users\/1"}],"replies":[{"embeddable":true,"href":"https:\/\/kavakliderewineshop.ch\/index.php?rest_route=%2Fwp%2Fv2%2Fcomments&post=991745"}],"version-history":[{"count":9,"href":"https:\/\/kavakliderewineshop.ch\/index.php?rest_route=\/wp\/v2\/pages\/991745\/revisions"}],"predecessor-version":[{"id":991756,"href":"https:\/\/kavakliderewineshop.ch\/index.php?rest_route=\/wp\/v2\/pages\/991745\/revisions\/991756"}],"wp:attachment":[{"href":"https:\/\/kavakliderewineshop.ch\/index.php?rest_route=%2Fwp%2Fv2%2Fmedia&parent=991745"}],"curies":[{"name":"wp","href":"https:\/\/api.w.org\/{rel}","templated":true}]}}