{"id":991803,"date":"2023-06-08T05:44:34","date_gmt":"2023-06-08T05:44:34","guid":{"rendered":"https:\/\/kavakliderewineshop.ch\/?page_id=991803"},"modified":"2023-06-08T05:47:38","modified_gmt":"2023-06-08T05:47:38","slug":"satis-okulu-yeni","status":"publish","type":"page","link":"https:\/\/kavakliderewineshop.ch\/?page_id=991803","title":{"rendered":"Sat\u0131\u015f Okulu Yeni"},"content":{"rendered":"\t\t<div data-elementor-type=\"wp-page\" data-elementor-id=\"991803\" class=\"elementor elementor-991803\" data-elementor-post-type=\"page\">\n\t\t\t\t\t\t<section class=\"elementor-section elementor-top-section elementor-element elementor-element-3ed5c7b8 elementor-section-height-min-height elementor-section-content-bottom elementor-section-boxed elementor-section-height-default elementor-section-items-middle\" data-id=\"3ed5c7b8\" data-element_type=\"section\" data-settings=\"{&quot;background_background&quot;:&quot;classic&quot;}\">\n\t\t\t\t\t\t\t<div class=\"elementor-background-overlay\"><\/div>\n\t\t\t\t\t\t\t<div class=\"elementor-container elementor-column-gap-default\">\n\t\t\t\t\t<div class=\"elementor-column elementor-col-100 elementor-top-column elementor-element elementor-element-45e902d\" data-id=\"45e902d\" data-element_type=\"column\">\n\t\t\t<div class=\"elementor-widget-wrap\">\n\t\t\t\t\t\t\t<\/div>\n\t\t<\/div>\n\t\t\t\t\t<\/div>\n\t\t<\/section>\n\t\t\t\t<section class=\"elementor-section elementor-top-section elementor-element elementor-element-a75c41c elementor-section-height-min-height animated-slow elementor-section-boxed elementor-section-height-default elementor-section-items-middle elementor-invisible\" data-id=\"a75c41c\" data-element_type=\"section\" data-settings=\"{&quot;animation&quot;:&quot;fadeIn&quot;,&quot;animation_delay&quot;:400}\">\n\t\t\t\t\t\t<div class=\"elementor-container elementor-column-gap-default\">\n\t\t\t\t\t<div class=\"elementor-column elementor-col-100 elementor-top-column elementor-element elementor-element-ab19bc3\" data-id=\"ab19bc3\" data-element_type=\"column\">\n\t\t\t<div class=\"elementor-widget-wrap elementor-element-populated\">\n\t\t\t\t\t\t<div class=\"elementor-element elementor-element-ccd9709 elementor-widget elementor-widget-heading\" data-id=\"ccd9709\" data-element_type=\"widget\" data-widget_type=\"heading.default\">\n\t\t\t\t<div class=\"elementor-widget-container\">\n\t\t\t\t\t<h2 class=\"elementor-heading-title elementor-size-default\">Sat\u0131\u015f Okulu<\/h2>\t\t\t\t<\/div>\n\t\t\t\t<\/div>\n\t\t\t\t<div class=\"elementor-element elementor-element-1769f70 elementor-widget elementor-widget-text-editor\" data-id=\"1769f70\" data-element_type=\"widget\" data-widget_type=\"text-editor.default\">\n\t\t\t\t<div class=\"elementor-widget-container\">\n\t\t\t\t\t\t\t\t\t<p style=\"text-align: left;\">T\u00fcm T\u00fcrkiye Sat\u0131\u015f organizasyonu olarak her hafta \u00f6\u011frenmeye, sat\u0131\u015f deneyimlerine vakit ay\u0131r\u0131yoruz.<\/p><p style=\"text-align: left;\">Geni\u015f yelpazedeki \u00fcr\u00fcnlerimizi yak\u0131ndan tan\u0131yoruz, tad\u0131yoruz, deneyimliyoruz, bilgilerimizi \u00f6l\u00e7\u00fcyoruz, \u00e7al\u0131\u015fanlar\u0131m\u0131zdan dinliyoruz.<\/p><p style=\"text-align: left;\">Sat\u0131\u015f ekibinde g\u00f6rev alan ve bu ekibe destek veren t\u00fcm i\u015f ortaklar\u0131 ile birlikte her hafta bir araya gelerek yenileniyoruz, bilgilerimizi tazeliyoruz,<\/p>\t\t\t\t\t\t\t\t<\/div>\n\t\t\t\t<\/div>\n\t\t\t\t<div class=\"elementor-element elementor-element-cdc389e elementor-widget elementor-widget-image\" data-id=\"cdc389e\" data-element_type=\"widget\" data-widget_type=\"image.default\">\n\t\t\t\t<div class=\"elementor-widget-container\">\n\t\t\t\t\t\t\t\t\t\t\t\t\t\t\t<img fetchpriority=\"high\" decoding=\"async\" width=\"1024\" height=\"576\" src=\"https:\/\/kavakliderewineshop.ch\/wp-content\/uploads\/2023\/05\/satis_okulu-1024x576.png\" class=\"attachment-large size-large wp-image-991228\" alt=\"\" srcset=\"https:\/\/kavakliderewineshop.ch\/wp-content\/uploads\/2023\/05\/satis_okulu-1024x576.png 1024w, https:\/\/kavakliderewineshop.ch\/wp-content\/uploads\/2023\/05\/satis_okulu-300x169.png 300w, https:\/\/kavakliderewineshop.ch\/wp-content\/uploads\/2023\/05\/satis_okulu-768x432.png 768w, https:\/\/kavakliderewineshop.ch\/wp-content\/uploads\/2023\/05\/satis_okulu-1536x864.png 1536w, https:\/\/kavakliderewineshop.ch\/wp-content\/uploads\/2023\/05\/satis_okulu-2048x1152.png 2048w\" sizes=\"(max-width: 1024px) 100vw, 1024px\" \/>\t\t\t\t\t\t\t\t\t\t\t\t\t\t\t<\/div>\n\t\t\t\t<\/div>\n\t\t\t\t\t<\/div>\n\t\t<\/div>\n\t\t\t\t\t<\/div>\n\t\t<\/section>\n\t\t\t\t<section class=\"elementor-section elementor-top-section elementor-element elementor-element-49d702e elementor-hidden-desktop elementor-hidden-tablet elementor-hidden-mobile elementor-section-boxed elementor-section-height-default elementor-section-height-default\" data-id=\"49d702e\" data-element_type=\"section\" data-settings=\"{&quot;animation&quot;:&quot;none&quot;}\">\n\t\t\t\t\t\t<div class=\"elementor-container elementor-column-gap-default\">\n\t\t\t\t\t<div class=\"elementor-column elementor-col-100 elementor-top-column elementor-element elementor-element-319a9c6\" data-id=\"319a9c6\" data-element_type=\"column\">\n\t\t\t<div class=\"elementor-widget-wrap elementor-element-populated\">\n\t\t\t\t\t\t<div class=\"elementor-element elementor-element-404df30 elementor-widget__width-initial elementor-align-left elementor-icon-list--layout-inline elementor-list-item-link-full_width elementor-widget elementor-widget-icon-list\" data-id=\"404df30\" data-element_type=\"widget\" data-widget_type=\"icon-list.default\">\n\t\t\t\t<div class=\"elementor-widget-container\">\n\t\t\t\t\t\t\t<ul class=\"elementor-icon-list-items elementor-inline-items\">\n\t\t\t\t\t\t\t<li class=\"elementor-icon-list-item elementor-inline-item\">\n\t\t\t\t\t\t\t\t\t\t\t<a href=\"https:\/\/kavakliderewineshop.ch\/?page_id=989129\">\n\n\t\t\t\t\t\t\t\t\t\t\t\t<span class=\"elementor-icon-list-icon\">\n\t\t\t\t\t\t\t<i aria-hidden=\"true\" class=\"fas fa-check-circle\"><\/i>\t\t\t\t\t\t<\/span>\n\t\t\t\t\t\t\t\t\t\t<span class=\"elementor-icon-list-text\">\u0130\u015eE ALIM<\/span>\n\t\t\t\t\t\t\t\t\t\t\t<\/a>\n\t\t\t\t\t\t\t\t\t<\/li>\n\t\t\t\t\t\t\t\t<li class=\"elementor-icon-list-item elementor-inline-item\">\n\t\t\t\t\t\t\t\t\t\t\t<a href=\"https:\/\/kavakliderewineshop.ch\/?page_id=990864\">\n\n\t\t\t\t\t\t\t\t\t\t\t\t<span class=\"elementor-icon-list-icon\">\n\t\t\t\t\t\t\t<i aria-hidden=\"true\" class=\"fas fa-chalkboard-teacher\"><\/i>\t\t\t\t\t\t<\/span>\n\t\t\t\t\t\t\t\t\t\t<span class=\"elementor-icon-list-text\">YETENEK PROGRAMI<\/span>\n\t\t\t\t\t\t\t\t\t\t\t<\/a>\n\t\t\t\t\t\t\t\t\t<\/li>\n\t\t\t\t\t\t\t\t<li class=\"elementor-icon-list-item elementor-inline-item\">\n\t\t\t\t\t\t\t\t\t\t\t<a href=\"https:\/\/kavakliderewineshop.ch\/?page_id=990878\">\n\n\t\t\t\t\t\t\t\t\t\t\t\t<span class=\"elementor-icon-list-icon\">\n\t\t\t\t\t\t\t<i aria-hidden=\"true\" class=\"fab fa-pagelines\"><\/i>\t\t\t\t\t\t<\/span>\n\t\t\t\t\t\t\t\t\t\t<span class=\"elementor-icon-list-text\">BA\u011e BOZUMU<\/span>\n\t\t\t\t\t\t\t\t\t\t\t<\/a>\n\t\t\t\t\t\t\t\t\t<\/li>\n\t\t\t\t\t\t\t\t<li class=\"elementor-icon-list-item elementor-inline-item\">\n\t\t\t\t\t\t\t\t\t\t\t<a href=\"https:\/\/kavakliderewineshop.ch\/?page_id=990884\">\n\n\t\t\t\t\t\t\t\t\t\t\t\t<span class=\"elementor-icon-list-icon\">\n\t\t\t\t\t\t\t<i aria-hidden=\"true\" class=\"fas fa-book-reader\"><\/i>\t\t\t\t\t\t<\/span>\n\t\t\t\t\t\t\t\t\t\t<span class=\"elementor-icon-list-text\">KAVAKLIDERE AKADEM\u0130<\/span>\n\t\t\t\t\t\t\t\t\t\t\t<\/a>\n\t\t\t\t\t\t\t\t\t<\/li>\n\t\t\t\t\t\t\t\t<li class=\"elementor-icon-list-item elementor-inline-item\">\n\t\t\t\t\t\t\t\t\t\t\t<a href=\"https:\/\/kavakliderewineshop.ch\/?page_id=990892\">\n\n\t\t\t\t\t\t\t\t\t\t\t\t<span class=\"elementor-icon-list-icon\">\n\t\t\t\t\t\t\t<i aria-hidden=\"true\" class=\"fas fa-wine-glass\"><\/i>\t\t\t\t\t\t<\/span>\n\t\t\t\t\t\t\t\t\t\t<span class=\"elementor-icon-list-text\">SATI\u015e OKULU<\/span>\n\t\t\t\t\t\t\t\t\t\t\t<\/a>\n\t\t\t\t\t\t\t\t\t<\/li>\n\t\t\t\t\t\t\t\t<li class=\"elementor-icon-list-item elementor-inline-item\">\n\t\t\t\t\t\t\t\t\t\t\t<a href=\"https:\/\/kavakliderewineshop.ch\/?page_id=990901\">\n\n\t\t\t\t\t\t\t\t\t\t\t\t<span class=\"elementor-icon-list-icon\">\n\t\t\t\t\t\t\t<i aria-hidden=\"true\" class=\"fas fa-map-marked-alt\"><\/i>\t\t\t\t\t\t<\/span>\n\t\t\t\t\t\t\t\t\t\t<span class=\"elementor-icon-list-text\">LOKASYONLARIMIZ VE SAYILARLA KAVAKLIDERE<\/span>\n\t\t\t\t\t\t\t\t\t\t\t<\/a>\n\t\t\t\t\t\t\t\t\t<\/li>\n\t\t\t\t\t\t<\/ul>\n\t\t\t\t\t\t<\/div>\n\t\t\t\t<\/div>\n\t\t\t\t\t<\/div>\n\t\t<\/div>\n\t\t\t\t\t<\/div>\n\t\t<\/section>\n\t\t\t\t<\/div>\n\t\t","protected":false},"excerpt":{"rendered":"<p>Sat\u0131\u015f Okulu T\u00fcm T\u00fcrkiye Sat\u0131\u015f organizasyonu olarak her hafta \u00f6\u011frenmeye, sat\u0131\u015f deneyimlerine vakit ay\u0131r\u0131yoruz. Geni\u015f yelpazedeki \u00fcr\u00fcnlerimizi yak\u0131ndan tan\u0131yoruz, tad\u0131yoruz, deneyimliyoruz, bilgilerimizi \u00f6l\u00e7\u00fcyoruz, \u00e7al\u0131\u015fanlar\u0131m\u0131zdan dinliyoruz. Sat\u0131\u015f ekibinde g\u00f6rev alan ve bu ekibe destek veren t\u00fcm i\u015f ortaklar\u0131 ile birlikte her hafta bir araya gelerek yenileniyoruz, bilgilerimizi tazeliyoruz, \u0130\u015eE ALIM YETENEK PROGRAMI BA\u011e BOZUMU KAVAKLIDERE AKADEM\u0130&#8230;<\/p>\n","protected":false},"author":1,"featured_media":0,"parent":0,"menu_order":0,"comment_status":"closed","ping_status":"closed","template":"","meta":{"inline_featured_image":false,"footnotes":""},"class_list":["post-991803","page","type-page","status-publish","hentry"],"_links":{"self":[{"href":"https:\/\/kavakliderewineshop.ch\/index.php?rest_route=\/wp\/v2\/pages\/991803","targetHints":{"allow":["GET"]}}],"collection":[{"href":"https:\/\/kavakliderewineshop.ch\/index.php?rest_route=\/wp\/v2\/pages"}],"about":[{"href":"https:\/\/kavakliderewineshop.ch\/index.php?rest_route=\/wp\/v2\/types\/page"}],"author":[{"embeddable":true,"href":"https:\/\/kavakliderewineshop.ch\/index.php?rest_route=\/wp\/v2\/users\/1"}],"replies":[{"embeddable":true,"href":"https:\/\/kavakliderewineshop.ch\/index.php?rest_route=%2Fwp%2Fv2%2Fcomments&post=991803"}],"version-history":[{"count":7,"href":"https:\/\/kavakliderewineshop.ch\/index.php?rest_route=\/wp\/v2\/pages\/991803\/revisions"}],"predecessor-version":[{"id":991813,"href":"https:\/\/kavakliderewineshop.ch\/index.php?rest_route=\/wp\/v2\/pages\/991803\/revisions\/991813"}],"wp:attachment":[{"href":"https:\/\/kavakliderewineshop.ch\/index.php?rest_route=%2Fwp%2Fv2%2Fmedia&parent=991803"}],"curies":[{"name":"wp","href":"https:\/\/api.w.org\/{rel}","templated":true}]}}